{"id":34,"date":"2020-01-21T12:48:01","date_gmt":"2020-01-21T12:48:01","guid":{"rendered":"http:\/\/cristiano.ukrdevs.com\/?page_id=34"},"modified":"2022-11-01T05:15:51","modified_gmt":"2022-11-01T05:15:51","slug":"contact-us","status":"publish","type":"page","link":"https:\/\/saglamcatering.az\/ru\/contact-us\/","title":{"rendered":"\u041a\u043e\u043d\u0442\u0430\u043a\u0442\u044b"},"content":{"rendered":"<div data-elementor-type=\"wp-page\" data-elementor-id=\"34\" class=\"elementor elementor-34\" data-elementor-settings=\"[]\">\n\t\t\t\t\t\t<div class=\"elementor-inner\">\n\t\t\t\t\t\t\t<div class=\"elementor-section-wrap\">\n\t\t\t\t\t\t\t<section data-particle_enable=\"false\" data-particle-mobile-disabled=\"false\" class=\"elementor-section elementor-top-section elementor-element elementor-element-0241b06 elementor-section-boxed elementor-section-height-default elementor-section-height-default\" data-id=\"0241b06\" data-element_type=\"section\">\n\t\t\t\t\t\t<div class=\"elementor-container elementor-column-gap-default\">\n\t\t\t\t\t\t\t<div class=\"elementor-row\">\n\t\t\t\t\t<div class=\"elementor-column elementor-col-100 elementor-top-column elementor-element elementor-element-49ac5ae\" data-id=\"49ac5ae\" data-element_type=\"column\">\n\t\t\t<div class=\"elementor-column-wrap elementor-element-populated\">\n\t\t\t\t\t\t\t<div class=\"elementor-widget-wrap\">\n\t\t\t\t\t\t<div class=\"elementor-element elementor-element-58d58c2 elementor-widget elementor-widget-cristiano_info_blocks\" data-id=\"58d58c2\" data-element_type=\"widget\" data-widget_type=\"cristiano_info_blocks.default\">\n\t\t\t\t<div class=\"elementor-widget-container\">\n\t\t\t\n\t\t<section id=\"contact-details\" class=\"section-block reset\">\n\t\t\t<div class=\"center\">\n\t\t\t\t\t\t\t\t\t<div class=\"section-title v1\">\n\t\t\t\t\t\t\t\t\t\t\t\t\t<p class=\"subtitle color-pr-tx\">\u041f\u0440\u0438\u0445\u043e\u0434\u0438\u0442\u0435 \u043a \u043d\u0430\u043c<\/p>\n\t\t\t\t\t\t\t\t\t\t\t\t<h3 class=\"font-heading\">\u041d\u0430\u0448\u0435 \u043c\u0435\u0441\u0442\u043e \u043d\u0430\u0445\u043e\u0436\u0434\u0435\u043d\u0438\u044f<\/h3>\n\t\t\t\t\t<\/div>\n\t\t\t\t\t\t\t\t\t\t\t\t\t<div class=\"cols-4 margin-large\">\n\t\t\t\t\t\t\t\t\t\t\t\t\t<div>\n\t\t\t\t\t\t\t\t<div class=\"box\">\n\t\t\t\t\t\t\t\t\t<h3 class=\"font-title\">\u0422\u0435\u043b\u0435\u0444\u043e\u043d\u044b<\/h3>\n\t\t\t\t\t\t\t\t\t<div class=\"content\"><p><a href=\"tel:0124041816\">(+994) 12 404 18 16<\/a><\/p>\n<p><a href=\"tel:0504061816\">(+994) 50 406 18 16<\/a><\/p>\n<\/div>\n\t\t\t\t\t\t\t\t\t<span class=\"icon color-pr-bg fas fa-phone\"><\/span>\n\t\t\t\t\t\t\t\t<\/div>\n\t\t\t\t\t\t\t<\/div>\n\t\t\t\t\t\t\t\t\t\t\t\t\t<div>\n\t\t\t\t\t\t\t\t<div class=\"box\">\n\t\t\t\t\t\t\t\t\t<h3 class=\"font-title\">\u0410\u0434\u0440\u0435\u0441<\/h3>\n\t\t\t\t\t\t\t\t\t<div class=\"content\"><p>\u0410\u0437\u0435\u0440\u0431\u0430\u0439\u0434\u0436\u0430\u043d, \u0411\u0430\u043a\u0443, AZ1141, \u0443\u043b. \u0413\u0430\u0441\u0430\u043d \u041c\u0435\u0434\u0436\u0438\u0434\u043e\u0432 14, \u201cAlmaz Park\u201d 2-\u043e\u0439 \u044d\u0442\u0430\u0436<\/p>\n<\/div>\n\t\t\t\t\t\t\t\t\t<span class=\"icon color-pr-bg fas fa-map-marker-alt\"><\/span>\n\t\t\t\t\t\t\t\t<\/div>\n\t\t\t\t\t\t\t<\/div>\n\t\t\t\t\t\t\t\t\t\t\t\t\t<div>\n\t\t\t\t\t\t\t\t<div class=\"box\">\n\t\t\t\t\t\t\t\t\t<h3 class=\"font-title\">Email<\/h3>\n\t\t\t\t\t\t\t\t\t<div class=\"content\"><p><a href=\"mailto:office@saglamcatering.az\">office@saglamcatering.az<\/a><\/p>\n<\/div>\n\t\t\t\t\t\t\t\t\t<span class=\"icon color-pr-bg fas fa-mail-bulk\"><\/span>\n\t\t\t\t\t\t\t\t<\/div>\n\t\t\t\t\t\t\t<\/div>\n\t\t\t\t\t\t\t\t\t\t\t\t\t<div>\n\t\t\t\t\t\t\t\t<div class=\"box\">\n\t\t\t\t\t\t\t\t\t<h3 class=\"font-title\">Sat\u0131\u015f n\u00f6qt\u0259l\u0259ri<\/h3>\n\t\t\t\t\t\t\t\t\t<div class=\"content\"><p>1. S\u0259m\u0259d Vur\u011fun 75B \"Bolmart\"<br \/>\n2. B\u0259\u015fir B\u00fcnyadov \"Grandmart\"<br \/>\n3. Mir C\u0259lal 72 k\u00fc\u00e7\u0259si Bolmart market<br \/>\n4. Altes plaza, 501 \u0130smay\u0131l B\u0259y Qutqa\u015f\u0131nl\u0131 Grandmart<\/p>\n<\/div>\n\t\t\t\t\t\t\t\t\t<span class=\"icon color-pr-bg fas fa-store\"><\/span>\n\t\t\t\t\t\t\t\t<\/div>\n\t\t\t\t\t\t\t<\/div>\n\t\t\t\t\t\t\t\t\t\t\t<\/div>\n\t\t\t\t\t\t\t<\/div>\n\t\t<\/section>\n\t\t\n\t\t\t\t<\/div>\n\t\t\t\t<\/div>\n\t\t\t\t\t\t<\/div>\n\t\t\t\t\t<\/div>\n\t\t<\/div>\n\t\t\t\t\t\t\t\t<\/div>\n\t\t\t\t\t<\/div>\n\t\t<\/section>\n\t\t\t\t<section data-particle_enable=\"false\" data-particle-mobile-disabled=\"false\" class=\"elementor-section elementor-top-section elementor-element elementor-element-17f766a elementor-section-boxed elementor-section-height-default elementor-section-height-default\" data-id=\"17f766a\" data-element_type=\"section\">\n\t\t\t\t\t\t<div class=\"elementor-container elementor-column-gap-default\">\n\t\t\t\t\t\t\t<div class=\"elementor-row\">\n\t\t\t\t\t<div class=\"elementor-column elementor-col-100 elementor-top-column elementor-element elementor-element-25a7ee7\" data-id=\"25a7ee7\" data-element_type=\"column\">\n\t\t\t<div class=\"elementor-column-wrap elementor-element-populated\">\n\t\t\t\t\t\t\t<div class=\"elementor-widget-wrap\">\n\t\t\t\t\t\t<div class=\"elementor-element elementor-element-bbfdf51 elementor-widget elementor-widget-cristiano_contact_form\" data-id=\"bbfdf51\" data-element_type=\"widget\" data-widget_type=\"cristiano_contact_form.default\">\n\t\t\t\t<div class=\"elementor-widget-container\">\n\t\t\t\t\t\n\t\t\n\t\t<section id=\"contact-form\" class=\"section-block\">\n\t\t\t\t\t\t<div class=\"center\">\n\t\t\t\t\t\t\t\t\t<div class=\"section-title v1\">\n\t\t\t\t\t\t\t\t\t\t\t\t\t<p class=\"subtitle color-pr-tx\">\u041e\u0442\u043f\u0440\u0430\u0432\u0438\u0442\u044c \u0441\u043e\u043e\u0431\u0449\u0435\u043d\u0438\u0435<\/p>\n\t\t\t\t\t\t\t\t\t\t\t\t<h3 class=\"font-heading\">\u041a\u043e\u043d\u0442\u0430\u043a\u0442\u043d\u044b\u0435 \u0444\u043e\u0440\u043c\u044b<\/h3>\n\t\t\t\t\t<\/div>\n\t\t\t\t\t\t\t\t\t\n\t\t\t\t<form id=\"ajax-contact\" method=\"post\" action=\"https:\/\/saglamcatering.az\/wp-admin\/admin-ajax.php\" data-trp-original-action=\"https:\/\/saglamcatering.az\/wp-admin\/admin-ajax.php\">\n\t\t\t\t\t<div id=\"form-messages\" class=\"submit-form-message\"><\/div>\n\t\t\t\t\t<div class=\"form-items\">\n\t\t\t\t\t\t<div class=\"cols-3 margin-large\">\n\t\t\t\t\t\t\t<div class=\"form-item\">\n\t\t\t\t\t\t\t\t<label for=\"input-name\">\u0412\u0430\u0448\u0435 \u0438\u043c\u044f *<\/label>\n\t\t\t\t\t\t\t\t<input type=\"text\" id=\"input-name\" name=\"name\" class=\"required\">\n\t\t\t\t\t\t\t<\/div>\n\t\t\t\t\t\t\t<div class=\"form-item\">\n\t\t\t\t\t\t\t\t<label for=\"input-email\">\u0412\u0430\u0448 Email *<\/label>\n\t\t\t\t\t\t\t\t<input type=\"email\" id=\"input-email\" name=\"email\" class=\"required\">\n\t\t\t\t\t\t\t<\/div>\n\t\t\t\t\t\t\t<div class=\"form-item\">\n\t\t\t\t\t\t\t\t<label for=\"input-phone\">\u0412\u0430\u0448 \u0442\u0435\u043b\u0435\u0444\u043e\u043d<\/label>\n\t\t\t\t\t\t\t\t<input type=\"tel\" id=\"input-phone\" name=\"phone\" >\n\t\t\t\t\t\t\t<\/div>\t\t\t\t\t\t\t\n\t\t\t\t\t\t<\/div>\n\t\t\t\t\t\t<div class=\"form-item\">\n\t\t\t\t\t\t\t<label for=\"textarea-message\">\u0421\u043e\u043e\u0431\u0449\u0435\u043d\u0438\u0435 *<\/label>\n\t\t\t\t\t\t\t<textarea id=\"textarea-message\" name=\"message\" class=\"required\"><\/textarea>\n\t\t\t\t\t\t<\/div>\n\t\t\t\t\t<\/div>\n\t\t\t\t\t<div class=\"align-center-margin\">\n\t\t\t\t\t\t\t\t\t\t\t\t<button type=\"submit\" class=\"btn-form btn btn-default btn-lg\">Send Message<\/button>\n\t\t\t\t\t<\/div>\n\t\t\t\t<input type=\"hidden\" name=\"trp-form-language\" value=\"ru\"\/><\/form>\n\t\t\t<\/div>\t\n\t\t<\/section>\n\t\t<script>\n\t\t\tjQuery(document).ready(function($) {\n\t\t\t\tjQuery('#ajax-contact').on('submit', function(e) {\n\t\t\t\t\te.preventDefault();\n\t\t\t\t\tvar formMessages = $('#form-messages');\n\t\t\t\t\tvar form = jQuery(this);\t\t\t\t\n\t\t\t\t\tfunction validate(){\n\t\t\t\t\t\tform.find('[name]').each(function(index, value){\n\t\t\t\t\t\t\tvar that = $(this),\n\t\t\t\t\t\t\t\t value = that.val(),\n\t\t\t\t\t\t\t\tname = that.attr('name');\t\t\n\t\t\t\t\t\t\t\n\t\t\t\t\t\t\tif(that.hasClass('required')) {\n\t\t\t\t\t\t\t\tif(value == '' || value.length < 3 && value.length > 50) {\n\t\t\t\t\t\t\t\t\tthat.addClass('error');\n\t\t\t\t\t\t\t\t} else {\n\t\t\t\t\t\t\t\t\tthat.removeClass('error');\n\t\t\t\t\t\t\t\t}\n\t\t\t\t\t\t\t\tif(name == 'phone') {\n\t\t\t\t\t\t\t\t\tif(!value.match(\/[1-4-+]\/g)) {\n\t\t\t\t\t\t\t\t\t\tthat.addClass('error');\n\t\t\t\t\t\t\t\t\t}\n\t\t\t\t\t\t\t\t}\n\t\t\t\t\t\t\t\tif(name == 'email') {\n\t\t\t\t\t\t\t\t\tif(!value.match(\/^([\\w-]+(?:\\.[\\w-]+)*)@((?:[\\w-]+\\.)*\\w[\\w-]{0,66})\\.([a-z]{2,6}(?:\\.[a-z]{2})?)$\/i)) {\n\t\t\t\t\t\t\t\t\t\tthat.addClass('error');\n\t\t\t\t\t\t\t\t\t}\n\t\t\t\t\t\t\t\t}\n\t\t\t\t\t\t\t}\n\t\t\t\t\t\t});\n\t\t\t\t\t\tif(form.find('.required').hasClass('error')) {\n\t\t\t\t\t\t\treturn false;\n\t\t\t\t\t\t}\n\t\t\t\t\t\treturn true;\t\t\t\t\t\t\t\t\t\t\t\t\t \t\t\t\t \t\t\t\t\t\n\t\t\t\t\t}\n\t\t\t\t\tif(validate()) {\n\t\t\t\t\t\t\t\t\t\t\t   \n\t\t\t\t\t\tvar data = {\n\t\t\t\t\t\t\taction: 'contact_submit',\n\t\t\t\t\t\t\tform_data: form.serialize()\n\t\t\t\t\t\t}; \t\t\n\t\t\t\t\t\n\t\t\t\t\t\tvar test = jQuery.post( form.attr('action'), data, function(response) {\n\t\t\t\t\t\t\tvar response  = (jQuery.parseJSON(response));\n\t\t\t\t\t\t\t\/\/ Make sure that the formMessages div has the 'success' class.\n\t\t\t\t\t\t\t$(formMessages).removeClass('error');\n\t\t\t\t\t\t\t$(formMessages).addClass(response.class);\n\t\t\t\t\t\t\n\t\t\t\t\t\t\t\/\/ Set the message text.\n\t\t\t\t\t\t\t$(formMessages).text(response.message);\n\t\t\t\t\t\t\t\n\t\t\t\t\t\t\tif(response.class == 'success') {\n\t\t\t\t\t\t\t\tform[0].reset();   \n\t\t\t\t\t\t\t}\n\t\t\t\t\t\t\n\t\t\t\t\t\t\t\/\/$('#reservation-submit').prop(\"disabled\", true);\n\t\t\t\t\t\t});\n\t\t\t\t\t}\t\t\t\t\t\t\t\t\t\t\t\t\t\t  \t\t\t\n\t\t\t\t});\t\n\t\t\t});\t\n\t\t<\/script>\n\t\t\n\t\t\t\n\t\t\t\t<\/div>\n\t\t\t\t<\/div>\n\t\t\t\t\t\t<\/div>\n\t\t\t\t\t<\/div>\n\t\t<\/div>\n\t\t\t\t\t\t\t\t<\/div>\n\t\t\t\t\t<\/div>\n\t\t<\/section>\n\t\t\t\t\t\t<\/div>\n\t\t\t\t\t\t<\/div>\n\t\t\t\t\t<\/div>","protected":false},"excerpt":{"rendered":"<p>Bizi ziyar\u0259t edin Bizim m\u0259kan\u0131m\u0131z Telefonlar (+994) 12 404 18 16 (+994) 50 406 18 16 \u00dcnvan Az\u0259rbaycan , Bak\u0131 AZ1141, H\u0259s\u0259n M\u0259cidov k\u00fc\u00e7., 14, \u201cAlmaz Park\u201d 2-ci m\u0259rt\u0259b\u0259 Email&#8230;<\/p>","protected":false},"author":1,"featured_media":2080,"parent":0,"menu_order":-6,"comment_status":"closed","ping_status":"closed","template":"","meta":[],"_links":{"self":[{"href":"https:\/\/saglamcatering.az\/ru\/wp-json\/wp\/v2\/pages\/34"}],"collection":[{"href":"https:\/\/saglamcatering.az\/ru\/wp-json\/wp\/v2\/pages"}],"about":[{"href":"https:\/\/saglamcatering.az\/ru\/wp-json\/wp\/v2\/types\/page"}],"author":[{"embeddable":true,"href":"https:\/\/saglamcatering.az\/ru\/wp-json\/wp\/v2\/users\/1"}],"replies":[{"embeddable":true,"href":"https:\/\/saglamcatering.az\/ru\/wp-json\/wp\/v2\/comments?post=34"}],"version-history":[{"count":32,"href":"https:\/\/saglamcatering.az\/ru\/wp-json\/wp\/v2\/pages\/34\/revisions"}],"predecessor-version":[{"id":2168,"href":"https:\/\/saglamcatering.az\/ru\/wp-json\/wp\/v2\/pages\/34\/revisions\/2168"}],"wp:featuredmedia":[{"embeddable":true,"href":"https:\/\/saglamcatering.az\/ru\/wp-json\/wp\/v2\/media\/2080"}],"wp:attachment":[{"href":"https:\/\/saglamcatering.az\/ru\/wp-json\/wp\/v2\/media?parent=34"}],"curies":[{"name":"wp","href":"https:\/\/api.w.org\/{rel}","templated":true}]}}