{"id":1152,"date":"2021-01-08T19:47:45","date_gmt":"2021-01-08T19:47:45","guid":{"rendered":"https:\/\/saglamcatering.az\/?page_id=1152"},"modified":"2021-02-08T05:27:48","modified_gmt":"2021-02-08T05:27:48","slug":"haqqimizda","status":"publish","type":"page","link":"https:\/\/saglamcatering.az\/ru\/haqqimizda\/","title":{"rendered":"\u041e \u043d\u0430\u0441"},"content":{"rendered":"<div data-elementor-type=\"wp-page\" data-elementor-id=\"1152\" class=\"elementor elementor-1152\" data-elementor-settings=\"[]\">\n\t\t\t\t\t\t<div class=\"elementor-inner\">\n\t\t\t\t\t\t\t<div class=\"elementor-section-wrap\">\n\t\t\t\t\t\t\t<section data-particle_enable=\"false\" data-particle-mobile-disabled=\"false\" class=\"elementor-section elementor-top-section elementor-element elementor-element-f220598 elementor-section-full_width elementor-section-height-default elementor-section-height-default\" data-id=\"f220598\" data-element_type=\"section\" data-settings=\"{&quot;background_background&quot;:&quot;classic&quot;}\">\n\t\t\t\t\t\t<div class=\"elementor-container elementor-column-gap-default\">\n\t\t\t\t\t\t\t<div class=\"elementor-row\">\n\t\t\t\t\t<div class=\"elementor-column elementor-col-100 elementor-top-column elementor-element elementor-element-81461c7\" data-id=\"81461c7\" data-element_type=\"column\" data-settings=\"{&quot;background_background&quot;:&quot;classic&quot;}\">\n\t\t\t<div class=\"elementor-column-wrap elementor-element-populated\">\n\t\t\t\t\t<div class=\"elementor-background-overlay\"><\/div>\n\t\t\t\t\t\t\t<div class=\"elementor-widget-wrap\">\n\t\t\t\t\t\t<div class=\"elementor-element elementor-element-b85b4ce elementor-widget elementor-widget-text-editor\" data-id=\"b85b4ce\" data-element_type=\"widget\" data-widget_type=\"text-editor.default\">\n\t\t\t\t<div class=\"elementor-widget-container\">\n\t\t\t\t\t<div class=\"elementor-text-editor elementor-clearfix\"><p>&#8220;<strong>Sa\u011flam Catering&#8221;<\/strong> \u0431\u044b\u043b\u0430 \u0443\u0447\u0440\u0435\u0436\u0434\u0435\u043d\u0430 \u0432 2017 \u0433\u043e\u0434\u0443,<\/p><p>&#8220;<strong>Sa\u011flam Catering&#8221;<\/strong> \u043c\u044b \u043f\u0440\u0435\u0434\u043e\u0441\u0442\u0430\u0432\u043b\u044f\u0435\u043c \u043e\u0440\u0433\u0430\u043d\u0438\u0437\u0430\u0446\u0438\u044f\u043c, \u0433\u0440\u0430\u0436\u0434\u0430\u043d\u0430\u043c \u0438 \u0433\u043e\u0441\u0442\u044f\u043c \u0441\u0442\u0440\u0430\u043d\u044b \u0432\u044b\u0441\u043e\u043a\u043e\u043a\u0430\u0447\u0435\u0441\u0442\u0432\u0435\u043d\u043d\u044b\u0435 \u0443\u0441\u043b\u0443\u0433\u0438 \u043f\u043e \u0441\u043b\u0435\u0434\u0443\u044e\u0449\u0438\u043c \u043d\u0430\u043f\u0440\u0430\u0432\u043b\u0435\u043d\u0438\u044f\u043c:<\/p><ul><li>\u041a\u043e\u0440\u043f\u043e\u0440\u0430\u0442\u0438\u0432\u043d\u043e\u0435 \u043f\u0438\u0442\u0430\u043d\u0438\u0435 (\u043a\u0435\u0439\u0442\u0435\u0440\u0438\u043d\u0433).<\/li><li>\u041e\u0431\u0441\u043b\u0443\u0436\u0438\u0432\u0430\u043d\u0438\u044f \u0434\u0435\u043b\u043e\u0432\u044b\u0445 \u0438 \u0440\u0430\u0437\u0432\u043b\u0435\u043a\u0430\u0442\u0435\u043b\u044c\u043d\u044b\u0439 \u043c\u0435\u0440\u043e\u043f\u0440\u0438\u044f\u0442\u0438\u0439. (\u0448\u0432\u0435\u0434\u0441\u043a\u0438\u0439 \u0441\u0442\u043e\u043b, \u0431\u0430\u043d\u043a\u0435\u0442, \u0444\u0443\u0440\u0448\u0435\u0442, \u043a\u043e\u0444\u0435-\u0431\u0440\u0435\u0439\u043a \u0438 \u043f\u0440\u043e\u0447\u0435\u0435).<\/li><li class=\" translation-block\">\u041f\u0440\u043e\u0434\u0430\u0436\u0430 \u0442\u043e\u043b\u044c\u043a\u043e \u0447\u0442\u043e \u043f\u0440\u0438\u0433\u043e\u0442\u043e\u0432\u043b\u0435\u043d\u043d\u043e\u0439 \u0435\u0434\u044b: \u043f\u0438\u0440\u043e\u0433\u043e\u0432 \u0438 \u0434\u0435\u043b\u0438\u043a\u0430\u0442\u0435\u0441\u043e\u0432 \u0432 \u0440\u043e\u0437\u043d\u0438\u0446\u0443, \u043f\u043e\u0441\u0440\u0435\u0434\u0441\u0442\u0432\u043e\u043c \u043e\u0434\u043d\u043e\u0438\u043c\u0435\u043d\u043d\u043e\u0433\u043e \u043c\u0430\u0433\u0430\u0437\u0438\u043d\u0430. \u201c<strong>Sa\u011flam Catering\u201d<\/strong> \u0432\u0441\u0435\u0433\u0434\u0430 \u0443\u0434\u0438\u0432\u0438\u0442 \u0412\u0430\u0441 \u0448\u0438\u0440\u043e\u043a\u0438\u043c \u0432\u044b\u0431\u043e\u0440\u043e\u043c \u0438 \u0440\u0430\u0437\u043d\u043e\u043e\u0431\u0440\u0430\u0437\u0438\u0435\u043c \u0435\u0434\u044b. \u041a\u0443\u0440\u044c\u0435\u0440\u044b \u043c\u0430\u0433\u0430\u0437\u0438\u043d\u0430 \u0434\u043e\u0441\u0442\u0430\u0432\u044f\u0442 \u0433\u043e\u0440\u044f\u0447\u0443\u044e \u0435\u0434\u0443 \u043f\u043e \u0412\u0430\u0448\u0435\u043c\u0443 \u0430\u0434\u0440\u0435\u0441\u0443.<\/li><li>\u041f\u043e\u043b\u0435\u0432\u0430\u044f \u043a\u0443\u0445\u043d\u044f \u2013 \u043c\u043e\u0431\u0438\u043b\u044c\u043d\u043e\u0435 \u043f\u0438\u0442\u0430\u043d\u0438\u0435 \u043d\u0430 \u0412\u0430\u0448\u0435\u0439 \u043f\u043b\u043e\u0449\u0430\u0434\u043a\u0435 \u2013 \u0431\u044b\u0441\u0442\u0440\u043e \u043d\u0430\u0431\u0438\u0440\u0430\u044e\u0449\u0435\u0435 \u043f\u043e\u043f\u0443\u043b\u044f\u0440\u043d\u043e\u0441\u0442\u044c \u043d\u0430\u043f\u0440\u0430\u0432\u043b\u0435\u043d\u0438\u0435.<\/li><\/ul><p>\u041c\u0438\u0441\u0441\u0438\u044f \u043d\u0430\u0448\u0435\u0439 \u043a\u043e\u043c\u043f\u0430\u043d\u0438\u0438: \u0436\u0435\u043b\u0430\u043d\u0438\u0435 \u043a\u0430\u0447\u0435\u0441\u0442\u0432\u0435\u043d\u043d\u043e, \u0432\u043a\u0443\u0441\u043d\u043e \u0438 \u043f\u043e \u0434\u043e\u0441\u0442\u0443\u043f\u043d\u043e\u0439 \u0446\u0435\u043d\u0435 \u043a\u043e\u0440\u043c\u0438\u0442\u044c \u043b\u044e\u0434\u0435\u0439. \u041c\u044b \u0433\u043e\u0442\u043e\u0432\u0438\u043c \u0438\u0437 \u0441\u0432\u0435\u0436\u0438\u0445 \u043f\u0440\u043e\u0434\u0443\u043a\u0442\u043e\u0432, \u043f\u0440\u0438\u0434\u0435\u0440\u0436\u0438\u0432\u0430\u0435\u043c\u0441\u044f \u0444\u0438\u043b\u043e\u0441\u043e\u0444\u0438\u0438 \u0437\u0434\u043e\u0440\u043e\u0432\u043e\u0433\u043e \u043f\u0438\u0442\u0430\u043d\u0438\u044f \u0438 \u043e\u0441\u043e\u0437\u043d\u0430\u043d\u043d\u043e\u0433\u043e \u043f\u043e\u0442\u0440\u0435\u0431\u043b\u0435\u043d\u0438\u044f, \u0442\u0440\u0435\u043f\u0435\u0442\u043d\u043e \u043f\u043e\u0434\u0445\u043e\u0434\u0438\u043c \u043a \u043a\u0430\u0436\u0434\u043e\u043c\u0443 \u0437\u0430\u043a\u0430\u0437\u0443 \u043d\u0430 \u0432\u044b\u0435\u0437\u0434\u043d\u043e\u0435 \u043e\u0431\u0441\u043b\u0443\u0436\u0438\u0432\u0430\u043d\u0438\u0435 \u0438 \u0441\u043e\u0437\u0434\u0430\u0435\u043c \u0438\u043d\u0434\u0438\u0432\u0438\u0434\u0443\u0430\u043b\u044c\u043d\u043e\u0435 \u043c\u0435\u043d\u044e \u0434\u043b\u044f \u043a\u0430\u0436\u0434\u043e\u0433\u043e \u043a\u043b\u0438\u0435\u043d\u0442\u0430 \u043f\u0440\u0438 \u043f\u043e\u043c\u043e\u0449\u0438 \u0432\u044b\u0441\u043e\u043a\u043e\u043f\u0440\u043e\u0444\u0435\u0441\u0441\u0438\u043e\u043d\u0430\u043b\u044c\u043d\u044b\u0445 \u0441\u043f\u0435\u0446\u0438\u0430\u043b\u0438\u0441\u0442\u043e\u0432-\u0434\u0438\u0435\u0442\u043e\u043b\u043e\u0433\u043e\u0432. \u041d\u0430\u0448\u0438 \u0431\u043b\u044e\u0434\u0430 \u0432\u0441\u0435\u0433\u0434\u0430 \u0440\u0430\u0437\u043d\u043e\u043e\u0431\u0440\u0430\u0437\u043d\u044b, \u0441\u0431\u0430\u043b\u0430\u043d\u0441\u0438\u0440\u043e\u0432\u0430\u043d\u043d\u043e \u043a\u0430\u043b\u043e\u0440\u0438\u0439\u043d\u044b \u0438 \u043d\u0435\u0437\u0430\u0431\u044b\u0432\u0430\u0435\u043c\u043e \u0432\u043a\u0443\u0441\u043d\u044b.<\/p><p>&#8220;<strong>Sa\u011flam Catering&#8221;<\/strong> \u0432\u043b\u0430\u0434\u0435\u0435\u0442 \u0432\u0441\u0435\u043c \u043d\u0435\u043e\u0431\u0445\u043e\u0434\u0438\u043c\u044b\u043c \u043e\u0431\u043e\u0440\u0443\u0434\u043e\u0432\u0430\u043d\u0438\u0435\u043c \u0438 \u0441\u043e\u0431\u0441\u0442\u0432\u0435\u043d\u043d\u044b\u043c \u0438\u043d\u0432\u0435\u043d\u0442\u0430\u0440\u0435\u043c \u0434\u043b\u044f \u043e\u0441\u0443\u0449\u0435\u0441\u0442\u0432\u043b\u0435\u043d\u0438\u044f \u0437\u0430\u043a\u0430\u0437\u0430 \u043b\u044e\u0431\u043e\u0439 \u0441\u043b\u043e\u0436\u043d\u043e\u0441\u0442\u0438.<\/p><p>\u041d\u0430\u0448\u0430 \u0444\u0438\u043b\u043e\u0441\u043e\u0444\u0438\u044f:<\/p><ul><li>\u0418\u0441\u043f\u043e\u043b\u044c\u0437\u043e\u0432\u0430\u043d\u0438\u0435 \u0442\u043e\u043b\u044c\u043a\u043e \u0441\u0432\u0435\u0436\u0438\u0445 \u0438 \u043a\u0430\u0447\u0435\u0441\u0442\u0432\u0435\u043d\u043d\u044b\u0445 \u043f\u0440\u043e\u0434\u0443\u043a\u0442\u043e\u0432.<\/li><li>\u041d\u0435\u0443\u043a\u043e\u0441\u043d\u0438\u0442\u0435\u043b\u044c\u043d\u043e\u0435 \u0441\u043b\u0435\u0434\u043e\u0432\u0430\u043d\u0438\u0435 \u0441\u0430\u043d\u0438\u0442\u0430\u0440\u043d\u044b\u043c \u0438 \u0433\u0438\u0433\u0438\u0435\u043d\u0438\u0447\u0435\u0441\u043a\u0438\u043c \u043d\u043e\u0440\u043c\u0430\u043c \u0432 \u043f\u0440\u043e\u0438\u0437\u0432\u043e\u0434\u0441\u0442\u0432\u0435\u043d\u043d\u044b\u0445 \u0446\u0435\u0445\u0430\u0445.<\/li><li>\u041f\u043e\u0434\u0431\u043e\u0440 \u043f\u0440\u043e\u0444\u0435\u0441\u0441\u0438\u043e\u043d\u0430\u043b\u044c\u043d\u044b\u0445 \u0441\u043f\u0435\u0446\u0438\u0430\u043b\u0438\u0441\u0442\u043e\u0432 \u0432\u044b\u0441\u043e\u0447\u0430\u0439\u0448\u0435\u0433\u043e \u043c\u0430\u0441\u0442\u0435\u0440\u0441\u0442\u0432\u0430.<\/li><li>\u0422\u043e\u0447\u043d\u043e\u0435 \u0441\u043b\u0435\u0434\u043e\u0432\u0430\u043d\u0438\u0435 \u0442\u0435\u0445\u043d\u043e\u043b\u043e\u0433\u0438\u0447\u0435\u0441\u043a\u0438\u043c \u043f\u0440\u043e\u0446\u0435\u0441\u0441\u0430\u043c \u043f\u0440\u0438\u0433\u043e\u0442\u043e\u0432\u043b\u0435\u043d\u0438\u044f \u043f\u0438\u0449\u0438.<\/li><li>\u0414\u043e\u0441\u0442\u0430\u0432\u043a\u0430 \u0437\u0430\u043a\u0430\u0437\u043e\u0432 \u043f\u043e \u043f\u0440\u0438\u043d\u0446\u0438\u043f\u0443 \u00ab\u0442\u043e\u0447\u043d\u043e \u0432\u043e\u0432\u0440\u0435\u043c\u044f\u00bb.<\/li><\/ul><\/div>\n\t\t\t\t<\/div>\n\t\t\t\t<\/div>\n\t\t\t\t\t\t<\/div>\n\t\t\t\t\t<\/div>\n\t\t<\/div>\n\t\t\t\t\t\t\t\t<\/div>\n\t\t\t\t\t<\/div>\n\t\t<\/section>\n\t\t\t\t<section data-particle_enable=\"false\" data-particle-mobile-disabled=\"false\" class=\"elementor-section elementor-top-section elementor-element elementor-element-7429c76 elementor-section-boxed elementor-section-height-default elementor-section-height-default\" data-id=\"7429c76\" data-element_type=\"section\">\n\t\t\t\t\t\t<div class=\"elementor-container elementor-column-gap-default\">\n\t\t\t\t\t\t\t<div class=\"elementor-row\">\n\t\t\t\t\t<div class=\"elementor-column elementor-col-100 elementor-top-column elementor-element elementor-element-e455352\" data-id=\"e455352\" data-element_type=\"column\">\n\t\t\t<div class=\"elementor-column-wrap elementor-element-populated\">\n\t\t\t\t\t\t\t<div class=\"elementor-widget-wrap\">\n\t\t\t\t\t\t<div class=\"elementor-element elementor-element-347c4b4 eael-flip-box--3d eael-flipbox-content-align-center elementor-widget elementor-widget-eael-flip-box\" data-id=\"347c4b4\" data-element_type=\"widget\" data-widget_type=\"eael-flip-box.default\">\n\t\t\t\t<div class=\"elementor-widget-container\">\n\t\t\t\n        <div class=\"eael-elements-flip-box-container eael-animate-flip eael-animate-left eael-content\">\n\n            <div class=\"eael-elements-flip-box-flip-card\">\n                <div class=\"eael-elements-flip-box-front-container\">\n\n                    \n                        <div class=\"eael-elements-slider-display-table\">\n                            <div class=\"eael-elements-flip-box-vertical-align\">\n                                <div class=\"eael-elements-flip-box-padding\">\n                                    <div class=\"eael-elements-flip-box-icon-image\">\n                                                                            <\/div>\n                                    <h2 class=\"eael-elements-flip-box-heading\"><\/h2>\n                                    <div class=\"eael-elements-flip-box-content\">\n                                        <p><p>N\u018fZAK\u018fTL\u0130 X\u0130DM\u018fT H\u018fM\u0130\u015e\u018f \u0130\u015eTAHI ARTIRIR.<\/p><\/p>\n                                    <\/div>\n                                <\/div>\n                            <\/div>\n                        <\/div>\n                                    <\/div>\n\n                <div class=\"eael-elements-flip-box-rear-container\">\n\n                                            <div class=\"eael-elements-slider-display-table\">\n                            <div class=\"eael-elements-flip-box-vertical-align\">\n                                <div class=\"eael-elements-flip-box-padding\">\n                                    \n                                    <h2 class=\"eael-elements-flip-box-heading\"><\/h2>\n                                    <div class=\"eael-elements-flip-box-content\">\n                                        <p><p>\u0412\u043a\u0443\u0441\u043d\u044b\u0439 \u043f\u043e\u043b\u0435\u0437\u043d\u044b\u0439 \u0441\u0435\u0440\u0432\u0438\u0441<\/p><\/p>\n                                    <\/div>\n\n                                                                    <\/div>\n                            <\/div>\n                        <\/div>\n                                    <\/div>\n            <\/div>\n        <\/div>\n\n\t\t<\/div>\n\t\t\t\t<\/div>\n\t\t\t\t\t\t<\/div>\n\t\t\t\t\t<\/div>\n\t\t<\/div>\n\t\t\t\t\t\t\t\t<\/div>\n\t\t\t\t\t<\/div>\n\t\t<\/section>\n\t\t\t\t<section data-particle_enable=\"false\" data-particle-mobile-disabled=\"false\" class=\"elementor-section elementor-top-section elementor-element elementor-element-b897507 elementor-section-boxed elementor-section-height-default elementor-section-height-default\" data-id=\"b897507\" data-element_type=\"section\">\n\t\t\t\t\t\t<div class=\"elementor-container elementor-column-gap-default\">\n\t\t\t\t\t\t\t<div class=\"elementor-row\">\n\t\t\t\t\t<div class=\"elementor-column elementor-col-100 elementor-top-column elementor-element elementor-element-b161d9b\" data-id=\"b161d9b\" data-element_type=\"column\">\n\t\t\t<div class=\"elementor-column-wrap elementor-element-populated\">\n\t\t\t\t\t\t\t<div class=\"elementor-widget-wrap\">\n\t\t\t\t\t\t<div class=\"elementor-element elementor-element-6f1140c elementor-widget elementor-widget-cristiano_article\" data-id=\"6f1140c\" data-element_type=\"widget\" data-widget_type=\"cristiano_article.default\">\n\t\t\t\t<div class=\"elementor-widget-container\">\n\t\t\t\r\n\t\t<div class=\"center\">\r\n\t\t\t<div class=\"article cols-2 no-margin has-post-thumbnail to-left\">\r\n\t\t\t\t<div class=\"image\"><img width=\"675\" height=\"450\" src=\"https:\/\/saglamcatering.az\/wp-content\/uploads\/2021\/01\/shutterstock_1730614765-675x450.jpg\" class=\"attachment-medium size-medium\" alt=\"\" srcset=\"https:\/\/saglamcatering.az\/wp-content\/uploads\/2021\/01\/shutterstock_1730614765-675x450.jpg 675w, https:\/\/saglamcatering.az\/wp-content\/uploads\/2021\/01\/shutterstock_1730614765-830x553.jpg 830w, https:\/\/saglamcatering.az\/wp-content\/uploads\/2021\/01\/shutterstock_1730614765-370x247.jpg 370w, https:\/\/saglamcatering.az\/wp-content\/uploads\/2021\/01\/shutterstock_1730614765-768x512.jpg 768w, https:\/\/saglamcatering.az\/wp-content\/uploads\/2021\/01\/shutterstock_1730614765-16x12.jpg 16w, https:\/\/saglamcatering.az\/wp-content\/uploads\/2021\/01\/shutterstock_1730614765-420x280.jpg 420w, https:\/\/saglamcatering.az\/wp-content\/uploads\/2021\/01\/shutterstock_1730614765.jpg 1040w\" sizes=\"(max-width: 675px) 100vw, 675px\" \/><\/div>\r\n\t\t\t\t<div class=\"details color-content rwd-padding\">\r\n\t\t\t\t\t<h2 class=\"font-title\"><\/h2>\r\n\t\t\t\t\t<p>\u041c\u044b \u0434\u043e\u0440\u043e\u0436\u0438\u043c \u043a\u0430\u0436\u0434\u044b\u043c \u0437\u0430\u043a\u0430\u0437\u0447\u0438\u043a\u043e\u043c, \u043f\u043e\u044d\u0442\u043e\u043c\u0443 \u0433\u043e\u0442\u043e\u0432\u044b \u043f\u0440\u0435\u0434\u043b\u043e\u0436\u0438\u0442\u044c \u0438\u043d\u0434\u0438\u0432\u0438\u0434\u0443\u0430\u043b\u044c\u043d\u044b\u0435 \u0438 \u0443\u043d\u0438\u043a\u0430\u043b\u044c\u043d\u044b\u0435 \u0443\u0441\u043b\u043e\u0432\u0438\u044f \u0441\u043e\u0442\u0440\u0443\u0434\u043d\u0438\u0447\u0435\u0441\u0442\u0432\u0430. \u041d\u0430\u0448\u0438 \u043f\u0435\u0440\u0441\u043e\u043d\u0430\u043b\u044c\u043d\u044b\u0435 \u043c\u0435\u043d\u0435\u0434\u0436\u0435\u0440\u044b \u043f\u043e\u0434\u0431\u0435\u0440\u0443\u0442 \u0434\u043b\u044f \u0412\u0430\u0448\u0435\u0433\u043e \u043c\u0435\u0440\u043e\u043f\u0440\u0438\u044f\u0442\u0438\u044f \u043c\u0435\u043d\u044e, \u043f\u0435\u0440\u0441\u043e\u043d\u0430\u043b, \u0430 \u0442\u0430\u043a\u0436\u0435 \u043d\u0435\u043e\u0431\u0445\u043e\u0434\u0438\u043c\u0443\u044e \u0442\u0435\u0445\u043d\u0438\u0447\u0435\u0441\u043a\u0443\u044e \u0438 \u043c\u0430\u0442\u0435\u0440\u0438\u0430\u043b\u044c\u043d\u0443\u044e \u0431\u0430\u0437\u044b. \u0415\u0441\u043b\u0438 \u0443 \u0432\u0430\u0441 \u0435\u0441\u0442\u044c \u0441\u043e\u0431\u0441\u0442\u0432\u0435\u043d\u043d\u044b\u0435 \u0438\u0434\u0435\u0438, \u0442\u043e \u043c\u044b \u043f\u043e\u043c\u043e\u0436\u0435\u043c \u0432\u043e\u043f\u043b\u043e\u0442\u0438\u0442\u044c \u0438\u0445 \u0432 \u0436\u0438\u0437\u043d\u044c \u0438\u043c\u0435\u043d\u043d\u043e \u0442\u0430\u043a, \u043a\u0430\u043a \u0432\u044b \u0437\u0430\u0434\u0443\u043c\u0430\u043b\u0438.\n\u0414\u043b\u044f \u043d\u0430\u0441 \u043d\u0435 \u0441\u043e\u0441\u0442\u0430\u0432\u0438\u0442 \u043f\u0440\u043e\u0431\u043b\u0435\u043c\u044b \u0440\u0430\u0437\u0440\u0430\u0431\u043e\u0442\u043a\u0430 \u043b\u044e\u0431\u043e\u0433\u043e \u043c\u0435\u043d\u044e \u0438\u0437 \u0431\u043b\u044e\u0434 \u0438 \u0437\u0430\u043a\u0443\u0441\u043e\u043a \u043d\u0430\u0446\u0438\u043e\u043d\u0430\u043b\u044c\u043d\u043e\u0439 \u0438 \u0435\u0432\u0440\u043e\u043f\u0435\u0439\u0441\u043a\u043e\u0439 \u043a\u0443\u0445\u043d\u0438. \u041f\u043e \u0432\u0430\u0448\u0435\u043c\u0443 \u0437\u0430\u043f\u0440\u043e\u0441\u0443 \u043d\u0430\u0448\u0438 \u0448\u0435\u0444-\u043f\u043e\u0432\u0430\u0440\u0430 \u0441\u043e\u0437\u0434\u0430\u0434\u0443\u0442, \u043a\u0430\u043a \u0430\u0432\u0442\u043e\u0440\u0441\u043a\u0438\u0435 \u0440\u0435\u0446\u0435\u043f\u0442\u044b, \u0442\u0430\u043a \u0438 \u043b\u0430\u043a\u043e\u043c\u0441\u0442\u0432\u0430 \u043f\u043e \u0443\u043d\u0438\u043a\u0430\u043b\u044c\u043d\u043e\u0439 \u0440\u0435\u0446\u0435\u043f\u0442\u0443\u0440\u0435. \u0415\u0441\u043b\u0438 \u0432\u0430\u043c \u043d\u0435 \u043d\u0440\u0430\u0432\u044f\u0442\u0441\u044f \u043e\u043f\u0440\u0435\u0434\u0435\u043b\u0435\u043d\u043d\u044b\u0435 \u0438\u043d\u0433\u0440\u0435\u0434\u0438\u0435\u043d\u0442\u044b, \u0442\u043e \u043c\u044b \u043f\u043e\u043b\u043d\u043e\u0441\u0442\u044c\u044e \u0438\u0441\u043a\u043b\u044e\u0447\u0438\u043c \u0438\u0445 \u0438 \u0437\u0430\u043c\u0435\u043d\u0438\u043c \u043d\u0430 \u0431\u043e\u043b\u0435\u0435 \u043f\u0440\u0435\u0434\u043f\u043e\u0447\u0442\u0438\u0442\u0435\u043b\u044c\u043d\u044b\u0435. \u0415\u0441\u043b\u0438 \u0441\u0440\u0435\u0434\u0438 \u0433\u043e\u0441\u0442\u0435\u0439 \u0435\u0441\u0442\u044c \u0432\u0435\u0433\u0435\u0442\u0430\u0440\u0438\u0430\u043d\u0446\u044b \u0438\u043b\u0438 \u043b\u044e\u0434\u0438 \u0441 \u043f\u0438\u0449\u0435\u0432\u044b\u043c\u0438 \u0430\u043b\u043b\u0435\u0440\u0433\u0438\u044f\u043c\u0438, \u0442\u043e \u0434\u043b\u044f \u043d\u0438\u0445 \u043c\u044b \u0440\u0430\u0437\u0440\u0430\u0431\u043e\u0442\u0430\u0435\u043c \u043e\u0442\u0434\u0435\u043b\u044c\u043d\u043e\u0435 \u043c\u0435\u043d\u044e. \u041c\u0435\u043d\u044e \u043c\u043e\u0436\u0435\u0442 \u0431\u044b\u0442\u044c \u043e\u0433\u0440\u0430\u043d\u0438\u0447\u0435\u043d\u043e \u0442\u043e\u043b\u044c\u043a\u043e \u0432\u0430\u0448\u0438\u043c\u0438 \u043f\u043e\u0436\u0435\u043b\u0430\u043d\u0438\u044f\u043c\u0438! \u0412\u044b \u0431\u0443\u0434\u0435\u0442\u0435 \u0434\u043e\u0432\u043e\u043b\u044c\u043d\u044b \u043e\u0440\u0438\u0433\u0438\u043d\u0430\u043b\u044c\u043d\u043e\u0439 \u043f\u043e\u0434\u0430\u0447\u0435\u0439 \u0438 \u043d\u0435\u043f\u043e\u0432\u0442\u043e\u0440\u0438\u043c\u044b\u043c \u0432\u043a\u0443\u0441\u043e\u043c \u043d\u0430\u0448\u0438\u0445 \u0431\u043b\u044e\u0434.<br \/>\n<\/p>\n\t\t\t\t<\/div>\r\n\t\t\t<\/div>\r\n\t\t<\/div>\r\n\r\n\t\t\t\t<\/div>\n\t\t\t\t<\/div>\n\t\t\t\t\t\t<\/div>\n\t\t\t\t\t<\/div>\n\t\t<\/div>\n\t\t\t\t\t\t\t\t<\/div>\n\t\t\t\t\t<\/div>\n\t\t<\/section>\n\t\t\t\t<section data-particle_enable=\"false\" data-particle-mobile-disabled=\"false\" class=\"elementor-section elementor-top-section elementor-element elementor-element-adc266f elementor-section-boxed elementor-section-height-default elementor-section-height-default\" data-id=\"adc266f\" data-element_type=\"section\">\n\t\t\t\t\t\t<div class=\"elementor-container elementor-column-gap-default\">\n\t\t\t\t\t\t\t<div class=\"elementor-row\">\n\t\t\t\t\t<div class=\"elementor-column elementor-col-100 elementor-top-column elementor-element elementor-element-fc01b30\" data-id=\"fc01b30\" data-element_type=\"column\">\n\t\t\t<div class=\"elementor-column-wrap elementor-element-populated\">\n\t\t\t\t\t\t\t<div class=\"elementor-widget-wrap\">\n\t\t\t\t\t\t<div class=\"elementor-element elementor-element-366e68c elementor-headline--style-highlight elementor-widget elementor-widget-animated-headline\" data-id=\"366e68c\" data-element_type=\"widget\" data-settings=\"{&quot;highlighted_text&quot;:&quot;m\\u0259qs\\u0259dimizdir!&quot;,&quot;headline_style&quot;:&quot;highlight&quot;,&quot;marker&quot;:&quot;circle&quot;}\" data-widget_type=\"animated-headline.default\">\n\t\t\t\t<div class=\"elementor-widget-container\">\n\t\t\t\t\t<h3 class=\"elementor-headline\">\n\t\t\t\t\t\t\t<span class=\"elementor-headline-plain-text elementor-headline-text-wrapper\">\u041c\u044b \u0441\u0442\u0440\u0435\u043c\u0438\u043c\u0441\u044f \u043e\u043f\u0440\u0430\u0432\u0434\u0430\u0442\u044c \u0432\u0430\u0448\u0438 \u043e\u0436\u0438\u0434\u0430\u043d\u0438\u044f, \u0437\u0430\u0432\u043e\u0435\u0432\u0430\u0442\u044c \u0434\u043e\u0432\u0435\u0440\u0438\u0435 \u0438 \u0443\u043a\u0440\u0435\u043f\u0438\u0442\u044c \u0441\u0432\u043e\u0439 <\/span>\n\t\t\t\t\t\t<span class=\"elementor-headline-dynamic-wrapper elementor-headline-text-wrapper\"><\/span>\n\t\t\t\t\t<\/h3>\n\t\t\t\t<\/div>\n\t\t\t\t<\/div>\n\t\t\t\t\t\t<\/div>\n\t\t\t\t\t<\/div>\n\t\t<\/div>\n\t\t\t\t\t\t\t\t<\/div>\n\t\t\t\t\t<\/div>\n\t\t<\/section>\n\t\t\t\t\t\t<\/div>\n\t\t\t\t\t\t<\/div>\n\t\t\t\t\t<\/div>","protected":false},"excerpt":{"rendered":"<p>&#8220;Sa\u011flam Catering&#8221; \u015firk\u0259ti 2017 &#8211; ci ild\u0259 t\u0259sis edilmi\u015fdir, &#8220;Sa\u011flam Catering&#8221; olaraq t\u0259\u015fkilatlara, v\u0259t\u0259nda\u015flara v\u0259 \u00f6lk\u0259nin qonaqlar\u0131na a\u015fa\u011f\u0131dak\u0131 istiqam\u0259tl\u0259r \u00fczr\u0259 y\u00fcks\u0259k keyfiyy\u0259tli xidm\u0259tl\u0259r g\u00f6st\u0259ririk: Korporativ qidalanma (keyterinq). \u0130\u015fg\u00fczar v\u0259 \u0259yl\u0259nc\u0259li&#8230;<\/p>","protected":false},"author":1,"featured_media":2022,"parent":0,"menu_order":0,"comment_status":"closed","ping_status":"closed","template":"","meta":[],"_links":{"self":[{"href":"https:\/\/saglamcatering.az\/ru\/wp-json\/wp\/v2\/pages\/1152"}],"collection":[{"href":"https:\/\/saglamcatering.az\/ru\/wp-json\/wp\/v2\/pages"}],"about":[{"href":"https:\/\/saglamcatering.az\/ru\/wp-json\/wp\/v2\/types\/page"}],"author":[{"embeddable":true,"href":"https:\/\/saglamcatering.az\/ru\/wp-json\/wp\/v2\/users\/1"}],"replies":[{"embeddable":true,"href":"https:\/\/saglamcatering.az\/ru\/wp-json\/wp\/v2\/comments?post=1152"}],"version-history":[{"count":80,"href":"https:\/\/saglamcatering.az\/ru\/wp-json\/wp\/v2\/pages\/1152\/revisions"}],"predecessor-version":[{"id":2023,"href":"https:\/\/saglamcatering.az\/ru\/wp-json\/wp\/v2\/pages\/1152\/revisions\/2023"}],"wp:featuredmedia":[{"embeddable":true,"href":"https:\/\/saglamcatering.az\/ru\/wp-json\/wp\/v2\/media\/2022"}],"wp:attachment":[{"href":"https:\/\/saglamcatering.az\/ru\/wp-json\/wp\/v2\/media?parent=1152"}],"curies":[{"name":"wp","href":"https:\/\/api.w.org\/{rel}","templated":true}]}}