{"id":1142,"date":"2021-01-08T19:44:41","date_gmt":"2021-01-08T19:44:41","guid":{"rendered":"https:\/\/saglamcatering.az\/?page_id=1142"},"modified":"2021-02-16T06:44:25","modified_gmt":"2021-02-16T06:44:25","slug":"s%c9%99yyar-m%c9%99tb%c9%99x","status":"publish","type":"page","link":"https:\/\/saglamcatering.az\/ru\/s%c9%99yyar-m%c9%99tb%c9%99x\/","title":{"rendered":"\u041f\u043e\u043b\u0435\u0432\u0430\u044f \u043a\u0443\u0445\u043d\u044f"},"content":{"rendered":"<div data-elementor-type=\"wp-page\" data-elementor-id=\"1142\" class=\"elementor elementor-1142\" data-elementor-settings=\"[]\">\n\t\t\t\t\t\t<div class=\"elementor-inner\">\n\t\t\t\t\t\t\t<div class=\"elementor-section-wrap\">\n\t\t\t\t\t\t\t<section data-particle_enable=\"false\" data-particle-mobile-disabled=\"false\" class=\"elementor-section elementor-top-section elementor-element elementor-element-9f353b9 elementor-section-boxed elementor-section-height-default elementor-section-height-default\" data-id=\"9f353b9\" data-element_type=\"section\">\n\t\t\t\t\t\t<div class=\"elementor-container elementor-column-gap-default\">\n\t\t\t\t\t\t\t<div class=\"elementor-row\">\n\t\t\t\t\t<div class=\"elementor-column elementor-col-100 elementor-top-column elementor-element elementor-element-a2f18de\" data-id=\"a2f18de\" data-element_type=\"column\">\n\t\t\t<div class=\"elementor-column-wrap elementor-element-populated\">\n\t\t\t\t\t\t\t<div class=\"elementor-widget-wrap\">\n\t\t\t\t\t\t<div class=\"elementor-element elementor-element-54a9d6d elementor-widget elementor-widget-text-editor\" data-id=\"54a9d6d\" data-element_type=\"widget\" data-widget_type=\"text-editor.default\">\n\t\t\t\t<div class=\"elementor-widget-container\">\n\t\t\t\t\t<div class=\"elementor-text-editor elementor-clearfix\"><p>\u041d\u0430 \u0441\u0435\u0433\u043e\u0434\u043d\u044f\u0448\u043d\u0438\u0439 \u0434\u0435\u043d\u044c \u043f\u043e\u043b\u0435\u0432\u044b\u0435 \u043a\u0443\u0445\u043d\u0438 \u2013 \u0441\u0430\u043c\u043e\u0435 \u044d\u043a\u043e\u043d\u043e\u043c\u0438\u0447\u0435\u0441\u043a\u0438 \u0432\u044b\u0433\u043e\u0434\u043d\u043e\u0435 \u0440\u0435\u0448\u0435\u043d\u0438\u0435 \u0434\u043b\u044f \u043f\u0438\u0442\u0430\u043d\u0438\u044f \u043d\u0430 \u043c\u0430\u0441\u0441\u043e\u0432\u044b\u0445 \u043c\u0435\u0440\u043e\u043f\u0440\u0438\u044f\u0442\u0438\u044f\u0445, \u043f\u0440\u0430\u0437\u0434\u043d\u0438\u043a\u0430\u0445 \u0438 \u0433\u043b\u043e\u0431\u0430\u043b\u044c\u043d\u044b\u0445 \u0441\u0442\u0440\u043e\u0439\u043a\u0430\u0445. \u0414\u043b\u044f \u043f\u0440\u0438\u0433\u043e\u0442\u043e\u0432\u043b\u0435\u043d\u0438\u044f \u043f\u0438\u0449\u0438, \u0441 \u043f\u043e\u043c\u043e\u0449\u044c\u044e \u043f\u043e\u043b\u0435\u0432\u043e\u0439 \u043a\u0443\u0445\u043d\u0438, \u043d\u0435 \u043d\u0443\u0436\u043d\u0430 \u044d\u043b\u0435\u043a\u0442\u0440\u043e\u0441\u0435\u0442\u044c, \u043f\u043e\u044d\u0442\u043e\u043c\u0443 \u043e\u043d\u0430 \u043c\u043e\u0436\u0435\u0442 \u0440\u0430\u0431\u043e\u0442\u0430\u0442\u044c \u0432 \u043b\u044e\u0431\u043e\u043c \u043c\u0435\u0441\u0442\u0435 \u0438 \u043f\u0440\u0438 \u043b\u044e\u0431\u043e\u0439 \u043f\u043e\u0433\u043e\u0434\u0435. \u041a\u0443\u0445\u043d\u044f \u0440\u0430\u0431\u043e\u0442\u0430\u0435\u0442 \u043d\u0430 \u0442\u0432\u0435\u0440\u0434\u043e\u043c \u0438 \u0436\u0438\u0434\u043a\u043e\u043c \u0442\u043e\u043f\u043b\u0438\u0432\u0435 \u0438 \u0440\u0430\u0441\u0441\u0447\u0438\u0442\u0430\u043d\u0430 \u043d\u0430 \u044d\u043a\u0441\u043f\u043b\u0443\u0430\u0442\u0430\u0446\u0438\u044e \u043f\u0440\u0438 \u0442\u0435\u043c\u043f\u0435\u0440\u0430\u0442\u0443\u0440\u0435 \u043e\u043a\u0440\u0443\u0436\u0430\u044e\u0449\u0435\u0433\u043e \u0432\u043e\u0437\u0434\u0443\u0445\u0430 \u043e\u0442 -40 \u00b0C \u0434\u043e +50 \u00b0C. \u0420\u0435\u0441\u0443\u0440\u0441 \u043e\u0434\u043d\u043e\u0439 \u043f\u043e\u043b\u0435\u0432\u043e\u0439 \u043a\u0443\u0445\u043d\u0438 \u043f\u043e\u0437\u0432\u043e\u043b\u044f\u0435\u0442 \u043d\u0430\u043a\u043e\u0440\u043c\u0438\u0442\u044c \u0434\u043e 2000 \u0447\u0435\u043b\u043e\u0432\u0435\u043a.<\/p><p>\u041f\u043e \u0441\u0443\u0442\u0438 \u0434\u0435\u043b\u0430, \u0434\u0430\u043d\u043d\u044b\u0439 \u0432\u0438\u0434 \u0432\u044b\u0435\u0437\u0434\u043d\u043e\u0433\u043e \u043f\u0438\u0442\u0430\u043d\u0438\u044f \u2013 \u044d\u0442\u043e \u0442\u0440\u0430\u043d\u0441\u043f\u043e\u0440\u0442\u043d\u043e\u0435 \u0441\u0440\u0435\u0434\u0441\u0442\u0432\u043e \u0438\u043b\u0438 \u043f\u0440\u0438\u0446\u0435\u043f \u0441\u043f\u0435\u0446\u0438\u0430\u043b\u044c\u043d\u043e\u0439 \u043a\u043e\u043d\u0441\u0442\u0440\u0443\u043a\u0446\u0438\u0438, \u043e\u0441\u043d\u043e\u0432\u043d\u043e\u0439 \u0444\u0443\u043d\u043a\u0446\u0438\u0435\u0439 \u043a\u043e\u0442\u043e\u0440\u043e\u0433\u043e \u044f\u0432\u043b\u044f\u0435\u0442\u0441\u044f \u043f\u0440\u0438\u0433\u043e\u0442\u043e\u0432\u043b\u0435\u043d\u0438\u0435 \u0433\u043e\u0440\u044f\u0447\u0435\u0439 \u043f\u0438\u0449\u0438 \u0432 \u043f\u043e\u0445\u043e\u0434\u043d\u044b\u0445 \u0443\u0441\u043b\u043e\u0432\u0438\u044f\u0445: \u0437\u0430 \u0433\u043e\u0440\u043e\u0434\u043e\u043c, \u043d\u0430 \u043e\u0442\u0434\u0430\u043b\u0435\u043d\u043d\u044b\u0445 \u043e\u0431\u044a\u0435\u043a\u0442\u0430\u0445, \u0432 \u0442\u0435\u0445 \u043c\u0435\u0441\u0442\u0430\u0445, \u0433\u0434\u0435 \u043d\u0435\u0432\u043e\u0437\u043c\u043e\u0436\u0435\u043d \u0434\u043e\u0441\u0442\u0443\u043f \u043a \u0441\u0442\u0430\u0446\u0438\u043e\u043d\u0430\u0440\u043d\u043e\u0439 \u043f\u043b\u0438\u0442\u0435 \u0438 \u043f\u0440\u043e\u0447\u0438\u043c \u0443\u0434\u043e\u0431\u0441\u0442\u0432\u0430\u043c. \u042d\u0442\u043e \u043f\u0440\u0430\u043a\u0442\u0438\u0447\u043d\u043e\u0435 \u0438 \u044d\u043a\u043e\u043d\u043e\u043c\u043d\u043e\u0435 \u0440\u0435\u0448\u0435\u043d\u0438\u0435 \u0432\u043e\u043f\u0440\u043e\u0441\u0430 \u043f\u0438\u0442\u0430\u043d\u0438\u044f \u0432 \u0443\u0441\u043b\u043e\u0432\u0438\u044f\u0445 \u043e\u0442\u0441\u0443\u0442\u0441\u0442\u0432\u0438\u044f \u0441\u0442\u0430\u0446\u0438\u043e\u043d\u0430\u0440\u043d\u044b\u0445 \u043a\u0443\u0445\u043e\u043d\u044c \u0438 \u043a\u0430\u0444\u0435. \u041f\u043e\u043b\u0435\u0432\u0430\u044f \u043a\u0443\u0445\u043d\u044f \u043f\u043e\u043b\u043d\u043e\u0441\u0442\u044c\u044e \u0430\u0432\u0442\u043e\u043d\u043e\u043c\u043d\u0430 \u0438 \u043f\u0440\u0435\u0434\u043d\u0430\u0437\u043d\u0430\u0447\u0435\u043d\u0430 \u043d\u0435 \u0442\u043e\u043b\u044c\u043a\u043e \u0434\u043b\u044f \u043f\u0440\u0438\u0433\u043e\u0442\u043e\u0432\u043b\u0435\u043d\u0438\u044f \u043f\u0438\u0449\u0438, \u043d\u043e \u0438 \u0434\u043b\u044f \u0435\u0435 \u0445\u0440\u0430\u043d\u0435\u043d\u0438\u044f. \u0412 \u0441\u0442\u0430\u043d\u0434\u0430\u0440\u0442\u043d\u043e\u0439 \u043a\u043e\u043c\u043f\u043b\u0435\u043a\u0442\u0430\u0446\u0438\u0438 \u043d\u0430 \u0435\u0435 \u0431\u0430\u0437\u0435 \u043d\u0430\u0445\u043e\u0434\u044f\u0442\u0441\u044f \u0442\u0440\u0438 \u043a\u043e\u0442\u043b\u0430, \u043e\u0440\u0433\u0430\u043d\u0438\u0437\u043e\u0432\u0430\u043d\u043d\u044b\u0445 \u043f\u043e \u043f\u0440\u0438\u043d\u0446\u0438\u043f\u0443 \u0442\u0435\u0440\u043c\u043e\u0441\u0430, \u0432 \u043a\u043e\u0442\u043e\u0440\u044b\u0445 \u043e\u0431\u044b\u0447\u043d\u043e \u0433\u043e\u0442\u043e\u0432\u044f\u0442 \u0441\u0443\u043f, \u043e\u0441\u043d\u043e\u0432\u043d\u043e\u0435 \u0431\u043b\u044e\u0434\u043e \u0438 \u043a\u043e\u043c\u043f\u043e\u0442. \u041f\u043e\u043b\u0435\u0432\u0430\u044f \u043d\u0435\u0441\u0430\u043c\u043e\u0445\u043e\u0434\u043d\u0430\u044f \u043a\u0443\u0445\u043d\u044f \u043e\u0431\u044b\u0447\u043d\u043e \u0434\u043e\u0441\u0442\u0430\u0432\u043b\u044f\u0435\u0442\u0441\u044f \u043d\u0430 \u043c\u0435\u0441\u0442\u043e \u043f\u0440\u0438 \u043f\u043e\u043c\u043e\u0449\u0438 \u0433\u0440\u0443\u0437\u043e\u0432\u0438\u043a\u043e\u0432.<\/p><\/div>\n\t\t\t\t<\/div>\n\t\t\t\t<\/div>\n\t\t\t\t\t\t<\/div>\n\t\t\t\t\t<\/div>\n\t\t<\/div>\n\t\t\t\t\t\t\t\t<\/div>\n\t\t\t\t\t<\/div>\n\t\t<\/section>\n\t\t\t\t<section data-particle_enable=\"false\" data-particle-mobile-disabled=\"false\" class=\"elementor-section elementor-top-section elementor-element elementor-element-d9f5528 elementor-section-boxed elementor-section-height-default elementor-section-height-default\" data-id=\"d9f5528\" data-element_type=\"section\">\n\t\t\t\t\t\t<div class=\"elementor-container elementor-column-gap-default\">\n\t\t\t\t\t\t\t<div class=\"elementor-row\">\n\t\t\t\t\t<div class=\"elementor-column elementor-col-100 elementor-top-column elementor-element elementor-element-bbace25\" data-id=\"bbace25\" data-element_type=\"column\">\n\t\t\t<div class=\"elementor-column-wrap elementor-element-populated\">\n\t\t\t\t\t\t\t<div class=\"elementor-widget-wrap\">\n\t\t\t\t\t\t<div class=\"elementor-element elementor-element-6c54b01 elementor-arrows-position-inside elementor-pagination-position-outside elementor-widget elementor-widget-image-carousel\" data-id=\"6c54b01\" data-element_type=\"widget\" data-settings=\"{&quot;navigation&quot;:&quot;both&quot;,&quot;autoplay&quot;:&quot;yes&quot;,&quot;pause_on_hover&quot;:&quot;yes&quot;,&quot;pause_on_interaction&quot;:&quot;yes&quot;,&quot;autoplay_speed&quot;:5000,&quot;infinite&quot;:&quot;yes&quot;,&quot;speed&quot;:500}\" data-widget_type=\"image-carousel.default\">\n\t\t\t\t<div class=\"elementor-widget-container\">\n\t\t\t\t\t<div class=\"elementor-image-carousel-wrapper swiper-container\" dir=\"ltr\">\n\t\t\t<div class=\"elementor-image-carousel swiper-wrapper\">\n\t\t\t\t<div class=\"swiper-slide\"><figure class=\"swiper-slide-inner\"><img class=\"swiper-slide-image\" src=\"https:\/\/saglamcatering.az\/wp-content\/uploads\/2021\/01\/d0-370x247.jpg\" alt=\"d0\" \/><\/figure><\/div><div class=\"swiper-slide\"><figure class=\"swiper-slide-inner\"><img class=\"swiper-slide-image\" src=\"https:\/\/saglamcatering.az\/wp-content\/uploads\/2021\/01\/f836011546cff8c5cb39c6ad58b66c17-370x247.jpg\" alt=\"f836011546cff8c5cb39c6ad58b66c17\" \/><\/figure><\/div><div class=\"swiper-slide\"><figure class=\"swiper-slide-inner\"><img class=\"swiper-slide-image\" src=\"https:\/\/saglamcatering.az\/wp-content\/uploads\/2021\/01\/HTB1Ig7QXzzuK1RjSspeq6ziHVXa5-370x247.jpg\" alt=\"HTB1Ig7QXzzuK1RjSspeq6ziHVXa5\" \/><\/figure><\/div>\t\t\t<\/div>\n\t\t\t\t\t\t\t\t\t\t\t\t<div class=\"swiper-pagination\"><\/div>\n\t\t\t\t\t\t\t\t\t\t\t\t\t<div class=\"elementor-swiper-button elementor-swiper-button-prev\">\n\t\t\t\t\t\t<i class=\"eicon-chevron-left\" aria-hidden=\"true\"><\/i>\n\t\t\t\t\t\t<span class=\"elementor-screen-only\">\u041d\u0430\u0437\u0430\u0434<\/span>\n\t\t\t\t\t<\/div>\n\t\t\t\t\t<div class=\"elementor-swiper-button elementor-swiper-button-next\">\n\t\t\t\t\t\t<i class=\"eicon-chevron-right\" aria-hidden=\"true\"><\/i>\n\t\t\t\t\t\t<span class=\"elementor-screen-only\">\u0414\u0430\u043b\u0435\u0435<\/span>\n\t\t\t\t\t<\/div>\n\t\t\t\t\t\t\t\t\t<\/div>\n\t\t\t\t<\/div>\n\t\t\t\t<\/div>\n\t\t\t\t\t\t<\/div>\n\t\t\t\t\t<\/div>\n\t\t<\/div>\n\t\t\t\t\t\t\t\t<\/div>\n\t\t\t\t\t<\/div>\n\t\t<\/section>\n\t\t\t\t<section data-particle_enable=\"false\" data-particle-mobile-disabled=\"false\" class=\"elementor-section elementor-top-section elementor-element elementor-element-8cb0aa4 elementor-section-boxed elementor-section-height-default elementor-section-height-default\" data-id=\"8cb0aa4\" data-element_type=\"section\">\n\t\t\t\t\t\t<div class=\"elementor-container elementor-column-gap-default\">\n\t\t\t\t\t\t\t<div class=\"elementor-row\">\n\t\t\t\t\t<div class=\"elementor-column elementor-col-100 elementor-top-column elementor-element elementor-element-666e710\" data-id=\"666e710\" data-element_type=\"column\">\n\t\t\t<div class=\"elementor-column-wrap elementor-element-populated\">\n\t\t\t\t\t\t\t<div class=\"elementor-widget-wrap\">\n\t\t\t\t\t\t<div class=\"elementor-element elementor-element-853a60d elementor-widget elementor-widget-text-editor\" data-id=\"853a60d\" data-element_type=\"widget\" data-widget_type=\"text-editor.default\">\n\t\t\t\t<div class=\"elementor-widget-container\">\n\t\t\t\t\t<div class=\"elementor-text-editor elementor-clearfix\"><p>\u041f\u043e\u043b\u0435\u0432\u0430\u044f \u043a\u0443\u0445\u043d\u044f \u043c\u043e\u0436\u0435\u0442 \u0441\u043b\u0443\u0436\u0438\u0442\u044c \u0441\u0430\u043c\u044b\u043c \u0440\u0430\u0437\u043d\u044b\u043c \u0446\u0435\u043b\u044f\u043c. \u041e\u0434\u043d\u043e\u0439 \u0438\u0437 \u0442\u0430\u043a\u0438\u0445 \u0446\u0435\u043b\u0435\u0439 \u043c\u043e\u0436\u0435\u0442 \u0431\u044b\u0442\u044c \u043d\u0430\u0443\u0447\u043d\u043e-\u0438\u0441\u0441\u043b\u0435\u0434\u043e\u0432\u0430\u0442\u0435\u043b\u044c\u0441\u043a\u0430\u044f \u044d\u043a\u0441\u043f\u0435\u0434\u0438\u0446\u0438\u044f, \u0431\u0430\u0437\u0430 \u043a\u043e\u0442\u043e\u0440\u043e\u0439 \u043d\u0430\u0445\u043e\u0434\u044f\u0442\u0441\u044f \u0432\u0434\u0430\u043b\u0438 \u043e\u0442 \u043d\u0430\u0441\u0435\u043b\u0435\u043d\u043d\u044b\u0445 \u043f\u0443\u043d\u043a\u0442\u043e\u0432, \u043e\u0445\u043e\u0442\u0430 \u0441 \u0431\u043e\u043b\u044c\u0448\u043e\u0439 \u043a\u043e\u043c\u043f\u0430\u043d\u0438\u0435\u0439 \u0434\u0440\u0443\u0437\u0435\u0439 \u0438\u043b\u0438 \u0436\u0435 \u043b\u044e\u0431\u043e\u0435 \u0434\u0440\u0443\u0433\u043e\u0435 \u043c\u0430\u0441\u0448\u0442\u0430\u0431\u043d\u043e\u0435 \u043c\u0435\u0440\u043e\u043f\u0440\u0438\u044f\u0442\u0438\u0435 \u043d\u0430 \u043f\u0440\u0438\u0440\u043e\u0434\u0435 \u0432 \u043b\u044e\u0431\u043e\u0435 \u0432\u0440\u0435\u043c\u044f \u0433\u043e\u0434\u0430. \u041d\u0435\u043f\u0440\u0438\u0445\u043e\u0442\u043b\u0438\u0432\u0430\u044f \u0432 \u044d\u043a\u0441\u043f\u043b\u0443\u0430\u0442\u0430\u0446\u0438\u0438 \u0438 \u0445\u0440\u0430\u043d\u0435\u043d\u0438\u0438 \u043f\u0440\u0438 \u0441\u043e\u0431\u043b\u044e\u0434\u0435\u043d\u0438\u0438 \u044d\u043b\u0435\u043c\u0435\u043d\u0442\u0430\u0440\u043d\u044b\u0445 \u043f\u0440\u0430\u0432\u0438\u043b \u0431\u0435\u0437\u043e\u043f\u0430\u0441\u043d\u043e\u0441\u0442\u0438 \u0438 \u0438\u043d\u0441\u0442\u0440\u0443\u043a\u0446\u0438\u0439 \u0445\u0440\u0430\u043d\u0435\u043d\u0438\u044f \u0438 \u0438\u0441\u043f\u043e\u043b\u044c\u0437\u043e\u0432\u0430\u043d\u0438\u044f, \u0442\u0430\u043a\u0430\u044f \u043a\u0443\u0445\u043d\u044f \u0432\u044b\u0440\u0443\u0447\u0438\u0442 \u0412\u0430\u0441 \u0432 \u0441\u043b\u043e\u0436\u043d\u044b\u0445 \u0443\u0441\u043b\u043e\u0432\u0438\u044f\u0445 \u0434\u043e\u0441\u0442\u0430\u0432\u043a\u0438 \u0435\u0434\u044b.<\/p><p>\u0421\u043f\u0435\u0446\u0438\u0430\u043b\u0438\u0441\u0442\u044b \u043a\u043e\u043c\u043f\u0430\u043d\u0438\u0438 \u00abSa\u011flam Catering\u00bb \u043f\u0440\u043e\u0434\u0443\u043c\u0430\u044e\u0442 \u0432\u0441\u0435 \u0442\u043e\u043d\u043a\u043e\u0441\u0442\u0438 \u0441\u043b\u043e\u0436\u043d\u043e\u0433\u043e \u043e\u0440\u0433\u0430\u043d\u0438\u0437\u0430\u0446\u0438\u043e\u043d\u043d\u043e\u0433\u043e \u043f\u0440\u043e\u0446\u0435\u0441\u0441\u0430 \u0438 \u043e\u0431\u0435\u0441\u043f\u0435\u0447\u0430\u0442 \u043f\u043e\u0442\u0440\u0435\u0431\u0438\u0442\u0435\u043b\u0435\u0439 \u0432\u0441\u0435\u043c \u043d\u0435\u043e\u0431\u0445\u043e\u0434\u0438\u043c\u044b\u043c \u0434\u043b\u044f \u043f\u043e\u043b\u0443\u0447\u0435\u043d\u0438\u044f \u043a\u0430\u0447\u0435\u0441\u0442\u0432\u0435\u043d\u043d\u043e\u0433\u043e \u0438 \u043f\u043e\u043b\u043d\u043e\u0446\u0435\u043d\u043d\u043e\u0433\u043e \u0433\u043e\u0440\u044f\u0447\u0435\u0433\u043e \u043f\u0438\u0442\u0430\u043d\u0438\u044f.<\/p><\/div>\n\t\t\t\t<\/div>\n\t\t\t\t<\/div>\n\t\t\t\t\t\t<\/div>\n\t\t\t\t\t<\/div>\n\t\t<\/div>\n\t\t\t\t\t\t\t\t<\/div>\n\t\t\t\t\t<\/div>\n\t\t<\/section>\n\t\t\t\t\t\t<\/div>\n\t\t\t\t\t\t<\/div>\n\t\t\t\t\t<\/div>","protected":false},"excerpt":{"rendered":"<p>Haz\u0131rda s\u0259yyar m\u0259tb\u0259xl\u0259ri k\u00fctl\u0259vi t\u0259dbirl\u0259rd\u0259, bayramlarda v\u0259 qlobal tikintil\u0259rd\u0259 qidalanma \u00fc\u00e7\u00fcn iqtisadi c\u0259h\u0259td\u0259n \u0259n s\u0259rf\u0259li h\u0259ll yoludur. S\u0259yyar m\u0259tb\u0259xin k\u00f6m\u0259yil\u0259 yem\u0259k haz\u0131rlamaq \u00fc\u00e7\u00fcn elektrik \u015f\u0259b\u0259k\u0259sin\u0259 ehtiyac yoxdur, buna g\u00f6r\u0259 d\u0259&#8230;<\/p>","protected":false},"author":1,"featured_media":1382,"parent":0,"menu_order":0,"comment_status":"closed","ping_status":"closed","template":"","meta":[],"_links":{"self":[{"href":"https:\/\/saglamcatering.az\/ru\/wp-json\/wp\/v2\/pages\/1142"}],"collection":[{"href":"https:\/\/saglamcatering.az\/ru\/wp-json\/wp\/v2\/pages"}],"about":[{"href":"https:\/\/saglamcatering.az\/ru\/wp-json\/wp\/v2\/types\/page"}],"author":[{"embeddable":true,"href":"https:\/\/saglamcatering.az\/ru\/wp-json\/wp\/v2\/users\/1"}],"replies":[{"embeddable":true,"href":"https:\/\/saglamcatering.az\/ru\/wp-json\/wp\/v2\/comments?post=1142"}],"version-history":[{"count":14,"href":"https:\/\/saglamcatering.az\/ru\/wp-json\/wp\/v2\/pages\/1142\/revisions"}],"predecessor-version":[{"id":2105,"href":"https:\/\/saglamcatering.az\/ru\/wp-json\/wp\/v2\/pages\/1142\/revisions\/2105"}],"wp:featuredmedia":[{"embeddable":true,"href":"https:\/\/saglamcatering.az\/ru\/wp-json\/wp\/v2\/media\/1382"}],"wp:attachment":[{"href":"https:\/\/saglamcatering.az\/ru\/wp-json\/wp\/v2\/media?parent=1142"}],"curies":[{"name":"wp","href":"https:\/\/api.w.org\/{rel}","templated":true}]}}