{"id":1134,"date":"2021-01-08T19:34:06","date_gmt":"2021-01-08T19:34:06","guid":{"rendered":"https:\/\/saglamcatering.az\/?page_id=1134"},"modified":"2021-04-20T09:36:23","modified_gmt":"2021-04-20T09:36:23","slug":"hazir-yem%c9%99k-magazasi","status":"publish","type":"page","link":"https:\/\/saglamcatering.az\/ru\/hazir-yem%c9%99k-magazasi\/","title":{"rendered":"\u041c\u0430\u0433\u0430\u0437\u0438\u043d \u0433\u043e\u0442\u043e\u0432\u043e\u0439 \u0435\u0434\u044b \u0438 \u043c\u0443\u0447\u043d\u044b\u0445 \u0438\u0437\u0434\u0435\u043b\u0438\u0439"},"content":{"rendered":"<div data-elementor-type=\"wp-page\" data-elementor-id=\"1134\" class=\"elementor elementor-1134\" data-elementor-settings=\"[]\">\n\t\t\t\t\t\t<div class=\"elementor-inner\">\n\t\t\t\t\t\t\t<div class=\"elementor-section-wrap\">\n\t\t\t\t\t\t\t<section data-particle_enable=\"false\" data-particle-mobile-disabled=\"false\" class=\"elementor-section elementor-top-section elementor-element elementor-element-62f5da0 elementor-section-boxed elementor-section-height-default elementor-section-height-default\" data-id=\"62f5da0\" data-element_type=\"section\">\n\t\t\t\t\t\t<div class=\"elementor-container elementor-column-gap-default\">\n\t\t\t\t\t\t\t<div class=\"elementor-row\">\n\t\t\t\t\t<div class=\"elementor-column elementor-col-100 elementor-top-column elementor-element elementor-element-5bd956c\" data-id=\"5bd956c\" data-element_type=\"column\">\n\t\t\t<div class=\"elementor-column-wrap elementor-element-populated\">\n\t\t\t\t\t\t\t<div class=\"elementor-widget-wrap\">\n\t\t\t\t\t\t<div class=\"elementor-element elementor-element-408110f elementor-widget elementor-widget-text-editor\" data-id=\"408110f\" data-element_type=\"widget\" data-widget_type=\"text-editor.default\">\n\t\t\t\t<div class=\"elementor-widget-container\">\n\t\t\t\t\t<div class=\"elementor-text-editor elementor-clearfix\"><p>\u0423\u0434\u0430\u0447\u043d\u043e\u0435 \u0440\u0430\u0441\u043f\u043e\u043b\u043e\u0436\u0435\u043d\u0438\u0435 \u043c\u0430\u0433\u0430\u0437\u0438\u043d\u0430 \u0433\u043e\u0442\u043e\u0432\u043e\u0439 \u0435\u0434\u044b \u043e\u0442 \u043a\u043e\u043c\u043f\u0430\u043d\u0438\u0438 \u00abSa\u011flam Catering\u00bb, \u0440\u0430\u0441\u043f\u043e\u043b\u043e\u0436\u0435\u043d\u043d\u043e\u0433\u043e \u043f\u043e \u0430\u0434\u0440\u0435\u0441\u0443 \u2026 \u043f\u043e\u0437\u0432\u043e\u043b\u044f\u0435\u0442 \u043e\u0433\u0440\u043e\u043c\u043d\u043e\u043c\u0443 \u0447\u0438\u0441\u043b\u0443 \u043d\u0430\u0448\u0438\u0445 \u043f\u043e\u0442\u0440\u0435\u0431\u0438\u0442\u0435\u043b\u0435\u0439 \u0440\u0435\u0433\u0443\u043b\u044f\u0440\u043d\u043e \u043f\u043e\u043b\u044c\u0437\u043e\u0432\u0430\u0442\u044c\u0441\u044f \u0443\u0441\u043b\u0443\u0433\u0430\u043c\u0438 \u043d\u0430\u0448\u0438\u0445 \u043f\u043e\u0432\u0430\u0440\u043e\u0432. \u041a\u0440\u0430\u0441\u0438\u0432\u044b\u0439, \u0441\u0442\u0438\u043b\u044c\u043d\u044b\u0439, \u0441\u043e\u0432\u0440\u0435\u043c\u0435\u043d\u043d\u044b\u0439 \u0434\u0438\u0437\u0430\u0439\u043d \u0438 \u043e\u0444\u043e\u0440\u043c\u043b\u0435\u043d\u0438\u0435 \u0437\u0430\u043b\u0430, \u0443\u0434\u043e\u0431\u043d\u0430\u044f \u043f\u0430\u0440\u043a\u043e\u0432\u043a\u0430, \u043f\u0440\u0438\u0432\u0435\u0442\u043b\u0438\u0432\u044b\u0439 \u043f\u0435\u0440\u0441\u043e\u043d\u0430\u043b \u2013 \u0432\u0441\u0435 \u044d\u0442\u043e \u0441\u043e\u0437\u0434\u0430\u0435\u0442 \u0443\u044e\u0442 \u0434\u043b\u044f \u043f\u043e\u0441\u0435\u0442\u0438\u0442\u0435\u043b\u0435\u0439 \u0438 \u043f\u043e\u0437\u0432\u043e\u043b\u044f\u0435\u0442 \u0441\u043f\u043e\u043a\u043e\u0439\u043d\u043e \u0441\u0434\u0435\u043b\u0430\u0442\u044c \u0432\u044b\u0431\u043e\u0440, \u043d\u0435 \u0442\u0440\u0430\u0442\u044f \u043c\u043d\u043e\u0433\u043e \u0432\u0440\u0435\u043c\u0435\u043d\u0438.<\/p><p>\u0412 \u043c\u0430\u0433\u0430\u0437\u0438\u043d\u0435 \u0433\u043e\u0442\u043e\u0432\u043e\u0439 \u0435\u0434\u044b \u00abSa\u011flam Catering\u00bb \u0442\u0430\u043a\u0436\u0435 \u043c\u043e\u0436\u043d\u043e \u043f\u043e\u043e\u0431\u0435\u0434\u0430\u0442\u044c \u2013 \u0432 \u0443\u044e\u0442\u043d\u043e\u043c \u044d\u043a\u0441\u043f\u0440\u0435\u0441\u0441-\u043a\u0430\u0444\u0435. \u0417\u0434\u0435\u0441\u044c \u0436\u0435 \u043c\u043e\u0436\u043d\u043e \u043f\u0440\u0438\u043e\u0431\u0440\u0435\u0441\u0442\u0438 \u043e\u0442\u0431\u043e\u0440\u043d\u044b\u0435 \u0441\u043e\u0440\u0442\u0430 \u0447\u0430\u044f \u0438 \u0430\u0440\u043e\u043c\u0430\u0442\u043d\u043e\u0433\u043e \u0437\u0435\u0440\u043d\u043e\u0432\u043e\u0433\u043e \u0438\u043b\u0438 \u043c\u043e\u043b\u043e\u0442\u043e\u0433\u043e \u043a\u043e\u0444\u0435. \u0422\u0430\u043a\u0436\u0435 \u0412\u0430\u043c \u0434\u043e\u0441\u0442\u0443\u043f\u0435\u043d \u043e\u0441\u043e\u0431\u0435\u043d\u043d\u043e \u0430\u043a\u0442\u0443\u0430\u043b\u044c\u043d\u044b\u0439 \u0432 \u043f\u0435\u0440\u0438\u043e\u0434 \u043f\u0430\u043d\u0434\u0435\u043c\u0438\u0438 \u0444\u043e\u0440\u043c\u0430\u0442 \u00abtake away\u00bb \u2013 \u0432\u043e\u0437\u043c\u043e\u0436\u043d\u043e\u0441\u0442\u044c \u0432\u0437\u044f\u0442\u044c \u043f\u043e\u043d\u0440\u0430\u0432\u0438\u0432\u0448\u0438\u0435\u0441\u044f \u0442\u043e\u0432\u0430\u0440\u044b \u00ab\u043d\u0430 \u0432\u044b\u043d\u043e\u0441\u00bb \u0438\u043b\u0438 \u0437\u0430\u043a\u0430\u0437\u0430\u0442\u044c \u0434\u043e\u0441\u0442\u0430\u0432\u043a\u0443.\u00a0<\/p><\/div>\n\t\t\t\t<\/div>\n\t\t\t\t<\/div>\n\t\t\t\t\t\t<\/div>\n\t\t\t\t\t<\/div>\n\t\t<\/div>\n\t\t\t\t\t\t\t\t<\/div>\n\t\t\t\t\t<\/div>\n\t\t<\/section>\n\t\t\t\t<section data-particle_enable=\"false\" data-particle-mobile-disabled=\"false\" class=\"elementor-section elementor-top-section elementor-element elementor-element-26f3e65 elementor-section-boxed elementor-section-height-default elementor-section-height-default\" data-id=\"26f3e65\" data-element_type=\"section\">\n\t\t\t\t\t\t<div class=\"elementor-container elementor-column-gap-default\">\n\t\t\t\t\t\t\t<div class=\"elementor-row\">\n\t\t\t\t\t<div class=\"elementor-column elementor-col-100 elementor-top-column elementor-element elementor-element-d45caf0\" data-id=\"d45caf0\" data-element_type=\"column\">\n\t\t\t<div class=\"elementor-column-wrap elementor-element-populated\">\n\t\t\t\t\t\t\t<div class=\"elementor-widget-wrap\">\n\t\t\t\t\t\t<div class=\"elementor-element elementor-element-82b43ee elementor-arrows-position-inside elementor-pagination-position-outside elementor-widget elementor-widget-image-carousel\" data-id=\"82b43ee\" data-element_type=\"widget\" data-settings=\"{&quot;navigation&quot;:&quot;both&quot;,&quot;autoplay&quot;:&quot;yes&quot;,&quot;pause_on_hover&quot;:&quot;yes&quot;,&quot;pause_on_interaction&quot;:&quot;yes&quot;,&quot;autoplay_speed&quot;:5000,&quot;infinite&quot;:&quot;yes&quot;,&quot;speed&quot;:500}\" data-widget_type=\"image-carousel.default\">\n\t\t\t\t<div class=\"elementor-widget-container\">\n\t\t\t\t\t<div class=\"elementor-image-carousel-wrapper swiper-container\" dir=\"ltr\">\n\t\t\t<div class=\"elementor-image-carousel swiper-wrapper\">\n\t\t\t\t<div class=\"swiper-slide\"><figure class=\"swiper-slide-inner\"><img class=\"swiper-slide-image\" src=\"https:\/\/saglamcatering.az\/wp-content\/uploads\/2021\/02\/1-370x247.jpg\" alt=\"1\" \/><\/figure><\/div><div class=\"swiper-slide\"><figure class=\"swiper-slide-inner\"><img class=\"swiper-slide-image\" src=\"https:\/\/saglamcatering.az\/wp-content\/uploads\/2021\/02\/2-370x247.jpg\" alt=\"2\" \/><\/figure><\/div><div class=\"swiper-slide\"><figure class=\"swiper-slide-inner\"><img class=\"swiper-slide-image\" src=\"https:\/\/saglamcatering.az\/wp-content\/uploads\/2021\/02\/3-370x247.jpg\" alt=\"3\" \/><\/figure><\/div>\t\t\t<\/div>\n\t\t\t\t\t\t\t\t\t\t\t\t<div class=\"swiper-pagination\"><\/div>\n\t\t\t\t\t\t\t\t\t\t\t\t\t<div class=\"elementor-swiper-button elementor-swiper-button-prev\">\n\t\t\t\t\t\t<i class=\"eicon-chevron-left\" aria-hidden=\"true\"><\/i>\n\t\t\t\t\t\t<span class=\"elementor-screen-only\">\u041d\u0430\u0437\u0430\u0434<\/span>\n\t\t\t\t\t<\/div>\n\t\t\t\t\t<div class=\"elementor-swiper-button elementor-swiper-button-next\">\n\t\t\t\t\t\t<i class=\"eicon-chevron-right\" aria-hidden=\"true\"><\/i>\n\t\t\t\t\t\t<span class=\"elementor-screen-only\">\u0414\u0430\u043b\u0435\u0435<\/span>\n\t\t\t\t\t<\/div>\n\t\t\t\t\t\t\t\t\t<\/div>\n\t\t\t\t<\/div>\n\t\t\t\t<\/div>\n\t\t\t\t\t\t<\/div>\n\t\t\t\t\t<\/div>\n\t\t<\/div>\n\t\t\t\t\t\t\t\t<\/div>\n\t\t\t\t\t<\/div>\n\t\t<\/section>\n\t\t\t\t<section data-particle_enable=\"false\" data-particle-mobile-disabled=\"false\" class=\"elementor-section elementor-top-section elementor-element elementor-element-4c9d36a elementor-section-boxed elementor-section-height-default elementor-section-height-default\" data-id=\"4c9d36a\" data-element_type=\"section\">\n\t\t\t\t\t\t<div class=\"elementor-container elementor-column-gap-default\">\n\t\t\t\t\t\t\t<div class=\"elementor-row\">\n\t\t\t\t\t<div class=\"elementor-column elementor-col-100 elementor-top-column elementor-element elementor-element-47b7351\" data-id=\"47b7351\" data-element_type=\"column\">\n\t\t\t<div class=\"elementor-column-wrap elementor-element-populated\">\n\t\t\t\t\t\t\t<div class=\"elementor-widget-wrap\">\n\t\t\t\t\t\t<div class=\"elementor-element elementor-element-cbb3e58 elementor-widget elementor-widget-text-editor\" data-id=\"cbb3e58\" data-element_type=\"widget\" data-widget_type=\"text-editor.default\">\n\t\t\t\t<div class=\"elementor-widget-container\">\n\t\t\t\t\t<div class=\"elementor-text-editor elementor-clearfix\"><p>\u0411\u043b\u044e\u0434\u0430 \u043f\u043e\u0434\u043e\u0431\u0440\u0430\u043d\u044b \u0442\u0430\u043a\u0438\u043c \u043e\u0431\u0440\u0430\u0437\u043e\u043c, \u0447\u0442\u043e\u0431\u044b \u0432\u044b \u043c\u043e\u0433\u043b\u0438 \u043f\u043e\u043b\u043d\u043e\u0446\u0435\u043d\u043d\u043e \u043f\u043e\u0435\u0441\u0442\u044c \u0434\u043e\u043c\u0430, \u043d\u0430 \u0440\u0430\u0431\u043e\u0442\u0435 \u0438\u043b\u0438 \u0432 \u043e\u0444\u0438\u0441\u0435. \u0410\u0441\u0441\u043e\u0440\u0442\u0438\u043c\u0435\u043d\u0442, \u0432\u043a\u043b\u044e\u0447\u0430\u0435\u0442 \u0432 \u0441\u0435\u0431\u044f \u0443\u0436\u0435 \u043f\u043e\u043b\u044e\u0431\u0438\u0432\u0448\u0438\u0435\u0441\u044f \u0412\u0430\u043c \u0442\u0440\u0430\u0434\u0438\u0446\u0438\u043e\u043d\u043d\u044b\u0435 \u0431\u043b\u044e\u0434\u0430, \u043a \u043a\u043e\u0442\u043e\u0440\u044b\u043c \u0432\u044b \u0443\u0436\u0435 \u043f\u0440\u0438\u0432\u044b\u043a\u043b\u0438, \u0430 \u0442\u0430\u043a\u0436\u0435 \u043c\u043d\u043e\u0433\u043e \u043d\u043e\u0432\u044b\u0445 \u0432\u043a\u0443\u0441\u043d\u044b\u0445 \u0431\u043b\u044e\u0434, \u0432\u044b\u043f\u0435\u0447\u043a\u0438 \u0438 \u043d\u0430\u043f\u0438\u0442\u043a\u043e\u0432. \u0412\u0441\u0435 \u0431\u043b\u044e\u0434\u0430 \u0433\u043e\u0442\u043e\u0432\u044f\u0442\u0441\u044f \u0442\u043e\u043b\u044c\u043a\u043e \u0438\u0437 \u043d\u0430\u0442\u0443\u0440\u0430\u043b\u044c\u043d\u044b\u0445 \u043f\u0440\u043e\u0434\u0443\u043a\u0442\u043e\u0432, \u0431\u043e\u0433\u0430\u0442\u044b\u0445 \u0432\u0438\u0442\u0430\u043c\u0438\u043d\u0430\u043c\u0438 \u0438 \u043c\u0438\u043a\u0440\u043e\u044d\u043b\u0435\u043c\u0435\u043d\u0442\u0430\u043c\u0438. \u041c\u044b \u0443\u0434\u0435\u043b\u044f\u0435\u043c \u0431\u043e\u043b\u044c\u0448\u043e\u0435 \u0432\u043d\u0438\u043c\u0430\u043d\u0438\u0435 \u0437\u0434\u043e\u0440\u043e\u0432\u043e\u043c\u0443 \u043f\u0438\u0442\u0430\u043d\u0438\u044e \u0438 \u043d\u0435 \u0434\u043e\u0431\u0430\u0432\u043b\u044f\u0435\u043c \u0443\u0441\u0438\u043b\u0438\u0442\u0435\u043b\u0435\u0439 \u0432\u043a\u0443\u0441\u0430, \u043d\u0435 \u0438\u0441\u043f\u043e\u043b\u044c\u0437\u0443\u0435\u043c \u0413\u041c\u041e. \u041c\u044f\u0441\u043d\u044b\u0435 \u0431\u043b\u044e\u0434\u0430 \u0433\u043e\u0442\u043e\u0432\u044f\u0442\u0441\u044f \u0438\u0437 \u043d\u0430\u0442\u0443\u0440\u0430\u043b\u044c\u043d\u043e\u0433\u043e \u043c\u044f\u0441\u0430 \u0431\u0435\u0437 \u0437\u0430\u043c\u0435\u043d\u0438\u0442\u0435\u043b\u0435\u0439. \u041c\u044b \u0442\u0430\u043a\u0436\u0435 \u043f\u0440\u0435\u0434\u043b\u0430\u0433\u0430\u0435\u043c \u043c\u043d\u043e\u0436\u0435\u0441\u0442\u0432\u043e \u0432\u0435\u0433\u0435\u0442\u0430\u0440\u0438\u0430\u043d\u0441\u043a\u0438\u0445 \u0431\u043b\u044e\u0434, \u0444\u0440\u0443\u043a\u0442\u043e\u0432 \u0438 \u043e\u0432\u043e\u0449\u0435\u0439.<\/p><p>\u0412 \u043d\u0430\u0448\u0435\u0439 \u043a\u043e\u043c\u0430\u043d\u0434\u0435 \u0440\u0430\u0431\u043e\u0442\u0430\u044e\u0442 \u0442\u043e\u043b\u044c\u043a\u043e \u043f\u0440\u043e\u0444\u0435\u0441\u0441\u0438\u043e\u043d\u0430\u043b\u044b \u0441 \u043c\u043d\u043e\u0433\u043e\u043b\u0435\u0442\u043d\u0438\u043c \u043e\u043f\u044b\u0442\u043e\u043c \u0440\u0430\u0431\u043e\u0442\u044b. \u041e\u043d\u0438 \u043e\u0447\u0435\u043d\u044c \u0432\u043d\u0438\u043c\u0430\u0442\u0435\u043b\u044c\u043d\u043e \u043e\u0442\u043d\u043e\u0441\u044f\u0442\u0441\u044f \u043a\u043e \u0432\u0441\u0435\u043c \u0434\u0435\u0442\u0430\u043b\u044f\u043c \u043f\u0440\u0438\u0433\u043e\u0442\u043e\u0432\u043b\u0435\u043d\u0438\u044f, \u043f\u043e\u044d\u0442\u043e\u043c\u0443 \u0412\u044b, \u043d\u0435\u0441\u043e\u043c\u043d\u0435\u043d\u043d\u043e, \u043e\u0441\u0442\u0430\u043d\u0435\u0442\u0435\u0441\u044c \u0434\u043e\u0432\u043e\u043b\u044c\u043d\u044b. \u041a\u0440\u043e\u043c\u0435 \u0442\u043e\u0433\u043e, \u043d\u0430\u0448\u0430 \u043a\u043e\u043c\u043f\u0430\u043d\u0438\u044f \u0441\u043f\u0435\u0446\u0438\u0430\u043b\u0438\u0437\u0438\u0440\u0443\u0435\u0442\u0441\u044f \u043d\u0430 \u0434\u043e\u0441\u0442\u0430\u0432\u043a\u0435 \u0433\u043e\u0442\u043e\u0432\u043e\u0439 \u0435\u0434\u044b \u0438 \u043d\u0430\u0448\u0438 \u0430\u043d\u0430\u043b\u0438\u0442\u0438\u043a\u0438 \u0441\u0434\u0435\u043b\u0430\u043b\u0438 \u0435\u0435 \u043c\u0430\u043a\u0441\u0438\u043c\u0430\u043b\u044c\u043d\u043e \u0443\u0434\u043e\u0431\u043d\u043e\u0439 \u0438 \u0432\u044b\u0433\u043e\u0434\u043d\u043e\u0439 \u0434\u043b\u044f \u0412\u0430\u0441!<\/p><\/div>\n\t\t\t\t<\/div>\n\t\t\t\t<\/div>\n\t\t\t\t\t\t<\/div>\n\t\t\t\t\t<\/div>\n\t\t<\/div>\n\t\t\t\t\t\t\t\t<\/div>\n\t\t\t\t\t<\/div>\n\t\t<\/section>\n\t\t\t\t\t\t<\/div>\n\t\t\t\t\t\t<\/div>\n\t\t\t\t\t<\/div>","protected":false},"excerpt":{"rendered":"<p>&#8220;Sa\u011flam Catering&#8221; \u015firk\u0259tind\u0259n haz\u0131r yem\u0259k ma\u011fazas\u0131n\u0131n u\u011furlu yerl\u0259\u015fm\u0259si \u00e7oxsayl\u0131 istehlak\u00e7\u0131lar\u0131m\u0131za a\u015fpazlar\u0131m\u0131z\u0131n xidm\u0259tl\u0259rind\u0259n m\u00fcnt\u0259z\u0259m istifad\u0259 etm\u0259y\u0259 imkan verir. Zal\u0131n g\u00f6z\u0259l, d\u0259bli, m\u00fcasir dizayn\u0131 v\u0259 t\u0259rtibat\u0131, rahat avtodayanacaq, g\u00fcl\u0259r\u00fcz hey\u0259t \u2013 b\u00fct\u00fcn&#8230;<\/p>","protected":false},"author":1,"featured_media":2081,"parent":0,"menu_order":0,"comment_status":"closed","ping_status":"closed","template":"","meta":[],"_links":{"self":[{"href":"https:\/\/saglamcatering.az\/ru\/wp-json\/wp\/v2\/pages\/1134"}],"collection":[{"href":"https:\/\/saglamcatering.az\/ru\/wp-json\/wp\/v2\/pages"}],"about":[{"href":"https:\/\/saglamcatering.az\/ru\/wp-json\/wp\/v2\/types\/page"}],"author":[{"embeddable":true,"href":"https:\/\/saglamcatering.az\/ru\/wp-json\/wp\/v2\/users\/1"}],"replies":[{"embeddable":true,"href":"https:\/\/saglamcatering.az\/ru\/wp-json\/wp\/v2\/comments?post=1134"}],"version-history":[{"count":19,"href":"https:\/\/saglamcatering.az\/ru\/wp-json\/wp\/v2\/pages\/1134\/revisions"}],"predecessor-version":[{"id":2122,"href":"https:\/\/saglamcatering.az\/ru\/wp-json\/wp\/v2\/pages\/1134\/revisions\/2122"}],"wp:featuredmedia":[{"embeddable":true,"href":"https:\/\/saglamcatering.az\/ru\/wp-json\/wp\/v2\/media\/2081"}],"wp:attachment":[{"href":"https:\/\/saglamcatering.az\/ru\/wp-json\/wp\/v2\/media?parent=1134"}],"curies":[{"name":"wp","href":"https:\/\/api.w.org\/{rel}","templated":true}]}}