{"id":1127,"date":"2021-01-08T19:26:54","date_gmt":"2021-01-08T19:26:54","guid":{"rendered":"https:\/\/saglamcatering.az\/?page_id=1127"},"modified":"2021-02-15T08:27:39","modified_gmt":"2021-02-15T08:27:39","slug":"ictimai-t%c9%99dbirl%c9%99rin-t%c9%99skili","status":"publish","type":"page","link":"https:\/\/saglamcatering.az\/ru\/ictimai-t%c9%99dbirl%c9%99rin-t%c9%99skili\/","title":{"rendered":"\u041e\u0440\u0433\u0430\u043d\u0438\u0437\u0430\u0446\u0438\u044f \u043c\u0430\u0441\u0441\u043e\u0432\u044b\u0445 \u043c\u0435\u0440\u043e\u043f\u0440\u0438\u044f\u0442\u0438\u0439"},"content":{"rendered":"<div data-elementor-type=\"wp-page\" data-elementor-id=\"1127\" class=\"elementor elementor-1127\" data-elementor-settings=\"[]\">\n\t\t\t\t\t\t<div class=\"elementor-inner\">\n\t\t\t\t\t\t\t<div class=\"elementor-section-wrap\">\n\t\t\t\t\t\t\t<section data-particle_enable=\"false\" data-particle-mobile-disabled=\"false\" class=\"elementor-section elementor-top-section elementor-element elementor-element-fc5973c elementor-section-boxed elementor-section-height-default elementor-section-height-default\" data-id=\"fc5973c\" data-element_type=\"section\">\n\t\t\t\t\t\t<div class=\"elementor-container elementor-column-gap-default\">\n\t\t\t\t\t\t\t<div class=\"elementor-row\">\n\t\t\t\t\t<div class=\"elementor-column elementor-col-100 elementor-top-column elementor-element elementor-element-6db1289\" data-id=\"6db1289\" data-element_type=\"column\">\n\t\t\t<div class=\"elementor-column-wrap elementor-element-populated\">\n\t\t\t\t\t\t\t<div class=\"elementor-widget-wrap\">\n\t\t\t\t\t\t<div class=\"elementor-element elementor-element-b702884 elementor-widget elementor-widget-image\" data-id=\"b702884\" data-element_type=\"widget\" data-widget_type=\"image.default\">\n\t\t\t\t<div class=\"elementor-widget-container\">\n\t\t\t\t\t<div class=\"elementor-image\">\n\t\t\t\t\t\t\t\t\t\t<img src=\"https:\/\/saglamcatering.az\/wp-content\/uploads\/elementor\/thumbs\/scooping-food-1-p2h7fnnpgegtq9php83cp0nzmiglf6p98m0i4ikp5s.jpg\" title=\"scooping-food\" alt=\"scooping-food\" \/>\t\t\t\t\t\t\t\t\t\t\t<\/div>\n\t\t\t\t<\/div>\n\t\t\t\t<\/div>\n\t\t\t\t<div class=\"elementor-element elementor-element-6b07e8c elementor-widget elementor-widget-text-editor\" data-id=\"6b07e8c\" data-element_type=\"widget\" data-widget_type=\"text-editor.default\">\n\t\t\t\t<div class=\"elementor-widget-container\">\n\t\t\t\t\t<div class=\"elementor-text-editor elementor-clearfix\"><p>\u041e\u0440\u0433\u0430\u043d\u0438\u0437\u0430\u0446\u0438\u044f \u043e\u0431\u0449\u0435\u0441\u0442\u0432\u0435\u043d\u043d\u044b\u0445 \u043c\u0435\u0440\u043e\u043f\u0440\u0438\u044f\u0442\u0438\u0439 \u043e\u0442 \u043a\u043e\u043c\u043f\u0430\u043d\u0438\u0438 \u00abSa\u011flam Catering\u00bb \u2013 \u044d\u0442\u043e \u0432\u044b\u0441\u043e\u043a\u043e\u043a\u043b\u0430\u0441\u0441\u043d\u043e\u0435 \u0432\u044b\u0435\u0437\u0434\u043d\u043e\u0435 \u0440\u0435\u0441\u0442\u043e\u0440\u0430\u043d\u043d\u043e\u0435 \u043e\u0431\u0441\u043b\u0443\u0436\u0438\u0432\u0430\u043d\u0438\u0435 \u043c\u0435\u0440\u043e\u043f\u0440\u0438\u044f\u0442\u0438\u0439 \u0434\u0435\u043b\u043e\u0432\u043e\u0433\u043e \u0438 \u043f\u0440\u0430\u0437\u0434\u043d\u0438\u0447\u043d\u043e\u0433\u043e \u0445\u0430\u0440\u0430\u043a\u0442\u0435\u0440\u0430 \u043b\u044e\u0431\u043e\u0439 \u0442\u0435\u043c\u0430\u0442\u0438\u043a\u0438, \u0444\u043e\u0440\u043c\u0430\u0442\u0430 \u0438 \u0441\u0442\u0430\u0442\u0443\u0441\u0430, \u0432 \u0437\u0430\u043b\u0430\u0445 \u0438\u043b\u0438 \u043d\u0430 \u043e\u0442\u043a\u0440\u044b\u0442\u044b\u0445 \u043f\u043b\u043e\u0449\u0430\u0434\u043a\u0430\u0445. \u041c\u044b \u043e\u0440\u0433\u0430\u043d\u0438\u0437\u0443\u0435\u043c \u0441\u0440\u0435\u0434\u0438 \u043f\u0440\u043e\u0447\u0435\u0433\u043e:<\/p><ol><li>\u041a\u043e\u0444\u0435-\u0431\u0440\u0435\u0439\u043a.<\/li><li>\u0424\u0443\u0440\u0448\u0435\u0442.<\/li><li>\u0428\u0432\u0435\u0434\u0441\u043a\u0438\u0439 \u0441\u0442\u043e\u043b.<\/li><li>\u0411\u0430\u043d\u043a\u0435\u0442<\/li><\/ol><\/div>\n\t\t\t\t<\/div>\n\t\t\t\t<\/div>\n\t\t\t\t\t\t<\/div>\n\t\t\t\t\t<\/div>\n\t\t<\/div>\n\t\t\t\t\t\t\t\t<\/div>\n\t\t\t\t\t<\/div>\n\t\t<\/section>\n\t\t\t\t<section data-particle_enable=\"false\" data-particle-mobile-disabled=\"false\" class=\"elementor-section elementor-top-section elementor-element elementor-element-3acac04 elementor-section-boxed elementor-section-height-default elementor-section-height-default\" data-id=\"3acac04\" data-element_type=\"section\">\n\t\t\t\t\t\t<div class=\"elementor-container elementor-column-gap-default\">\n\t\t\t\t\t\t\t<div class=\"elementor-row\">\n\t\t\t\t\t<div class=\"elementor-column elementor-col-100 elementor-top-column elementor-element elementor-element-6841f4c\" data-id=\"6841f4c\" data-element_type=\"column\">\n\t\t\t<div class=\"elementor-column-wrap elementor-element-populated\">\n\t\t\t\t\t\t\t<div class=\"elementor-widget-wrap\">\n\t\t\t\t\t\t<div class=\"elementor-element elementor-element-02b362a elementor-widget elementor-widget-cristiano_article\" data-id=\"02b362a\" data-element_type=\"widget\" data-widget_type=\"cristiano_article.default\">\n\t\t\t\t<div class=\"elementor-widget-container\">\n\t\t\t\r\n\t\t<div class=\"center\">\r\n\t\t\t<div class=\"article cols-2 no-margin has-post-thumbnail to-left\">\r\n\t\t\t\t<div class=\"image\"><img width=\"675\" height=\"450\" src=\"https:\/\/saglamcatering.az\/wp-content\/uploads\/2021\/02\/coffee-675x450.jpg\" class=\"attachment-medium size-medium\" alt=\"\" srcset=\"https:\/\/saglamcatering.az\/wp-content\/uploads\/2021\/02\/coffee-675x450.jpg 675w, https:\/\/saglamcatering.az\/wp-content\/uploads\/2021\/02\/coffee-830x554.jpg 830w, https:\/\/saglamcatering.az\/wp-content\/uploads\/2021\/02\/coffee-370x247.jpg 370w, https:\/\/saglamcatering.az\/wp-content\/uploads\/2021\/02\/coffee-768x513.jpg 768w, https:\/\/saglamcatering.az\/wp-content\/uploads\/2021\/02\/coffee-16x12.jpg 16w, https:\/\/saglamcatering.az\/wp-content\/uploads\/2021\/02\/coffee.jpg 1000w\" sizes=\"(max-width: 675px) 100vw, 675px\" \/><\/div>\r\n\t\t\t\t<div class=\"details color-content rwd-padding\">\r\n\t\t\t\t\t<h2 class=\"font-title\">\u041a\u043e\u0444\u0435-\u0431\u0440\u0435\u0439\u043a<\/h2>\r\n\t\t\t\t\t<p>\u0422\u0430\u043a\u043e\u0439 \u0444\u043e\u0440\u043c\u0430\u0442 \u043f\u043e\u0434\u0445\u043e\u0434\u0438\u0442 \u0434\u043b\u044f \u043f\u0438\u0442\u0430\u043d\u0438\u044f \u043d\u0430 \u0431\u0438\u0437\u043d\u0435\u0441-\u0444\u043e\u0440\u0443\u043c\u0430\u0445, \u0441\u0435\u043c\u0438\u043d\u0430\u0440\u0430\u0445, \u0442\u0440\u0435\u043d\u0438\u043d\u0433\u0430\u0445 \u0438 \u043d\u0430\u0443\u0447\u043d\u044b\u0445 \u043a\u043e\u043d\u0444\u0435\u0440\u0435\u043d\u0446\u0438\u044f\u0445. \u042d\u0442\u043e \u043d\u0435\u0431\u043e\u043b\u044c\u0448\u043e\u0439 \u043f\u0435\u0440\u0435\u0440\u044b\u0432, \u043a\u043e\u0442\u043e\u0440\u044b\u0439 \u043f\u0440\u043e\u0432\u043e\u0434\u0438\u0442\u0441\u044f \u043c\u0435\u0436\u0434\u0443 \u043f\u0440\u043e\u0434\u043e\u043b\u0436\u0438\u0442\u0435\u043b\u044c\u043d\u044b\u043c\u0438 \u0447\u0430\u0441\u0442\u044f\u043c\u0438 \u0434\u0435\u043b\u043e\u0432\u043e\u0433\u043e \u043c\u0435\u0440\u043e\u043f\u0440\u0438\u044f\u0442\u0438\u044f. \u041e\u0431\u044f\u0437\u0430\u0442\u0435\u043b\u044c\u043d\u044b\u043c \u043f\u0443\u043d\u043a\u0442\u043e\u043c \u043c\u0435\u043d\u044e \u044f\u0432\u043b\u044f\u044e\u0442\u0441\u044f \u0431\u0435\u0437\u0430\u043b\u043a\u043e\u0433\u043e\u043b\u044c\u043d\u044b\u0435 \u043d\u0430\u043f\u0438\u0442\u043a\u0438 \u0438 \u043b\u0435\u0433\u043a\u0438\u0435 \u0437\u0430\u043a\u0443\u0441\u043a\u0438 \u0432 \u043c\u0430\u043a\u0441\u0438\u043c\u0430\u043b\u044c\u043d\u043e \u0443\u0434\u043e\u0431\u043d\u043e\u0439 \u043f\u043e\u0434\u0430\u0447\u0435. \u0421\u0435\u0440\u0432\u0438\u0440\u043e\u0432\u043a\u0435 \u0438 \u043e\u0444\u043e\u0440\u043c\u043b\u0435\u043d\u0438\u044e \u0441\u0442\u043e\u043b\u043e\u0432 \u0443\u0434\u0435\u043b\u044f\u0435\u0442\u0441\u044f \u0431\u043e\u043b\u044c\u0448\u043e\u0435 \u0432\u043d\u0438\u043c\u0430\u043d\u0438\u0435, \u043d\u043e \u043f\u0440\u0438\u0435\u043c \u043f\u0438\u0449\u0438 \u043f\u0440\u043e\u0445\u043e\u0434\u0438\u0442 \u0432 \u0444\u043e\u0440\u043c\u0430\u0442\u0435 \u0441\u0430\u043c\u043e\u043e\u0431\u0441\u043b\u0443\u0436\u0438\u0432\u0430\u043d\u0438\u044f. \u0422\u0440\u0430\u0434\u0438\u0446\u0438\u043e\u043d\u043d\u043e \u0432 \u0442\u0430\u043a\u043e\u043c \u0444\u043e\u0440\u043c\u0430\u0442\u0435 \u043c\u044b \u043f\u0440\u0435\u0434\u043e\u0441\u0442\u0430\u0432\u043b\u044f\u0435\u043c: \u0441\u0432\u0435\u0436\u0443\u044e \u0432\u044b\u043f\u0435\u0447\u043a\u0443, \u0438\u0437\u044b\u0441\u043a\u0430\u043d\u043d\u044b\u0435 \u0431\u0440\u0443\u0441\u043a\u0435\u0442\u0442\u044b \u0438 \u0430\u0432\u0442\u043e\u0440\u0441\u043a\u0438\u0435 \u0434\u0435\u0441\u0435\u0440\u0442\u044b \u043e\u0442 \u043d\u0430\u0448\u0435\u0433\u043e \u0448\u0435\u0444-\u043f\u043e\u0432\u0430\u0440\u0430.<\/p>\n\t\t\t\t<\/div>\r\n\t\t\t<\/div>\r\n\t\t<\/div>\r\n\r\n\t\t\t\t<\/div>\n\t\t\t\t<\/div>\n\t\t\t\t\t\t<\/div>\n\t\t\t\t\t<\/div>\n\t\t<\/div>\n\t\t\t\t\t\t\t\t<\/div>\n\t\t\t\t\t<\/div>\n\t\t<\/section>\n\t\t\t\t<section data-particle_enable=\"false\" data-particle-mobile-disabled=\"false\" class=\"elementor-section elementor-top-section elementor-element elementor-element-087a6b3 elementor-section-boxed elementor-section-height-default elementor-section-height-default\" data-id=\"087a6b3\" data-element_type=\"section\">\n\t\t\t\t\t\t<div class=\"elementor-container elementor-column-gap-default\">\n\t\t\t\t\t\t\t<div class=\"elementor-row\">\n\t\t\t\t\t<div class=\"elementor-column elementor-col-100 elementor-top-column elementor-element elementor-element-347ebed\" data-id=\"347ebed\" data-element_type=\"column\">\n\t\t\t<div class=\"elementor-column-wrap elementor-element-populated\">\n\t\t\t\t\t\t\t<div class=\"elementor-widget-wrap\">\n\t\t\t\t\t\t<div class=\"elementor-element elementor-element-0d25aa6 elementor-widget elementor-widget-cristiano_article\" data-id=\"0d25aa6\" data-element_type=\"widget\" data-widget_type=\"cristiano_article.default\">\n\t\t\t\t<div class=\"elementor-widget-container\">\n\t\t\t\r\n\t\t<div class=\"center\">\r\n\t\t\t<div class=\"article cols-2 no-margin has-post-thumbnail to-right\">\r\n\t\t\t\t<div class=\"image\"><img width=\"675\" height=\"447\" src=\"https:\/\/saglamcatering.az\/wp-content\/uploads\/2021\/02\/furshet-675x447.jpg\" class=\"attachment-medium size-medium\" alt=\"\" srcset=\"https:\/\/saglamcatering.az\/wp-content\/uploads\/2021\/02\/furshet-675x447.jpg 675w, https:\/\/saglamcatering.az\/wp-content\/uploads\/2021\/02\/furshet-830x550.jpg 830w, https:\/\/saglamcatering.az\/wp-content\/uploads\/2021\/02\/furshet-768x509.jpg 768w, https:\/\/saglamcatering.az\/wp-content\/uploads\/2021\/02\/furshet-16x12.jpg 16w, https:\/\/saglamcatering.az\/wp-content\/uploads\/2021\/02\/furshet.jpg 1112w\" sizes=\"(max-width: 675px) 100vw, 675px\" \/><\/div>\r\n\t\t\t\t<div class=\"details color-content rwd-padding\">\r\n\t\t\t\t\t<h2 class=\"font-title\">\u0424\u0443\u0440\u0448\u0435\u0442<\/h2>\r\n\t\t\t\t\t<p>\u041e\u0447\u0435\u043d\u044c \u0447\u0430\u0441\u0442\u043e \u0435\u0433\u043e \u0438\u0441\u043f\u043e\u043b\u044c\u0437\u0443\u044e\u0442 \u0434\u043b\u044f \u043a\u0440\u0443\u043f\u043d\u044b\u0445 \u043e\u0431\u0449\u0435\u0441\u0442\u0432\u0435\u043d\u043d\u044b\u0445 \u043c\u0435\u0440\u043e\u043f\u0440\u0438\u044f\u0442\u0438\u0439, \u0431\u0438\u0437\u043d\u0435\u0441-\u0444\u043e\u0440\u0443\u043c\u043e\u0432, \u0432\u044b\u0441\u0442\u0430\u0432\u043e\u043a, \u043f\u0440\u0435\u0437\u0435\u043d\u0442\u0430\u0446\u0438\u0439, \u0432\u0435\u0447\u0435\u0440\u0438\u043d\u043e\u043a, \u043f\u0440\u0430\u0437\u0434\u043d\u043e\u0432\u0430\u043d\u0438\u044f \u041d\u043e\u0432\u043e\u0433\u043e \u0433\u043e\u0434\u0430 \u0438 \u0434\u043d\u044f \u0440\u043e\u0436\u0434\u0435\u043d\u0438\u044f. \u041f\u0440\u0435\u0438\u043c\u0443\u0449\u0435\u0441\u0442\u0432\u043e\u043c \u043e\u0440\u0433\u0430\u043d\u0438\u0437\u0430\u0446\u0438\u0438 \u0444\u0443\u0440\u0448\u0435\u0442\u0430 \u044f\u0432\u043b\u044f\u0435\u0442\u0441\u044f \u0432\u043e\u0437\u043c\u043e\u0436\u043d\u043e\u0441\u0442\u044c \u043f\u043e\u0434\u0430\u0447\u0438 \u0431\u043e\u043b\u0435\u0435 \u0440\u0430\u0437\u043d\u043e\u043e\u0431\u0440\u0430\u0437\u043d\u044b\u0445 \u0432\u0430\u0440\u0438\u0430\u0446\u0438\u0439 \u0435\u0434\u044b \u043f\u0440\u0438 \u0431\u043e\u043b\u0435\u0435 \u044d\u043a\u043e\u043d\u043e\u043c\u0438\u0447\u043d\u043e\u043c \u0440\u0430\u0441\u0445\u043e\u0434\u043e\u0432\u0430\u043d\u0438\u0438 \u0441\u0440\u0435\u0434\u0441\u0442\u0432. \u0415\u0434\u0430 \u043e\u0444\u043e\u0440\u043c\u043b\u044f\u0435\u0442\u0441\u044f \u043f\u043e\u0440\u0446\u0438\u043e\u043d\u043d\u043e \u0438 \u0447\u0430\u0449\u0435 \u0432\u0441\u0435\u0433\u043e \u043f\u0440\u0435\u0434\u0441\u0442\u0430\u0432\u043b\u044f\u0435\u0442 \u0441\u043e\u0431\u043e\u0439 \u0441\u043d\u0435\u043a\u0438, \u043a\u0430\u043d\u0430\u043f\u0435, \u0441\u0430\u043b\u0430\u0442\u044b, \u0432\u0441\u0435\u0432\u043e\u0437\u043c\u043e\u0436\u043d\u044b\u0435 \u043d\u0430\u0440\u0435\u0437\u043a\u0438 \u0438 \u043a\u0430\u043f\u043a\u0435\u0439\u043a\u0438. \u041e\u0442\u043b\u0438\u0447\u0438\u0442\u0435\u043b\u044c\u043d\u043e\u0439 \u043e\u0441\u043e\u0431\u0435\u043d\u043d\u043e\u0441\u0442\u044c\u044e \u0444\u0443\u0440\u0448\u0435\u0442\u0430, \u043a\u0430\u043a \u0438 \u0432 \u0441\u043b\u0443\u0447\u0430\u0435 \u0441 \u043a\u043e\u0444\u0435-\u0431\u0440\u0435\u0439\u043a\u043e\u043c, \u044f\u0432\u043b\u044f\u0435\u0442\u0441\u044f \u0441\u0430\u043c\u043e\u043e\u0431\u0441\u043b\u0443\u0436\u0438\u0432\u0430\u043d\u0438\u0435. \u041e\u0444\u0438\u0446\u0438\u0430\u043d\u0442\u044b \u043f\u0440\u0438\u0441\u0443\u0442\u0441\u0442\u0432\u0443\u044e\u0442 \u043b\u0438\u0448\u044c \u0434\u043b\u044f \u0442\u043e\u0433\u043e, \u0447\u0442\u043e\u0431\u044b \u0441\u043b\u0435\u0434\u0438\u0442\u044c \u0437\u0430 \u043e\u0431\u0449\u0438\u043c \u043f\u043e\u0440\u044f\u0434\u043a\u043e\u043c \u0438 \u043f\u0440\u0435\u0434\u043b\u0430\u0433\u0430\u0442\u044c \u0433\u043e\u0441\u0442\u044f\u043c \u0431\u043b\u044e\u0434\u0430.<\/p>\n\t\t\t\t<\/div>\r\n\t\t\t<\/div>\r\n\t\t<\/div>\r\n\r\n\t\t\t\t<\/div>\n\t\t\t\t<\/div>\n\t\t\t\t\t\t<\/div>\n\t\t\t\t\t<\/div>\n\t\t<\/div>\n\t\t\t\t\t\t\t\t<\/div>\n\t\t\t\t\t<\/div>\n\t\t<\/section>\n\t\t\t\t<section data-particle_enable=\"false\" data-particle-mobile-disabled=\"false\" class=\"elementor-section elementor-top-section elementor-element elementor-element-cae690d elementor-section-boxed elementor-section-height-default elementor-section-height-default\" data-id=\"cae690d\" data-element_type=\"section\">\n\t\t\t\t\t\t<div class=\"elementor-container elementor-column-gap-default\">\n\t\t\t\t\t\t\t<div class=\"elementor-row\">\n\t\t\t\t\t<div class=\"elementor-column elementor-col-100 elementor-top-column elementor-element elementor-element-aa8898a\" data-id=\"aa8898a\" data-element_type=\"column\">\n\t\t\t<div class=\"elementor-column-wrap elementor-element-populated\">\n\t\t\t\t\t\t\t<div class=\"elementor-widget-wrap\">\n\t\t\t\t\t\t<div class=\"elementor-element elementor-element-fe4e733 elementor-widget elementor-widget-cristiano_article\" data-id=\"fe4e733\" data-element_type=\"widget\" data-widget_type=\"cristiano_article.default\">\n\t\t\t\t<div class=\"elementor-widget-container\">\n\t\t\t\r\n\t\t<div class=\"center\">\r\n\t\t\t<div class=\"article cols-2 no-margin has-post-thumbnail to-left\">\r\n\t\t\t\t<div class=\"image\"><img width=\"675\" height=\"450\" src=\"https:\/\/saglamcatering.az\/wp-content\/uploads\/2021\/02\/chaffing-675x450.jpg\" class=\"attachment-medium size-medium\" alt=\"\" srcset=\"https:\/\/saglamcatering.az\/wp-content\/uploads\/2021\/02\/chaffing-675x450.jpg 675w, https:\/\/saglamcatering.az\/wp-content\/uploads\/2021\/02\/chaffing-830x554.jpg 830w, https:\/\/saglamcatering.az\/wp-content\/uploads\/2021\/02\/chaffing-370x247.jpg 370w, https:\/\/saglamcatering.az\/wp-content\/uploads\/2021\/02\/chaffing-768x512.jpg 768w, https:\/\/saglamcatering.az\/wp-content\/uploads\/2021\/02\/chaffing-16x12.jpg 16w, https:\/\/saglamcatering.az\/wp-content\/uploads\/2021\/02\/chaffing.jpg 1000w\" sizes=\"(max-width: 675px) 100vw, 675px\" \/><\/div>\r\n\t\t\t\t<div class=\"details color-content rwd-padding\">\r\n\t\t\t\t\t<h2 class=\"font-title\">\u0428\u0432\u0435\u0434\u0441\u043a\u0438\u0439 \u0441\u0442\u043e\u043b<\/h2>\r\n\t\t\t\t\t<p>\u042d\u0442\u043e\u0442 \u0444\u043e\u0440\u043c\u0430\u0442 \u0432\u043e \u043c\u043d\u043e\u0433\u043e\u043c \u043d\u0430\u043f\u043e\u043c\u0438\u043d\u0430\u0435\u0442 \u0444\u0443\u0440\u0448\u0435\u0442 \u0438 \u0438\u0441\u043f\u043e\u043b\u044c\u0437\u0443\u0435\u0442\u0441\u044f \u0432 \u0441\u043b\u0443\u0447\u0430\u044f\u0445, \u043a\u043e\u0433\u0434\u0430 \u043d\u0435\u043e\u0431\u0445\u043e\u0434\u0438\u043c\u043e \u0437\u0430 \u043a\u043e\u0440\u043e\u0442\u043a\u043e\u0435 \u0432\u0440\u0435\u043c\u044f \u043d\u0430\u043a\u043e\u0440\u043c\u0438\u0442\u044c \u0431\u043e\u043b\u044c\u0448\u043e\u0435 \u043a\u043e\u043b\u0438\u0447\u0435\u0441\u0442\u0432\u043e \u0433\u043e\u0441\u0442\u0435\u0439. \u041c\u0435\u043d\u044e \u0448\u0432\u0435\u0434\u0441\u043a\u043e\u0433\u043e \u0441\u0442\u043e\u043b\u0430 \u0441\u043e\u0441\u0442\u0430\u0432\u043b\u0435\u043d\u043e \u0442\u0430\u043a\u0438\u043c \u043e\u0431\u0440\u0430\u0437\u043e\u043c, \u0447\u0442\u043e\u0431\u044b \u0432 \u043d\u0435\u043c \u043f\u0440\u0438\u0441\u0443\u0442\u0441\u0442\u0432\u043e\u0432\u0430\u043b\u0438 \u043a\u0430\u043a \u043b\u0435\u0433\u043a\u0438\u0435 \u0437\u0430\u043a\u0443\u0441\u043a\u0438, \u0442\u0430\u043a \u0438 \u0433\u043e\u0440\u044f\u0447\u0438\u0435 \u0431\u043b\u044e\u0434\u0430.<\/p>\n\t\t\t\t<\/div>\r\n\t\t\t<\/div>\r\n\t\t<\/div>\r\n\r\n\t\t\t\t<\/div>\n\t\t\t\t<\/div>\n\t\t\t\t\t\t<\/div>\n\t\t\t\t\t<\/div>\n\t\t<\/div>\n\t\t\t\t\t\t\t\t<\/div>\n\t\t\t\t\t<\/div>\n\t\t<\/section>\n\t\t\t\t<section data-particle_enable=\"false\" data-particle-mobile-disabled=\"false\" class=\"elementor-section elementor-top-section elementor-element elementor-element-0d85b68 elementor-section-boxed elementor-section-height-default elementor-section-height-default\" data-id=\"0d85b68\" data-element_type=\"section\">\n\t\t\t\t\t\t<div class=\"elementor-container elementor-column-gap-default\">\n\t\t\t\t\t\t\t<div class=\"elementor-row\">\n\t\t\t\t\t<div class=\"elementor-column elementor-col-100 elementor-top-column elementor-element elementor-element-ea56b0a\" data-id=\"ea56b0a\" data-element_type=\"column\">\n\t\t\t<div class=\"elementor-column-wrap elementor-element-populated\">\n\t\t\t\t\t\t\t<div class=\"elementor-widget-wrap\">\n\t\t\t\t\t\t<div class=\"elementor-element elementor-element-dccaba7 elementor-widget elementor-widget-cristiano_article\" data-id=\"dccaba7\" data-element_type=\"widget\" data-widget_type=\"cristiano_article.default\">\n\t\t\t\t<div class=\"elementor-widget-container\">\n\t\t\t\r\n\t\t<div class=\"center\">\r\n\t\t\t<div class=\"article cols-2 no-margin has-post-thumbnail to-right\">\r\n\t\t\t\t<div class=\"image\"><img width=\"626\" height=\"417\" src=\"https:\/\/saglamcatering.az\/wp-content\/uploads\/2021\/01\/sparkling-glassware-stands-long-table-prepared-wedding-di_8353-688.jpg\" class=\"attachment-medium size-medium\" alt=\"\" srcset=\"https:\/\/saglamcatering.az\/wp-content\/uploads\/2021\/01\/sparkling-glassware-stands-long-table-prepared-wedding-di_8353-688.jpg 626w, https:\/\/saglamcatering.az\/wp-content\/uploads\/2021\/01\/sparkling-glassware-stands-long-table-prepared-wedding-di_8353-688-370x247.jpg 370w, https:\/\/saglamcatering.az\/wp-content\/uploads\/2021\/01\/sparkling-glassware-stands-long-table-prepared-wedding-di_8353-688-16x12.jpg 16w\" sizes=\"(max-width: 626px) 100vw, 626px\" \/><\/div>\r\n\t\t\t\t<div class=\"details color-content rwd-padding\">\r\n\t\t\t\t\t<h2 class=\"font-title\">\u0411\u0430\u043d\u043a\u0435\u0442<\/h2>\r\n\t\t\t\t\t<p>\u042d\u0442\u043e\u0442 \u0444\u043e\u0440\u043c\u0430\u0442 \u043f\u0440\u0435\u0434\u0443\u0441\u043c\u0430\u0442\u0440\u0438\u0432\u0430\u0435\u0442 \u0440\u0430\u0441\u0441\u0430\u0434\u043a\u0443 \u0433\u043e\u0441\u0442\u0435\u0439 \u0437\u0430 \u0441\u0435\u0440\u0432\u0438\u0440\u043e\u0432\u0430\u043d\u043d\u044b\u043c\u0438 \u0441\u0442\u043e\u043b\u0430\u043c\u0438 \u0438 \u043f\u043e\u043e\u0447\u0435\u0440\u0435\u0434\u043d\u0443\u044e \u043f\u043e\u0434\u0430\u0447\u0443 \u0431\u043b\u044e\u0434. \u0412 \u043c\u0435\u043d\u044e \u0432\u043a\u043b\u044e\u0447\u0430\u044e\u0442 \u0431\u043e\u043b\u044c\u0448\u043e\u0435 \u0440\u0430\u0437\u043d\u043e\u043e\u0431\u0440\u0430\u0437\u0438\u0435 \u0431\u043b\u044e\u0434 \u0441 \u043e\u0431\u044f\u0437\u0430\u0442\u0435\u043b\u044c\u043d\u044b\u043c\u0438 \u043f\u043e\u0437\u0438\u0446\u0438\u044f\u043c\u0438 \u0438 \u0441\u0442\u0440\u043e\u0433\u043e\u0439 \u0432\u0440\u0435\u043c\u0435\u043d\u043d\u043e\u0439 \u043f\u043e\u0434\u0430\u0447\u0435\u0439. \u0425\u043e\u043b\u043e\u0434\u043d\u044b\u0435 \u0438 \u0433\u043e\u0440\u044f\u0447\u0438\u0435 \u0437\u0430\u043a\u0443\u0441\u043a\u0438, \u0441\u0430\u043b\u0430\u0442\u044b, \u043e\u0441\u043d\u043e\u0432\u043d\u044b\u0435 \u0431\u043b\u044e\u0434\u0430, \u0434\u0435\u0441\u0435\u0440\u0442\u044b \u2013 \u043d\u0435\u0438\u0437\u043c\u0435\u043d\u043d\u044b\u0435 \u0441\u043e\u0441\u0442\u0430\u0432\u043b\u044f\u044e\u0449\u0438\u0435 \u0442\u043e\u0440\u0436\u0435\u0441\u0442\u0432\u0435\u043d\u043d\u043e\u0433\u043e \u0431\u0430\u043d\u043a\u0435\u0442\u0430.<\/p>\n\t\t\t\t<\/div>\r\n\t\t\t<\/div>\r\n\t\t<\/div>\r\n\r\n\t\t\t\t<\/div>\n\t\t\t\t<\/div>\n\t\t\t\t\t\t<\/div>\n\t\t\t\t\t<\/div>\n\t\t<\/div>\n\t\t\t\t\t\t\t\t<\/div>\n\t\t\t\t\t<\/div>\n\t\t<\/section>\n\t\t\t\t\t\t<\/div>\n\t\t\t\t\t\t<\/div>\n\t\t\t\t\t<\/div>","protected":false},"excerpt":{"rendered":"<p>&#8220;Sa\u011flam Catering&#8221; \u015firk\u0259tind\u0259n ictimai t\u0259dbirl\u0259rin t\u0259\u015fkili \u2013 ist\u0259nil\u0259n m\u00f6vzu, format v\u0259 statuslu i\u015fg\u00fczar v\u0259 bayram xarakterli t\u0259dbirl\u0259r\u0259 zallarda v\u0259 ya a\u00e7\u0131q meydan\u00e7alarda y\u00fcks\u0259k s\u0259viyy\u0259li s\u0259yyar restoran xidm\u0259tinin g\u00f6st\u0259rilm\u0259sidir. Biz a\u015fa\u011f\u0131dak\u0131lar\u0131&#8230;<\/p>","protected":false},"author":1,"featured_media":2020,"parent":0,"menu_order":0,"comment_status":"closed","ping_status":"closed","template":"","meta":[],"_links":{"self":[{"href":"https:\/\/saglamcatering.az\/ru\/wp-json\/wp\/v2\/pages\/1127"}],"collection":[{"href":"https:\/\/saglamcatering.az\/ru\/wp-json\/wp\/v2\/pages"}],"about":[{"href":"https:\/\/saglamcatering.az\/ru\/wp-json\/wp\/v2\/types\/page"}],"author":[{"embeddable":true,"href":"https:\/\/saglamcatering.az\/ru\/wp-json\/wp\/v2\/users\/1"}],"replies":[{"embeddable":true,"href":"https:\/\/saglamcatering.az\/ru\/wp-json\/wp\/v2\/comments?post=1127"}],"version-history":[{"count":59,"href":"https:\/\/saglamcatering.az\/ru\/wp-json\/wp\/v2\/pages\/1127\/revisions"}],"predecessor-version":[{"id":2104,"href":"https:\/\/saglamcatering.az\/ru\/wp-json\/wp\/v2\/pages\/1127\/revisions\/2104"}],"wp:featuredmedia":[{"embeddable":true,"href":"https:\/\/saglamcatering.az\/ru\/wp-json\/wp\/v2\/media\/2020"}],"wp:attachment":[{"href":"https:\/\/saglamcatering.az\/ru\/wp-json\/wp\/v2\/media?parent=1127"}],"curies":[{"name":"wp","href":"https:\/\/api.w.org\/{rel}","templated":true}]}}