{"id":1117,"date":"2021-01-08T19:22:07","date_gmt":"2021-01-08T19:22:07","guid":{"rendered":"https:\/\/saglamcatering.az\/?page_id=1117"},"modified":"2021-04-20T09:29:45","modified_gmt":"2021-04-20T09:29:45","slug":"korporativ-qidalanma","status":"publish","type":"page","link":"https:\/\/saglamcatering.az\/ru\/korporativ-qidalanma\/","title":{"rendered":"\u041a\u043e\u0440\u043f\u043e\u0440\u0430\u0442\u0438\u0432\u043d\u043e\u0435 \u043f\u0438\u0442\u0430\u043d\u0438\u0435"},"content":{"rendered":"<div data-elementor-type=\"wp-page\" data-elementor-id=\"1117\" class=\"elementor elementor-1117\" data-elementor-settings=\"[]\">\n\t\t\t\t\t\t<div class=\"elementor-inner\">\n\t\t\t\t\t\t\t<div class=\"elementor-section-wrap\">\n\t\t\t\t\t\t\t<section data-particle_enable=\"false\" data-particle-mobile-disabled=\"false\" class=\"elementor-section elementor-top-section elementor-element elementor-element-0b4947c elementor-section-boxed elementor-section-height-default elementor-section-height-default\" data-id=\"0b4947c\" data-element_type=\"section\">\n\t\t\t\t\t\t<div class=\"elementor-container elementor-column-gap-default\">\n\t\t\t\t\t\t\t<div class=\"elementor-row\">\n\t\t\t\t\t<div class=\"elementor-column elementor-col-100 elementor-top-column elementor-element elementor-element-f6b9ae6\" data-id=\"f6b9ae6\" data-element_type=\"column\">\n\t\t\t<div class=\"elementor-column-wrap elementor-element-populated\">\n\t\t\t\t\t\t\t<div class=\"elementor-widget-wrap\">\n\t\t\t\t\t\t<div class=\"elementor-element elementor-element-d9ef160 elementor-widget elementor-widget-image\" data-id=\"d9ef160\" data-element_type=\"widget\" data-widget_type=\"image.default\">\n\t\t\t\t<div class=\"elementor-widget-container\">\n\t\t\t\t\t<div class=\"elementor-image\">\n\t\t\t\t\t\t\t\t\t\t<img src=\"https:\/\/saglamcatering.az\/wp-content\/uploads\/elementor\/thumbs\/self-p2h6opmbfcpcvrmlo3722dv961vm4h42iuljahfxmk.jpg\" title=\"self\" alt=\"self\" \/>\t\t\t\t\t\t\t\t\t\t\t<\/div>\n\t\t\t\t<\/div>\n\t\t\t\t<\/div>\n\t\t\t\t\t\t<\/div>\n\t\t\t\t\t<\/div>\n\t\t<\/div>\n\t\t\t\t\t\t\t\t<\/div>\n\t\t\t\t\t<\/div>\n\t\t<\/section>\n\t\t\t\t<section data-particle_enable=\"false\" data-particle-mobile-disabled=\"false\" class=\"elementor-section elementor-top-section elementor-element elementor-element-c8fca90 elementor-section-full_width elementor-section-stretched elementor-section-height-default elementor-section-height-default\" data-id=\"c8fca90\" data-element_type=\"section\" data-settings=\"{&quot;stretch_section&quot;:&quot;section-stretched&quot;,&quot;background_background&quot;:&quot;classic&quot;}\">\n\t\t\t\t\t\t\t<div class=\"elementor-background-overlay\"><\/div>\n\t\t\t\t\t\t\t<div class=\"elementor-container elementor-column-gap-default\">\n\t\t\t\t\t\t\t<div class=\"elementor-row\">\n\t\t\t\t\t<div class=\"elementor-column elementor-col-100 elementor-top-column elementor-element elementor-element-9976005\" data-id=\"9976005\" data-element_type=\"column\">\n\t\t\t<div class=\"elementor-column-wrap elementor-element-populated\">\n\t\t\t\t\t\t\t<div class=\"elementor-widget-wrap\">\n\t\t\t\t\t\t<div class=\"elementor-element elementor-element-8cbf5db elementor-widget elementor-widget-text-editor\" data-id=\"8cbf5db\" data-element_type=\"widget\" data-widget_type=\"text-editor.default\">\n\t\t\t\t<div class=\"elementor-widget-container\">\n\t\t\t\t\t<div class=\"elementor-text-editor elementor-clearfix\"><p>\u041a\u043e\u043c\u043f\u0430\u043d\u0438\u044f \u00abSa\u011flam Catering\u00bb \u043f\u0440\u0435\u0434\u043e\u0441\u0442\u0430\u0432\u043b\u044f\u0435\u0442 \u0443\u0441\u043b\u0443\u0433\u0438 \u043a\u043e\u0440\u043f\u043e\u0440\u0430\u0442\u0438\u0432\u043d\u043e\u0433\u043e \u043f\u0438\u0442\u0430\u043d\u0438\u044f \u043d\u0430 \u0441\u0430\u043c\u043e\u043c \u0432\u044b\u0441\u043e\u043a\u043e\u043c \u0443\u0440\u043e\u0432\u043d\u0435. \u041c\u044b \u043e\u043a\u0430\u0437\u044b\u0432\u0430\u0435\u043c \u043d\u0430\u0448\u0438 \u0443\u0441\u043b\u0443\u0433\u0438 \u043d\u0430 \u043f\u0440\u043e\u0438\u0437\u0432\u043e\u0434\u0441\u0442\u0432\u0435\u043d\u043d\u044b\u0445 \u043f\u0440\u0435\u0434\u043f\u0440\u0438\u044f\u0442\u0438\u044f\u0445, \u0432 \u0431\u0438\u0437\u043d\u0435\u0441-\u0446\u0435\u043d\u0442\u0440\u0430\u0445, \u0432 \u043e\u0444\u0438\u0441\u0430\u0445 \u043a\u043e\u043c\u043f\u0430\u043d\u0438\u0439, \u0430 \u0442\u0430\u043a\u0436\u0435 \u0432 \u0443\u0447\u0435\u0431\u043d\u044b\u0445 \u0437\u0430\u0432\u0435\u0434\u0435\u043d\u0438\u044f\u0445. \u0412 \u0437\u0430\u0432\u0438\u0441\u0438\u043c\u043e\u0441\u0442\u0438 \u043e\u0442 \u043a\u043e\u043b\u0438\u0447\u0435\u0441\u0442\u0432\u0430 \u0441\u043e\u0442\u0440\u0443\u0434\u043d\u0438\u043a\u043e\u0432, \u0441\u0432\u043e\u0431\u043e\u0434\u043d\u044b\u0445 \u043f\u043b\u043e\u0449\u0430\u0434\u0435\u0439, \u0430 \u0442\u0430\u043a\u0436\u0435 \u043c\u0430\u0442\u0435\u0440\u0438\u0430\u043b\u044c\u043d\u044b\u0445 \u0432\u043e\u0437\u043c\u043e\u0436\u043d\u043e\u0441\u0442\u0435\u0439, \u043a\u043e\u043c\u043f\u0430\u043d\u0438\u044f \u00abSa\u011flam Catering\u00bb \u043f\u0440\u0435\u0434\u043b\u043e\u0436\u0438\u0442 \u0412\u0430\u043c \u043a\u043e\u0440\u043f\u043e\u0440\u0430\u0442\u0438\u0432\u043d\u043e\u0435 \u043f\u0438\u0442\u0430\u043d\u0438\u0435 \u0432 \u0440\u0430\u0437\u043b\u0438\u0447\u043d\u044b\u0445 \u0444\u043e\u0440\u043c\u0430\u0442\u0430\u0445:<\/p><ol><li>\u0421\u0435\u0440\u0432\u0438\u0441 \u043d\u0430 \u043c\u0435\u0441\u0442\u0430\u0445: \u043e\u0440\u0433\u0430\u043d\u0438\u0437\u0430\u0446\u0438\u044f \u043f\u0438\u0442\u0430\u043d\u0438\u044f \u043d\u0430 \u0412\u0430\u0448\u0435\u0439 \u0442\u0435\u0440\u0440\u0438\u0442\u043e\u0440\u0438\u0438.<\/li><li>\u0414\u043e\u0441\u0442\u0430\u0432\u043a\u0430 \u0433\u043e\u0442\u043e\u0432\u043e\u0439 \u0435\u0434\u044b: \u043f\u043e\u0440\u0446\u0438\u043e\u043d\u043d\u0430\u044f \u043f\u0438\u0449\u0430 \u0432 \u0443\u043f\u0430\u043a\u043e\u0432\u043a\u0430\u0445.<\/li><\/ol><p><strong><u>\u041e\u0440\u0433\u0430\u043d\u0438\u0437\u0430\u0446\u0438\u044f \u043f\u0438\u0442\u0430\u043d\u0438\u044f \u043d\u0430 \u043f\u0440\u0435\u0434\u043f\u0440\u0438\u044f\u0442\u0438\u0438 <\/u><\/strong><\/p><p>\u0414\u0430\u043d\u043d\u0430\u044f \u0443\u0441\u043b\u0443\u0433\u0430 \u0432\u043a\u043b\u044e\u0447\u0430\u0435\u0442 \u0432 \u0441\u0435\u0431\u044f \u043e\u0441\u043d\u0430\u0449\u0435\u043d\u0438\u0435 \u043f\u043e\u043c\u0435\u0449\u0435\u043d\u0438\u044f \u0441\u0442\u043e\u043b\u043e\u0432\u043e\u0439 \u043d\u0435\u043e\u0431\u0445\u043e\u0434\u0438\u043c\u044b\u043c \u043e\u0431\u043e\u0440\u0443\u0434\u043e\u0432\u0430\u043d\u0438\u0435\u043c \u0438 \u043c\u0435\u0431\u0435\u043b\u044c\u044e, \u0430 \u0442\u0430\u043a\u0436\u0435 \u0434\u0430\u043b\u044c\u043d\u0435\u0439\u0448\u0435\u0435 \u043e\u0431\u0441\u043b\u0443\u0436\u0438\u0432\u0430\u043d\u0438\u0435 \u0441\u043e\u0442\u0440\u0443\u0434\u043d\u0438\u043a\u043e\u0432 \u043e\u0440\u0433\u0430\u043d\u0438\u0437\u0430\u0446\u0438\u0438 (\u0440\u0430\u0437\u0434\u0430\u0447\u0430 \u043f\u0438\u0442\u0430\u043d\u0438\u044f, \u0443\u0431\u043e\u0440\u043a\u0430 \u043f\u043e\u043c\u0435\u0449\u0435\u043d\u0438\u044f). \u041e\u0440\u0433\u0430\u043d\u0438\u0437\u043e\u0432\u0430\u0442\u044c \u043a\u043e\u0440\u043f\u043e\u0440\u0430\u0442\u0438\u0432\u043d\u043e\u0435 \u043f\u0438\u0442\u0430\u043d\u0438\u0435 \u0432 \u0441\u0442\u043e\u043b\u043e\u0432\u043e\u0439 \u043c\u043e\u0436\u043d\u043e \u0432 \u0442\u0440\u0435\u0445 \u0444\u043e\u0440\u043c\u0430\u0442\u0430\u0445:<\/p><ol><li>\u0421\u0442\u043e\u043b\u043e\u0432\u0430\u044f \u043f\u043e\u043b\u043d\u043e\u0433\u043e \u0446\u0438\u043a\u043b\u0430. \u0422\u0430\u043a\u043e\u0435 \u0437\u0430\u0432\u0435\u0434\u0435\u043d\u0438\u0435 \u043f\u0438\u0442\u0430\u043d\u0438\u044f \u043f\u043e\u0434\u0440\u0430\u0437\u0443\u043c\u0435\u0432\u0430\u0435\u0442 \u043e\u0440\u0433\u0430\u043d\u0438\u0437\u0430\u0446\u0438\u044e \u043f\u043e\u043b\u043d\u043e\u0433\u043e \u0446\u0438\u043a\u043b\u0430 \u043f\u0440\u0438\u0433\u043e\u0442\u043e\u0432\u043b\u0435\u043d\u0438\u044f \u0431\u043b\u044e\u0434 \u2013 \u043e\u0442 \u043f\u043e\u0434\u0433\u043e\u0442\u043e\u0432\u043a\u0438 \u0441\u044b\u0440\u044c\u044f \u0434\u043e \u0440\u0430\u0437\u0434\u0430\u0447\u0438. \u042d\u0442\u043e\u0442 \u0444\u043e\u0440\u043c\u0430\u0442 \u043f\u043e\u0434\u0445\u043e\u0434\u0438\u0442 \u0434\u043b\u044f \u043f\u0440\u043e\u043c\u044b\u0448\u043b\u0435\u043d\u043d\u044b\u0445 \u043f\u0440\u0435\u0434\u043f\u0440\u0438\u044f\u0442\u0438\u0439, \u0433\u043e\u0441\u0443\u0434\u0430\u0440\u0441\u0442\u0432\u0435\u043d\u043d\u044b\u0445 \u0443\u0447\u0440\u0435\u0436\u0434\u0435\u043d\u0438\u0439, \u0430 \u0442\u0430\u043a\u0436\u0435 \u0434\u043b\u044f \u043a\u0440\u0443\u043f\u043d\u044b\u0445 \u0444\u0438\u0440\u043c \u0438 \u0431\u0438\u0437\u043d\u0435\u0441-\u0446\u0435\u043d\u0442\u0440\u043e\u0432.<\/li><li>\u0414\u043e\u0433\u043e\u0442\u043e\u0432\u043e\u0447\u043d\u0430\u044f \u0441\u0442\u043e\u043b\u043e\u0432\u0430\u044f. \u041e\u0440\u0433\u0430\u043d\u0438\u0437\u0430\u0446\u0438\u044f \u043f\u0438\u0442\u0430\u043d\u0438\u044f \u0432 \u0443\u0441\u043b\u043e\u0432\u0438\u044f\u0445 \u043e\u0433\u0440\u0430\u043d\u0438\u0447\u0435\u043d\u043d\u043e\u0439 \u0442\u0435\u0440\u0440\u0438\u0442\u043e\u0440\u0438\u0438. \u0412 \u044d\u0442\u043e\u043c \u0441\u043b\u0443\u0447\u0430\u0435 \u043f\u0440\u0435\u0434\u0432\u0430\u0440\u0438\u0442\u0435\u043b\u044c\u043d\u0430\u044f \u043f\u043e\u0434\u0433\u043e\u0442\u043e\u0432\u043a\u0430 \u0441\u044b\u0440\u044c\u044f \u0438 \u043f\u0440\u043e\u0434\u0443\u043a\u0442\u043e\u0432 \u043f\u0440\u043e\u0438\u0437\u0432\u043e\u0434\u0438\u0442\u0441\u044f \u043d\u0430 \u043a\u0443\u0445\u043d\u044f\u0445 \u00abSa\u011flam Catering\u00bb, \u0431\u043b\u044e\u0434\u0430 \u0434\u043e\u0432\u043e\u0434\u044f\u0442 \u0434\u043e \u0433\u043e\u0442\u043e\u0432\u043d\u043e\u0441\u0442\u0438 (\u0440\u0430\u0437\u043e\u0433\u0440\u0435\u0432\u0430\u044e\u0442, \u0440\u0430\u0441\u043a\u043b\u0430\u0434\u044b\u0432\u0430\u044e\u0442) \u043d\u0430 \u0442\u0435\u0440\u0440\u0438\u0442\u043e\u0440\u0438\u0438 \u0437\u0430\u043a\u0430\u0437\u0447\u0438\u043a\u0430.<\/li><\/ol><\/div>\n\t\t\t\t<\/div>\n\t\t\t\t<\/div>\n\t\t\t\t\t\t<\/div>\n\t\t\t\t\t<\/div>\n\t\t<\/div>\n\t\t\t\t\t\t\t\t<\/div>\n\t\t\t\t\t<\/div>\n\t\t<\/section>\n\t\t\t\t<section data-particle_enable=\"false\" data-particle-mobile-disabled=\"false\" class=\"elementor-section elementor-top-section elementor-element elementor-element-934abaf elementor-section-boxed elementor-section-height-default elementor-section-height-default\" data-id=\"934abaf\" data-element_type=\"section\">\n\t\t\t\t\t\t<div class=\"elementor-container elementor-column-gap-default\">\n\t\t\t\t\t\t\t<div class=\"elementor-row\">\n\t\t\t\t\t<div class=\"elementor-column elementor-col-100 elementor-top-column elementor-element elementor-element-938597a\" data-id=\"938597a\" data-element_type=\"column\">\n\t\t\t<div class=\"elementor-column-wrap elementor-element-populated\">\n\t\t\t\t\t\t\t<div class=\"elementor-widget-wrap\">\n\t\t\t\t\t\t<div class=\"elementor-element elementor-element-4b1d5e9 elementor-arrows-position-inside elementor-pagination-position-outside elementor-widget elementor-widget-image-carousel\" data-id=\"4b1d5e9\" data-element_type=\"widget\" data-settings=\"{&quot;navigation&quot;:&quot;both&quot;,&quot;autoplay&quot;:&quot;yes&quot;,&quot;pause_on_hover&quot;:&quot;yes&quot;,&quot;pause_on_interaction&quot;:&quot;yes&quot;,&quot;autoplay_speed&quot;:5000,&quot;infinite&quot;:&quot;yes&quot;,&quot;speed&quot;:500}\" data-widget_type=\"image-carousel.default\">\n\t\t\t\t<div class=\"elementor-widget-container\">\n\t\t\t\t\t<div class=\"elementor-image-carousel-wrapper swiper-container\" dir=\"ltr\">\n\t\t\t<div class=\"elementor-image-carousel swiper-wrapper\">\n\t\t\t\t<div class=\"swiper-slide\"><figure class=\"swiper-slide-inner\"><img class=\"swiper-slide-image\" src=\"https:\/\/saglamcatering.az\/wp-content\/uploads\/2021\/01\/uer-1-370x247.jpg\" alt=\"\u00fcer\" \/><\/figure><\/div><div class=\"swiper-slide\"><figure class=\"swiper-slide-inner\"><img class=\"swiper-slide-image\" src=\"https:\/\/saglamcatering.az\/wp-content\/uploads\/2021\/01\/take-away-food-with-vegetables-meat-boxes_1303-25004-370x247.jpg\" alt=\"take-away-food-with-vegetables-meat-boxes_1303-25004\" \/><\/figure><\/div><div class=\"swiper-slide\"><figure class=\"swiper-slide-inner\"><img class=\"swiper-slide-image\" src=\"https:\/\/saglamcatering.az\/wp-content\/uploads\/2021\/01\/chicken-rice-bento.jpg\" alt=\"Chicken rice bento\" \/><\/figure><\/div>\t\t\t<\/div>\n\t\t\t\t\t\t\t\t\t\t\t\t<div class=\"swiper-pagination\"><\/div>\n\t\t\t\t\t\t\t\t\t\t\t\t\t<div class=\"elementor-swiper-button elementor-swiper-button-prev\">\n\t\t\t\t\t\t<i class=\"eicon-chevron-left\" aria-hidden=\"true\"><\/i>\n\t\t\t\t\t\t<span class=\"elementor-screen-only\">\u041d\u0430\u0437\u0430\u0434<\/span>\n\t\t\t\t\t<\/div>\n\t\t\t\t\t<div class=\"elementor-swiper-button elementor-swiper-button-next\">\n\t\t\t\t\t\t<i class=\"eicon-chevron-right\" aria-hidden=\"true\"><\/i>\n\t\t\t\t\t\t<span class=\"elementor-screen-only\">\u0414\u0430\u043b\u0435\u0435<\/span>\n\t\t\t\t\t<\/div>\n\t\t\t\t\t\t\t\t\t<\/div>\n\t\t\t\t<\/div>\n\t\t\t\t<\/div>\n\t\t\t\t\t\t<\/div>\n\t\t\t\t\t<\/div>\n\t\t<\/div>\n\t\t\t\t\t\t\t\t<\/div>\n\t\t\t\t\t<\/div>\n\t\t<\/section>\n\t\t\t\t<section data-particle_enable=\"false\" data-particle-mobile-disabled=\"false\" class=\"elementor-section elementor-top-section elementor-element elementor-element-cc70d5a elementor-section-boxed elementor-section-height-default elementor-section-height-default\" data-id=\"cc70d5a\" data-element_type=\"section\">\n\t\t\t\t\t\t<div class=\"elementor-container elementor-column-gap-default\">\n\t\t\t\t\t\t\t<div class=\"elementor-row\">\n\t\t\t\t\t<div class=\"elementor-column elementor-col-100 elementor-top-column elementor-element elementor-element-c5b4cf9\" data-id=\"c5b4cf9\" data-element_type=\"column\">\n\t\t\t<div class=\"elementor-column-wrap elementor-element-populated\">\n\t\t\t\t\t\t\t<div class=\"elementor-widget-wrap\">\n\t\t\t\t\t\t<div class=\"elementor-element elementor-element-98f1732 elementor-widget elementor-widget-cristiano_article\" data-id=\"98f1732\" data-element_type=\"widget\" data-widget_type=\"cristiano_article.default\">\n\t\t\t\t<div class=\"elementor-widget-container\">\n\t\t\t\r\n\t\t<div class=\"center\">\r\n\t\t\t<div class=\"article cols-2 no-margin has-post-thumbnail to-left\">\r\n\t\t\t\t<div class=\"image\"><img width=\"675\" height=\"376\" src=\"https:\/\/saglamcatering.az\/wp-content\/uploads\/2021\/01\/side-view-buffet-675x376.jpg\" class=\"attachment-medium size-medium\" alt=\"\" srcset=\"https:\/\/saglamcatering.az\/wp-content\/uploads\/2021\/01\/side-view-buffet-675x376.jpg 675w, https:\/\/saglamcatering.az\/wp-content\/uploads\/2021\/01\/side-view-buffet-830x463.jpg 830w, https:\/\/saglamcatering.az\/wp-content\/uploads\/2021\/01\/side-view-buffet-768x428.jpg 768w, https:\/\/saglamcatering.az\/wp-content\/uploads\/2021\/01\/side-view-buffet-1536x856.jpg 1536w, https:\/\/saglamcatering.az\/wp-content\/uploads\/2021\/01\/side-view-buffet-2048x1142.jpg 2048w, https:\/\/saglamcatering.az\/wp-content\/uploads\/2021\/01\/side-view-buffet-16x9.jpg 16w\" sizes=\"(max-width: 675px) 100vw, 675px\" \/><\/div>\r\n\t\t\t\t<div class=\"details color-content rwd-padding\">\r\n\t\t\t\t\t<h2 class=\"font-title\"><\/h2>\r\n\t\t\t\t\t<p>\u0414\u043e\u0441\u0442\u0430\u0432\u043a\u0443 \u0433\u043e\u0442\u043e\u0432\u043e\u0439 \u043f\u043e\u0440\u0446\u0438\u043e\u043d\u043d\u043e\u0439 \u0435\u0434\u044b \u043e\u0431\u044b\u0447\u043d\u043e \u0437\u0430\u043a\u0430\u0437\u044b\u0432\u0430\u044e\u0442 \u043d\u0435\u0431\u043e\u043b\u044c\u0448\u0438\u0435 \u043a\u043e\u043c\u043f\u0430\u043d\u0438\u0438, \u0444\u0438\u0440\u043c\u044b \u0441 \u043d\u0435\u0440\u0435\u0433\u0443\u043b\u044f\u0440\u043d\u044b\u043c \u043f\u0438\u0442\u0430\u043d\u0438\u0435\u043c \u0441\u043e\u0442\u0440\u0443\u0434\u043d\u0438\u043a\u043e\u0432 \u0438 \u043e\u0440\u0433\u0430\u043d\u0438\u0437\u0430\u0446\u0438\u0438, \u043d\u0435 \u0438\u043c\u0435\u044e\u0449\u0438\u0435 \u0441\u0432\u043e\u0431\u043e\u0434\u043d\u044b\u0445 \u043f\u043b\u043e\u0449\u0430\u0434\u0435\u0439 \u0434\u043b\u044f \u043e\u0431\u043e\u0440\u0443\u0434\u043e\u0432\u0430\u043d\u0438\u044f \u0441\u0442\u043e\u043b\u043e\u0432\u043e\u0439.<br \/>\n\u0415\u0436\u0435\u0434\u043d\u0435\u0432\u043d\u043e \u043a\u043e\u043c\u043f\u0430\u043d\u0438\u044f \u00abSa\u011flam Catering\u00bb \u0434\u043e\u0441\u0442\u0430\u0432\u043b\u044f\u0435\u0442 \u0433\u043e\u0440\u044f\u0447\u0438\u0435 \u0438 \u0432\u043a\u0443\u0441\u043d\u044b\u0435 \u043e\u0431\u0435\u0434\u044b \u0432 \u043a\u043e\u043c\u043c\u0435\u0440\u0447\u0435\u0441\u043a\u0438\u0435 \u043e\u0440\u0433\u0430\u043d\u0438\u0437\u0430\u0446\u0438\u0438, \u043e\u0444\u0438\u0441\u043d\u044b\u0435 \u0446\u0435\u043d\u0442\u0440\u044b, \u0433\u043e\u0441\u0443\u0434\u0430\u0440\u0441\u0442\u0432\u0435\u043d\u043d\u044b\u0435 \u0443\u0447\u0440\u0435\u0436\u0434\u0435\u043d\u0438\u044f. \u041d\u0430\u0448\u0438 \u043e\u0431\u0435\u0434\u044b \u0434\u043e\u0441\u0442\u0430\u0432\u043b\u044f\u044e\u0442\u0441\u044f \u0442\u043e\u0447\u043d\u043e \u0432 \u0441\u0440\u043e\u043a, \u0432 \u043b\u044e\u0431\u043e\u0435 \u0432\u0440\u0435\u043c\u044f \u0441\u0443\u0442\u043e\u043a \u0438 \u043e\u0431\u044f\u0437\u0430\u0442\u0435\u043b\u044c\u043d\u043e \u0433\u043e\u0440\u044f\u0447\u0438\u043c\u0438 (\u0434\u043e\u0441\u0442\u0430\u0432\u043a\u0430 \u043f\u0440\u043e\u0438\u0437\u0432\u043e\u0434\u0438\u0442\u0441\u044f \u0432 \u0441\u043f\u0435\u0446\u0438\u0430\u043b\u044c\u043d\u044b\u0445 \u0433\u0435\u0440\u043c\u0435\u0442\u0438\u0447\u043d\u044b\u0445 \u0442\u0435\u0440\u043c\u043e\u0431\u043e\u043a\u0441\u0430\u0445). \u041a\u043e\u043c\u043f\u043b\u0435\u043a\u0441\u043d\u044b\u0435 \u043e\u0431\u0435\u0434\u044b \u0443\u043f\u0430\u043a\u043e\u0432\u0430\u043d\u044b \u0432 \u0443\u0434\u043e\u0431\u043d\u044b\u0435 \u0438\u043d\u0434\u0438\u0432\u0438\u0434\u0443\u0430\u043b\u044c\u043d\u044b\u0435 \u043a\u043e\u043d\u0442\u0435\u0439\u043d\u0435\u0440\u044b (\u043b\u0430\u043d\u0447\u0431\u043e\u043a\u0441\u044b), \u0432 \u043a\u043e\u043c\u043f\u043b\u0435\u043a\u0442\u0435 \u0441 \u043e\u0434\u043d\u043e\u0440\u0430\u0437\u043e\u0432\u044b\u043c\u0438 \u0441\u0442\u043e\u043b\u043e\u0432\u044b\u043c\u0438 \u043f\u0440\u0438\u0431\u043e\u0440\u0430\u043c\u0438 (\u043b\u043e\u0436\u043a\u0430, \u0432\u0438\u043b\u043a\u0430, \u043d\u043e\u0436) \u0438, \u043a\u043e\u043d\u0435\u0447\u043d\u043e, \u0432 \u043a\u0430\u0436\u0434\u0443\u044e \u043f\u043e\u0440\u0446\u0438\u044e \u043c\u044b \u043a\u043b\u0430\u0434\u0435\u043c \u043c\u044f\u0433\u043a\u0438\u0439, \u0434\u0443\u0448\u0438\u0441\u0442\u044b\u0439 \u0445\u043b\u0435\u0431.<\/p>\n\t\t\t\t<\/div>\r\n\t\t\t<\/div>\r\n\t\t<\/div>\r\n\r\n\t\t\t\t<\/div>\n\t\t\t\t<\/div>\n\t\t\t\t\t\t<\/div>\n\t\t\t\t\t<\/div>\n\t\t<\/div>\n\t\t\t\t\t\t\t\t<\/div>\n\t\t\t\t\t<\/div>\n\t\t<\/section>\n\t\t\t\t\t\t<\/div>\n\t\t\t\t\t\t<\/div>\n\t\t\t\t\t<\/div>","protected":false},"excerpt":{"rendered":"<p>&#8220;Sa\u011flam Catering&#8221; \u015firk\u0259ti korporativ qidalanma xidm\u0259tl\u0259rini \u0259n y\u00fcks\u0259k s\u0259viyy\u0259d\u0259 t\u0259qdim edir. Biz xidm\u0259tl\u0259rimizi istehsal m\u00fc\u0259ssis\u0259l\u0259rind\u0259, biznes m\u0259rk\u0259zl\u0259rind\u0259, \u015firk\u0259tl\u0259rin ofisl\u0259rind\u0259, el\u0259c\u0259 d\u0259 t\u0259hsil m\u00fc\u0259ssis\u0259l\u0259rind\u0259 g\u00f6st\u0259ririk. \u018fm\u0259kda\u015flar\u0131n say\u0131ndan, bo\u015f sah\u0259l\u0259rd\u0259n, h\u0259m\u00e7inin maddi&#8230;<\/p>","protected":false},"author":1,"featured_media":2024,"parent":0,"menu_order":0,"comment_status":"closed","ping_status":"closed","template":"","meta":[],"_links":{"self":[{"href":"https:\/\/saglamcatering.az\/ru\/wp-json\/wp\/v2\/pages\/1117"}],"collection":[{"href":"https:\/\/saglamcatering.az\/ru\/wp-json\/wp\/v2\/pages"}],"about":[{"href":"https:\/\/saglamcatering.az\/ru\/wp-json\/wp\/v2\/types\/page"}],"author":[{"embeddable":true,"href":"https:\/\/saglamcatering.az\/ru\/wp-json\/wp\/v2\/users\/1"}],"replies":[{"embeddable":true,"href":"https:\/\/saglamcatering.az\/ru\/wp-json\/wp\/v2\/comments?post=1117"}],"version-history":[{"count":87,"href":"https:\/\/saglamcatering.az\/ru\/wp-json\/wp\/v2\/pages\/1117\/revisions"}],"predecessor-version":[{"id":2116,"href":"https:\/\/saglamcatering.az\/ru\/wp-json\/wp\/v2\/pages\/1117\/revisions\/2116"}],"wp:featuredmedia":[{"embeddable":true,"href":"https:\/\/saglamcatering.az\/ru\/wp-json\/wp\/v2\/media\/2024"}],"wp:attachment":[{"href":"https:\/\/saglamcatering.az\/ru\/wp-json\/wp\/v2\/media?parent=1117"}],"curies":[{"name":"wp","href":"https:\/\/api.w.org\/{rel}","templated":true}]}}