{"id":993,"date":"2021-01-03T20:24:12","date_gmt":"2021-01-03T20:24:12","guid":{"rendered":"https:\/\/saglamcatering.az\/?page_id=993"},"modified":"2021-02-14T20:03:49","modified_gmt":"2021-02-14T20:03:49","slug":"service","status":"publish","type":"page","link":"https:\/\/saglamcatering.az\/en\/service\/","title":{"rendered":"Our service"},"content":{"rendered":"<div data-elementor-type=\"wp-page\" data-elementor-id=\"993\" class=\"elementor elementor-993\" data-elementor-settings=\"[]\">\n\t\t\t\t\t\t<div class=\"elementor-inner\">\n\t\t\t\t\t\t\t<div class=\"elementor-section-wrap\">\n\t\t\t\t\t\t\t<section data-particle_enable=\"false\" data-particle-mobile-disabled=\"false\" class=\"elementor-section elementor-top-section elementor-element elementor-element-040b001 elementor-section-boxed elementor-section-height-default elementor-section-height-default\" data-id=\"040b001\" data-element_type=\"section\">\n\t\t\t\t\t\t<div class=\"elementor-container elementor-column-gap-default\">\n\t\t\t\t\t\t\t<div class=\"elementor-row\">\n\t\t\t\t\t<div class=\"elementor-column elementor-col-100 elementor-top-column elementor-element elementor-element-5b169fb\" data-id=\"5b169fb\" data-element_type=\"column\">\n\t\t\t<div class=\"elementor-column-wrap elementor-element-populated\">\n\t\t\t\t\t\t\t<div class=\"elementor-widget-wrap\">\n\t\t\t\t\t\t<div class=\"elementor-element elementor-element-c3a7353 elementor-invisible elementor-widget elementor-widget-cristiano_article\" data-id=\"c3a7353\" data-element_type=\"widget\" data-settings=\"{&quot;_animation&quot;:&quot;slideInUp&quot;}\" data-widget_type=\"cristiano_article.default\">\n\t\t\t\t<div class=\"elementor-widget-container\">\n\t\t\t\r\n\t\t<div class=\"center\">\r\n\t\t\t<div class=\"article cols-2 no-margin has-post-thumbnail to-right\">\r\n\t\t\t\t<div class=\"image\"><img width=\"675\" height=\"425\" src=\"https:\/\/saglamcatering.az\/wp-content\/uploads\/2021\/01\/scooping-food-buffet-food-restaurant-catering-675x425.jpg\" class=\"attachment-medium size-medium\" alt=\"\" \/><\/div>\r\n\t\t\t\t<div class=\"details color-content rwd-padding\">\r\n\t\t\t\t\t<h2 class=\"font-title\">Corporate catering <\/h2>\r\n\t\t\t\t\t<p>The \"Sa\u011flam Catering\" Company provides corporate catering services of the highest quality. We provide our services at manufacturing facilities, business centers, companies\u2019 offices, and educational institutions. Depending on the number of employees, available spaces, and finances, \"Sa\u011flam Catering\" will offer you catering of different types.  <\/p>\n<p><a href=\"https:\/\/saglamcatering.az\/en\/korporativ-qidalanma\/\">More >><\/a><\/p>\n\t\t\t\t<\/div>\r\n\t\t\t<\/div>\r\n\t\t<\/div>\r\n\r\n\t\t\t\t<\/div>\n\t\t\t\t<\/div>\n\t\t\t\t\t\t<\/div>\n\t\t\t\t\t<\/div>\n\t\t<\/div>\n\t\t\t\t\t\t\t\t<\/div>\n\t\t\t\t\t<\/div>\n\t\t<\/section>\n\t\t\t\t<section data-particle_enable=\"false\" data-particle-mobile-disabled=\"false\" class=\"elementor-section elementor-top-section elementor-element elementor-element-12afbd1 elementor-section-boxed elementor-section-height-default elementor-section-height-default\" data-id=\"12afbd1\" data-element_type=\"section\">\n\t\t\t\t\t\t<div class=\"elementor-container elementor-column-gap-default\">\n\t\t\t\t\t\t\t<div class=\"elementor-row\">\n\t\t\t\t\t<div class=\"elementor-column elementor-col-100 elementor-top-column elementor-element elementor-element-c08c91e\" data-id=\"c08c91e\" data-element_type=\"column\">\n\t\t\t<div class=\"elementor-column-wrap elementor-element-populated\">\n\t\t\t\t\t\t\t<div class=\"elementor-widget-wrap\">\n\t\t\t\t\t\t<div class=\"elementor-element elementor-element-dc3ebc1 elementor-invisible elementor-widget elementor-widget-cristiano_article\" data-id=\"dc3ebc1\" data-element_type=\"widget\" data-settings=\"{&quot;_animation&quot;:&quot;slideInUp&quot;}\" data-widget_type=\"cristiano_article.default\">\n\t\t\t\t<div class=\"elementor-widget-container\">\n\t\t\t\r\n\t\t<div class=\"center\">\r\n\t\t\t<div class=\"article cols-2 no-margin has-post-thumbnail to-left\">\r\n\t\t\t\t<div class=\"image\"><img width=\"675\" height=\"450\" src=\"https:\/\/saglamcatering.az\/wp-content\/uploads\/2021\/02\/event-675x450.jpg\" class=\"attachment-medium size-medium\" alt=\"\" srcset=\"https:\/\/saglamcatering.az\/wp-content\/uploads\/2021\/02\/event-675x450.jpg 675w, https:\/\/saglamcatering.az\/wp-content\/uploads\/2021\/02\/event-830x554.jpg 830w, https:\/\/saglamcatering.az\/wp-content\/uploads\/2021\/02\/event-370x247.jpg 370w, https:\/\/saglamcatering.az\/wp-content\/uploads\/2021\/02\/event-768x512.jpg 768w, https:\/\/saglamcatering.az\/wp-content\/uploads\/2021\/02\/event-16x12.jpg 16w, https:\/\/saglamcatering.az\/wp-content\/uploads\/2021\/02\/event.jpg 1000w\" sizes=\"(max-width: 675px) 100vw, 675px\" \/><\/div>\r\n\t\t\t\t<div class=\"details color-content rwd-padding\">\r\n\t\t\t\t\t<h2 class=\"font-title\">Organization of social events<\/h2>\r\n\t\t\t\t\t<p>The catering of public events by \"Sa\u011flam Catering\" is a high-class off-site restaurant service for business and festive events of any subject, format and status, in halls or at outdoor venues. <\/p>\n<p><a href=\"https:\/\/saglamcatering.az\/en\/ictimai-t%c9%99dbirl%c9%99rin-t%c9%99skili\/\">More >><\/a><\/p>\n\t\t\t\t<\/div>\r\n\t\t\t<\/div>\r\n\t\t<\/div>\r\n\r\n\t\t\t\t<\/div>\n\t\t\t\t<\/div>\n\t\t\t\t\t\t<\/div>\n\t\t\t\t\t<\/div>\n\t\t<\/div>\n\t\t\t\t\t\t\t\t<\/div>\n\t\t\t\t\t<\/div>\n\t\t<\/section>\n\t\t\t\t<section data-particle_enable=\"false\" data-particle-mobile-disabled=\"false\" class=\"elementor-section elementor-top-section elementor-element elementor-element-ae6d1ee elementor-section-boxed elementor-section-height-default elementor-section-height-default\" data-id=\"ae6d1ee\" data-element_type=\"section\">\n\t\t\t\t\t\t<div class=\"elementor-container elementor-column-gap-default\">\n\t\t\t\t\t\t\t<div class=\"elementor-row\">\n\t\t\t\t\t<div class=\"elementor-column elementor-col-100 elementor-top-column elementor-element elementor-element-642150b\" data-id=\"642150b\" data-element_type=\"column\">\n\t\t\t<div class=\"elementor-column-wrap elementor-element-populated\">\n\t\t\t\t\t\t\t<div class=\"elementor-widget-wrap\">\n\t\t\t\t\t\t<div class=\"elementor-element elementor-element-9c5140a elementor-invisible elementor-widget elementor-widget-cristiano_article\" data-id=\"9c5140a\" data-element_type=\"widget\" data-settings=\"{&quot;_animation&quot;:&quot;slideInUp&quot;}\" data-widget_type=\"cristiano_article.default\">\n\t\t\t\t<div class=\"elementor-widget-container\">\n\t\t\t\r\n\t\t<div class=\"center\">\r\n\t\t\t<div class=\"article cols-2 no-margin has-post-thumbnail to-right\">\r\n\t\t\t\t<div class=\"image\"><img width=\"675\" height=\"337\" src=\"https:\/\/saglamcatering.az\/wp-content\/uploads\/2021\/02\/samp-675x337.jpg\" class=\"attachment-medium size-medium\" alt=\"\" srcset=\"https:\/\/saglamcatering.az\/wp-content\/uploads\/2021\/02\/samp-675x337.jpg 675w, https:\/\/saglamcatering.az\/wp-content\/uploads\/2021\/02\/samp-830x414.jpg 830w, https:\/\/saglamcatering.az\/wp-content\/uploads\/2021\/02\/samp-768x383.jpg 768w, https:\/\/saglamcatering.az\/wp-content\/uploads\/2021\/02\/samp-16x8.jpg 16w, https:\/\/saglamcatering.az\/wp-content\/uploads\/2021\/02\/samp.jpg 1336w\" sizes=\"(max-width: 675px) 100vw, 675px\" \/><\/div>\r\n\t\t\t\t<div class=\"details color-content rwd-padding\">\r\n\t\t\t\t\t<h2 class=\"font-title\">Ready-to-eat food and baked goods store<\/h2>\r\n\t\t\t\t\t<p>The favourable location of the \"Sa\u011flam Catering\" ready-to-eat food and baked goods store, at ..., allows a great number of our clients to use regularly the services of our cooks. Nice, stylish, modern design and decoration of the hall, convenient parking, friendly staff create comfort for visitors and allows them to make a choice easily without spending a lot of time.  <\/p>\n<p><a href=\"https:\/\/saglamcatering.az\/en\/hazir-yem%c9%99k-magazasi\/\">More >><\/a><\/p>\n\t\t\t\t<\/div>\r\n\t\t\t<\/div>\r\n\t\t<\/div>\r\n\r\n\t\t\t\t<\/div>\n\t\t\t\t<\/div>\n\t\t\t\t\t\t<\/div>\n\t\t\t\t\t<\/div>\n\t\t<\/div>\n\t\t\t\t\t\t\t\t<\/div>\n\t\t\t\t\t<\/div>\n\t\t<\/section>\n\t\t\t\t<section data-particle_enable=\"false\" data-particle-mobile-disabled=\"false\" class=\"elementor-section elementor-top-section elementor-element elementor-element-c184d84 elementor-section-boxed elementor-section-height-default elementor-section-height-default\" data-id=\"c184d84\" data-element_type=\"section\">\n\t\t\t\t\t\t<div class=\"elementor-container elementor-column-gap-default\">\n\t\t\t\t\t\t\t<div class=\"elementor-row\">\n\t\t\t\t\t<div class=\"elementor-column elementor-col-100 elementor-top-column elementor-element elementor-element-7f8bb53\" data-id=\"7f8bb53\" data-element_type=\"column\">\n\t\t\t<div class=\"elementor-column-wrap elementor-element-populated\">\n\t\t\t\t\t\t\t<div class=\"elementor-widget-wrap\">\n\t\t\t\t\t\t<div class=\"elementor-element elementor-element-8d8f746 elementor-invisible elementor-widget elementor-widget-cristiano_article\" data-id=\"8d8f746\" data-element_type=\"widget\" data-settings=\"{&quot;_animation&quot;:&quot;slideInUp&quot;}\" data-widget_type=\"cristiano_article.default\">\n\t\t\t\t<div class=\"elementor-widget-container\">\n\t\t\t\r\n\t\t<div class=\"center\">\r\n\t\t\t<div class=\"article cols-2 no-margin has-post-thumbnail to-left\">\r\n\t\t\t\t<div class=\"image\"><img width=\"450\" height=\"450\" src=\"https:\/\/saglamcatering.az\/wp-content\/uploads\/2021\/01\/HTB1Ig7QXzzuK1RjSspeq6ziHVXa5-450x450.jpg\" class=\"attachment-medium size-medium\" alt=\"\" srcset=\"https:\/\/saglamcatering.az\/wp-content\/uploads\/2021\/01\/HTB1Ig7QXzzuK1RjSspeq6ziHVXa5-450x450.jpg 450w, https:\/\/saglamcatering.az\/wp-content\/uploads\/2021\/01\/HTB1Ig7QXzzuK1RjSspeq6ziHVXa5-768x768.jpg 768w, https:\/\/saglamcatering.az\/wp-content\/uploads\/2021\/01\/HTB1Ig7QXzzuK1RjSspeq6ziHVXa5-12x12.jpg 12w, https:\/\/saglamcatering.az\/wp-content\/uploads\/2021\/01\/HTB1Ig7QXzzuK1RjSspeq6ziHVXa5-105x105.jpg 105w, https:\/\/saglamcatering.az\/wp-content\/uploads\/2021\/01\/HTB1Ig7QXzzuK1RjSspeq6ziHVXa5-675x675.jpg 675w, https:\/\/saglamcatering.az\/wp-content\/uploads\/2021\/01\/HTB1Ig7QXzzuK1RjSspeq6ziHVXa5-100x100.jpg 100w, https:\/\/saglamcatering.az\/wp-content\/uploads\/2021\/01\/HTB1Ig7QXzzuK1RjSspeq6ziHVXa5.jpg 800w\" sizes=\"(max-width: 450px) 100vw, 450px\" \/><\/div>\r\n\t\t\t\t<div class=\"details color-content rwd-padding\">\r\n\t\t\t\t\t<h2 class=\"font-title\">Field kitchen<\/h2>\r\n\t\t\t\t\t<p>Today field kitchens are the most cost-effective catering solution for public events, holidays and wide-area construction projects. Field kitchen require no power supply network, so it can be used anywhere, in any weather. The kitchen runs by solid and liquid fuel and is designed for work at ambient temperatures from -40\u00b0C to +50\u00b0C. The resource of one field kitchen allows to feed up to 2000 people.  <\/p>\n<p><a href=\"https:\/\/saglamcatering.az\/en\/s%c9%99yyar-m%c9%99tb%c9%99x\/\">More >><\/a><\/p>\n\t\t\t\t<\/div>\r\n\t\t\t<\/div>\r\n\t\t<\/div>\r\n\r\n\t\t\t\t<\/div>\n\t\t\t\t<\/div>\n\t\t\t\t\t\t<\/div>\n\t\t\t\t\t<\/div>\n\t\t<\/div>\n\t\t\t\t\t\t\t\t<\/div>\n\t\t\t\t\t<\/div>\n\t\t<\/section>\n\t\t\t\t\t\t<\/div>\n\t\t\t\t\t\t<\/div>\n\t\t\t\t\t<\/div>","protected":false},"excerpt":{"rendered":"<p>Korporativ Qidalanma &#8220;Sa\u011flam Catering&#8221; \u015firk\u0259ti korporativ qidalanma xidm\u0259tl\u0259rini \u0259n y\u00fcks\u0259k s\u0259viyy\u0259d\u0259 t\u0259qdim edir. Biz xidm\u0259tl\u0259rimizi istehsal m\u00fc\u0259ssis\u0259l\u0259rind\u0259, biznes m\u0259rk\u0259zl\u0259rind\u0259, \u015firk\u0259tl\u0259rin ofisl\u0259rind\u0259, el\u0259c\u0259 d\u0259 t\u0259hsil m\u00fc\u0259ssis\u0259l\u0259rind\u0259 g\u00f6st\u0259ririk. \u018fm\u0259kda\u015flar\u0131n say\u0131ndan, bo\u015f sah\u0259l\u0259rd\u0259n,&#8230;<\/p>","protected":false},"author":1,"featured_media":2100,"parent":0,"menu_order":0,"comment_status":"closed","ping_status":"closed","template":"","meta":[],"_links":{"self":[{"href":"https:\/\/saglamcatering.az\/en\/wp-json\/wp\/v2\/pages\/993"}],"collection":[{"href":"https:\/\/saglamcatering.az\/en\/wp-json\/wp\/v2\/pages"}],"about":[{"href":"https:\/\/saglamcatering.az\/en\/wp-json\/wp\/v2\/types\/page"}],"author":[{"embeddable":true,"href":"https:\/\/saglamcatering.az\/en\/wp-json\/wp\/v2\/users\/1"}],"replies":[{"embeddable":true,"href":"https:\/\/saglamcatering.az\/en\/wp-json\/wp\/v2\/comments?post=993"}],"version-history":[{"count":62,"href":"https:\/\/saglamcatering.az\/en\/wp-json\/wp\/v2\/pages\/993\/revisions"}],"predecessor-version":[{"id":2099,"href":"https:\/\/saglamcatering.az\/en\/wp-json\/wp\/v2\/pages\/993\/revisions\/2099"}],"wp:featuredmedia":[{"embeddable":true,"href":"https:\/\/saglamcatering.az\/en\/wp-json\/wp\/v2\/media\/2100"}],"wp:attachment":[{"href":"https:\/\/saglamcatering.az\/en\/wp-json\/wp\/v2\/media?parent=993"}],"curies":[{"name":"wp","href":"https:\/\/api.w.org\/{rel}","templated":true}]}}