{"id":41,"date":"2020-01-21T12:48:57","date_gmt":"2020-01-21T12:48:57","guid":{"rendered":"http:\/\/cristiano.ukrdevs.com\/?page_id=41"},"modified":"2021-11-15T18:38:47","modified_gmt":"2021-11-15T18:38:47","slug":"home","status":"publish","type":"page","link":"https:\/\/saglamcatering.az\/en\/","title":{"rendered":"Home"},"content":{"rendered":"<div data-elementor-type=\"wp-page\" data-elementor-id=\"41\" class=\"elementor elementor-41\" data-elementor-settings=\"[]\">\n\t\t\t\t\t\t<div class=\"elementor-inner\">\n\t\t\t\t\t\t\t<div class=\"elementor-section-wrap\">\n\t\t\t\t\t\t\t<section data-particle_enable=\"false\" data-particle-mobile-disabled=\"false\" class=\"elementor-section elementor-top-section elementor-element elementor-element-f7c0374 elementor-section-boxed elementor-section-height-default elementor-section-height-default\" data-id=\"f7c0374\" data-element_type=\"section\">\n\t\t\t\t\t\t<div class=\"elementor-container elementor-column-gap-default\">\n\t\t\t\t\t\t\t<div class=\"elementor-row\">\n\t\t\t\t\t<div class=\"elementor-column elementor-col-100 elementor-top-column elementor-element elementor-element-f7f0eaa\" data-id=\"f7f0eaa\" data-element_type=\"column\">\n\t\t\t<div class=\"elementor-column-wrap elementor-element-populated\">\n\t\t\t\t\t\t\t<div class=\"elementor-widget-wrap\">\n\t\t\t\t\t\t<div id=\"eael-section-tooltip-57819ea\" class=\"eael-section-tooltip elementor-element elementor-element-57819ea elementor-widget elementor-widget-cristiano_call_action_slider\" data-id=\"57819ea\" data-element_type=\"widget\" data-settings=\"{&quot;eael_tooltip_section_animation&quot;:&quot;fade&quot;,&quot;eael_tooltip_section_arrow_type&quot;:&quot;round&quot;,&quot;eael_tooltip_section_duration&quot;:600,&quot;eael_tooltip_section_delay&quot;:600,&quot;eael_tooltip_section_position&quot;:&quot;top&quot;,&quot;eael_tooltip_section_arrow&quot;:true,&quot;eael_tooltip_section_trigger&quot;:&quot;mouseenter&quot;,&quot;eael_tooltip_section_size&quot;:&quot;regular&quot;}\" data-widget_type=\"cristiano_call_action_slider.default\">\n\t\t\n            <script>\n                jQuery(window).on('elementor\/frontend\/init', function() {\n                    var $currentTooltip = '#eael-section-tooltip-57819ea';\n\n                    tippy($currentTooltip, {\n                        content: '',\n                        placement: 'top',\n                        animation: 'fade',\n                        arrow: '1',\n                        arrowType: 'round',\n                        duration: '600',\n                        distance: '10',\n                        delay: '600',\n                        size: 'regular',\n                        trigger: 'mouseenter',\n                        animateFill: false,\n                        flipOnUpdate: true,\n                        interactive: true,\n                        maxWidth: 350,\n                        zIndex: 999,\n                        onShow(instance) {\n                            var tippyPopper = instance.popper;\n                            jQuery(tippyPopper).attr('data-tippy-popper-id', '57819ea');\n                        }\n                    });\n                });\n            <\/script>\n        \t\t<div class=\"elementor-widget-container\">\n\t\t\t\t\t\t\n\t\t\t<section class=\"section-block promo-slider has-bg alignfull\">\n\t\t\t\t<div class=\"owl-carousel promo-slider-carousel\">\n\t\t\t\t\t\t\t\t\t\t<div class=\"item dzsparallaxer auto-init height-is-based-on-content use-loading\">\n\t\t\t\t\t\t<div class=\"divimage dzsparallaxer--target\" style=\"background-image: url(https:\/\/saglamcatering.az\/wp-content\/uploads\/2021\/01\/collage-1920x800.jpg)\"><\/div>\n\t\t\t\t\t\t<div class=\"wrap\">\n\t\t\t\t\t\t\t<div class=\"table-cell\">\n\t\t\t\t\t\t\t\t<div class=\"details color-content\">\n\t\t\t\t\t\t\t\t\t<h2 class=\"font-heading\">Delicious Useful Service<\/h2>\n\t\t\t\t\t\t\t\t\t<div class=\"content\">\n\t\t\t\t\t\t\t\t\t\t<p><b>\"Sa\u011flam Catering\"<\/b> has all the necessary equipment and appliances to implement the order of any complexity.<\/p>\n\t\t\t\t\t\t\t\t\t\t\n\t\t\t\t\t\t\t\t\t<\/div>\n\t\t\t\t\t\t\t\t\t\t\t\t\t\t\t\t\t<\/div>\n\t\t\t\t\t\t\t<\/div>\n\t\t\t\t\t\t<\/div>\n\t\t\t\t\t<\/div>\t\n\t\t\t\t\t\t\t\t\t\t<div class=\"item dzsparallaxer auto-init height-is-based-on-content use-loading\">\n\t\t\t\t\t\t<div class=\"divimage dzsparallaxer--target\" style=\"background-image: url(https:\/\/saglamcatering.az\/wp-content\/uploads\/2021\/01\/stock-photo-buffet-a-series-of-restaurant-food-photo-images-503182261.jpg)\"><\/div>\n\t\t\t\t\t\t<div class=\"wrap\">\n\t\t\t\t\t\t\t<div class=\"table-cell\">\n\t\t\t\t\t\t\t\t<div class=\"details color-content\">\n\t\t\t\t\t\t\t\t\t<h2 class=\"font-heading\">SA\u011eLAM CATER\u0130NG<\/h2>\n\t\t\t\t\t\t\t\t\t<div class=\"content\">\n\t\t\t\t\t\t\t\t\t\t<p><b> We strive to meet your expectations, gain your trust and enhance our image!<br \/>\n<\/b><\/p>\n\t\t\t\t\t\t\t\t\t\t\n\t\t\t\t\t\t\t\t\t<\/div>\n\t\t\t\t\t\t\t\t\t\t\t\t\t\t\t\t\t<\/div>\n\t\t\t\t\t\t\t<\/div>\n\t\t\t\t\t\t<\/div>\n\t\t\t\t\t<\/div>\t\n\t\t\t\t\t\t\t\t\t\t\n\t\t\t\t<\/div>\n\t\t\t\t\t\t\t\t<script>\n\t\t\t\t\tjQuery('.promo-slider-carousel').owlCarousel({\n\t\t\t\t\t\tnav: true,\n\t\t\t\t\t\titems: 1,\n\t\t\t\t\t\tmargin: 0,\n\t\t\t\t\t\tautoHeight: true,\n\t\t\t\t\t\tautoplay: Boolean( true ),\n\t\t\t\t\t\trewind: Boolean( true ),\n\t\t\t\t\t\tautoplayHoverPause: Boolean( true ),\n\t\t\t\t\t}); \n\t\t\t\t<\/script>\n\t\t\t\t\t\t\t<\/section>\n\t\t\n\t\t\t\t<\/div>\n\t\t\t\t<\/div>\n\t\t\t\t\t\t<\/div>\n\t\t\t\t\t<\/div>\n\t\t<\/div>\n\t\t\t\t\t\t\t\t<\/div>\n\t\t\t\t\t<\/div>\n\t\t<\/section>\n\t\t\t\t<section data-particle_enable=\"false\" data-particle-mobile-disabled=\"false\" class=\"elementor-section elementor-top-section elementor-element elementor-element-a83e4cf elementor-section-boxed elementor-section-height-default elementor-section-height-default\" data-id=\"a83e4cf\" data-element_type=\"section\">\n\t\t\t\t\t\t<div class=\"elementor-container elementor-column-gap-default\">\n\t\t\t\t\t\t\t<div class=\"elementor-row\">\n\t\t\t\t\t<div class=\"elementor-column elementor-col-100 elementor-top-column elementor-element elementor-element-1a76a81\" data-id=\"1a76a81\" data-element_type=\"column\">\n\t\t\t<div class=\"elementor-column-wrap elementor-element-populated\">\n\t\t\t\t\t\t\t<div class=\"elementor-widget-wrap\">\n\t\t\t\t\t\t<div class=\"elementor-element elementor-element-8461c78 elementor-widget elementor-widget-heading\" data-id=\"8461c78\" data-element_type=\"widget\" data-widget_type=\"heading.default\">\n\t\t\t\t<div class=\"elementor-widget-container\">\n\t\t\t<h2 class=\"elementor-heading-title elementor-size-default\">SERT\u0130F\u0130KATLARIMIZ<\/h2>\t\t<\/div>\n\t\t\t\t<\/div>\n\t\t\t\t<div class=\"elementor-element elementor-element-caafe92 elementor-widget elementor-widget-menu-anchor\" data-id=\"caafe92\" data-element_type=\"widget\" data-widget_type=\"menu-anchor.default\">\n\t\t\t\t<div class=\"elementor-widget-container\">\n\t\t\t\t\t<div id=\"certificate\" class=\"elementor-menu-anchor\"><\/div>\n\t\t\t\t<\/div>\n\t\t\t\t<\/div>\n\t\t\t\t<div class=\"elementor-element elementor-element-da056ad elementor-arrows-position-inside elementor-pagination-position-outside elementor-widget elementor-widget-image-carousel\" data-id=\"da056ad\" data-element_type=\"widget\" data-settings=\"{&quot;slides_to_show&quot;:&quot;1&quot;,&quot;navigation&quot;:&quot;both&quot;,&quot;autoplay&quot;:&quot;yes&quot;,&quot;pause_on_hover&quot;:&quot;yes&quot;,&quot;pause_on_interaction&quot;:&quot;yes&quot;,&quot;autoplay_speed&quot;:5000,&quot;infinite&quot;:&quot;yes&quot;,&quot;effect&quot;:&quot;slide&quot;,&quot;speed&quot;:500}\" data-widget_type=\"image-carousel.default\">\n\t\t\t\t<div class=\"elementor-widget-container\">\n\t\t\t\t\t<div class=\"elementor-image-carousel-wrapper swiper-container\" dir=\"ltr\">\n\t\t\t<div class=\"elementor-image-carousel swiper-wrapper\">\n\t\t\t\t<div class=\"swiper-slide\"><figure class=\"swiper-slide-inner\"><img class=\"swiper-slide-image\" src=\"https:\/\/saglamcatering.az\/wp-content\/uploads\/2021\/11\/c58d0945-5306-4dca-b6f8-112fe7ab2346-323x450.jpg\" alt=\"c58d0945-5306-4dca-b6f8-112fe7ab2346\" \/><\/figure><\/div><div class=\"swiper-slide\"><figure class=\"swiper-slide-inner\"><img class=\"swiper-slide-image\" src=\"https:\/\/saglamcatering.az\/wp-content\/uploads\/2021\/11\/AQTA_page-0001-318x450.jpg\" alt=\"AQTA_page-0001\" \/><\/figure><\/div>\t\t\t<\/div>\n\t\t\t\t\t\t\t\t\t\t\t\t<div class=\"swiper-pagination\"><\/div>\n\t\t\t\t\t\t\t\t\t\t\t\t\t<div class=\"elementor-swiper-button elementor-swiper-button-prev\">\n\t\t\t\t\t\t<i class=\"eicon-chevron-left\" aria-hidden=\"true\"><\/i>\n\t\t\t\t\t\t<span class=\"elementor-screen-only\">Previous<\/span>\n\t\t\t\t\t<\/div>\n\t\t\t\t\t<div class=\"elementor-swiper-button elementor-swiper-button-next\">\n\t\t\t\t\t\t<i class=\"eicon-chevron-right\" aria-hidden=\"true\"><\/i>\n\t\t\t\t\t\t<span class=\"elementor-screen-only\">Next<\/span>\n\t\t\t\t\t<\/div>\n\t\t\t\t\t\t\t\t\t<\/div>\n\t\t\t\t<\/div>\n\t\t\t\t<\/div>\n\t\t\t\t\t\t<\/div>\n\t\t\t\t\t<\/div>\n\t\t<\/div>\n\t\t\t\t\t\t\t\t<\/div>\n\t\t\t\t\t<\/div>\n\t\t<\/section>\n\t\t\t\t\t\t<\/div>\n\t\t\t\t\t\t<\/div>\n\t\t\t\t\t<\/div>","protected":false},"excerpt":{"rendered":"<p>DADLI FAYDALI X\u0130DM\u018fT &#8220;Sa\u011flam Catering&#8221; ist\u0259nil\u0259n m\u00fcr\u0259kk\u0259blikd\u0259 sifari\u015fin h\u0259yata ke\u00e7irilm\u0259si \u00fc\u00e7\u00fcn b\u00fct\u00fcn laz\u0131mi avadanl\u0131q v\u0259 f\u0259rdi inventara malikdir. SA\u011eLAM CATER\u0130NG G\u00f6zl\u0259ntil\u0259rinizi do\u011frultmaq, etimad\u0131n\u0131z\u0131 qazanmaq, imicimizi m\u00f6hk\u0259ml\u0259ndirm\u0259k m\u0259qs\u0259dimizdir! SERT\u0130F\u0130KATLARIMIZ Previous Next<\/p>","protected":false},"author":1,"featured_media":0,"parent":0,"menu_order":-10,"comment_status":"closed","ping_status":"closed","template":"","meta":[],"_links":{"self":[{"href":"https:\/\/saglamcatering.az\/en\/wp-json\/wp\/v2\/pages\/41"}],"collection":[{"href":"https:\/\/saglamcatering.az\/en\/wp-json\/wp\/v2\/pages"}],"about":[{"href":"https:\/\/saglamcatering.az\/en\/wp-json\/wp\/v2\/types\/page"}],"author":[{"embeddable":true,"href":"https:\/\/saglamcatering.az\/en\/wp-json\/wp\/v2\/users\/1"}],"replies":[{"embeddable":true,"href":"https:\/\/saglamcatering.az\/en\/wp-json\/wp\/v2\/comments?post=41"}],"version-history":[{"count":104,"href":"https:\/\/saglamcatering.az\/en\/wp-json\/wp\/v2\/pages\/41\/revisions"}],"predecessor-version":[{"id":2138,"href":"https:\/\/saglamcatering.az\/en\/wp-json\/wp\/v2\/pages\/41\/revisions\/2138"}],"wp:attachment":[{"href":"https:\/\/saglamcatering.az\/en\/wp-json\/wp\/v2\/media?parent=41"}],"curies":[{"name":"wp","href":"https:\/\/api.w.org\/{rel}","templated":true}]}}