{"id":1152,"date":"2021-01-08T19:47:45","date_gmt":"2021-01-08T19:47:45","guid":{"rendered":"https:\/\/saglamcatering.az\/?page_id=1152"},"modified":"2021-02-08T05:27:48","modified_gmt":"2021-02-08T05:27:48","slug":"haqqimizda","status":"publish","type":"page","link":"https:\/\/saglamcatering.az\/en\/haqqimizda\/","title":{"rendered":"About us"},"content":{"rendered":"<div data-elementor-type=\"wp-page\" data-elementor-id=\"1152\" class=\"elementor elementor-1152\" data-elementor-settings=\"[]\">\n\t\t\t\t\t\t<div class=\"elementor-inner\">\n\t\t\t\t\t\t\t<div class=\"elementor-section-wrap\">\n\t\t\t\t\t\t\t<section data-particle_enable=\"false\" data-particle-mobile-disabled=\"false\" class=\"elementor-section elementor-top-section elementor-element elementor-element-f220598 elementor-section-full_width elementor-section-height-default elementor-section-height-default\" data-id=\"f220598\" data-element_type=\"section\" data-settings=\"{&quot;background_background&quot;:&quot;classic&quot;}\">\n\t\t\t\t\t\t<div class=\"elementor-container elementor-column-gap-default\">\n\t\t\t\t\t\t\t<div class=\"elementor-row\">\n\t\t\t\t\t<div class=\"elementor-column elementor-col-100 elementor-top-column elementor-element elementor-element-81461c7\" data-id=\"81461c7\" data-element_type=\"column\" data-settings=\"{&quot;background_background&quot;:&quot;classic&quot;}\">\n\t\t\t<div class=\"elementor-column-wrap elementor-element-populated\">\n\t\t\t\t\t<div class=\"elementor-background-overlay\"><\/div>\n\t\t\t\t\t\t\t<div class=\"elementor-widget-wrap\">\n\t\t\t\t\t\t<div class=\"elementor-element elementor-element-b85b4ce elementor-widget elementor-widget-text-editor\" data-id=\"b85b4ce\" data-element_type=\"widget\" data-widget_type=\"text-editor.default\">\n\t\t\t\t<div class=\"elementor-widget-container\">\n\t\t\t\t\t<div class=\"elementor-text-editor elementor-clearfix\"><p>&#8220;<strong>Sa\u011flam Catering&#8221;<\/strong> Company was established in 2017.<\/p><p>&#8220;<strong>Sa\u011flam Catering&#8221;<\/strong> provide organizations, citizens and guests of the country with high-quality services in the following areas:<\/p><ul><li>Corporate catering.<\/li><li>Serving business and entertainment events (buffet service, banquet, reception, coffee break, etc.).<\/li><li class=\" translation-block\">Sale of freshly prepared food: pies and delicacies at retail through the self-named store.   \u201c<strong>Sa\u011flam Catering\u201d<\/strong> will always surprise you with a wide selection and variety of food. The store's couriers will deliver hot meals to your address.<\/li><li>Field kitchen on your site \u2013 is a trending offer.<\/li><\/ul><p>Our mission is to provide people with reasonably priced tasty food of high quality. We use fresh products, adhere to the healthy eating and conscious consumption philosophy, carefully approach each order for mobile service, and create for each client an individual menu developed by highly professional nutritionists. Our food is always varied, balanced in calories and extra delicious.<\/p><p>&#8220;<strong>Sa\u011flam Catering&#8221;<\/strong> has all the necessary equipment and appliances to implement the order of any complexity.<\/p><p>Our vision:<\/p><ul><li>Use only fresh and high-quality products.<\/li><li>Strict adherence to sanitary and hygienic standards in production halls.<\/li><li>Selection of specialists of the highest skill.<\/li><li>Precise adherence to technological processes of cooking.<\/li><li>Delivery of orders on the \"just in time\" principle.<\/li><\/ul><\/div>\n\t\t\t\t<\/div>\n\t\t\t\t<\/div>\n\t\t\t\t\t\t<\/div>\n\t\t\t\t\t<\/div>\n\t\t<\/div>\n\t\t\t\t\t\t\t\t<\/div>\n\t\t\t\t\t<\/div>\n\t\t<\/section>\n\t\t\t\t<section data-particle_enable=\"false\" data-particle-mobile-disabled=\"false\" class=\"elementor-section elementor-top-section elementor-element elementor-element-7429c76 elementor-section-boxed elementor-section-height-default elementor-section-height-default\" data-id=\"7429c76\" data-element_type=\"section\">\n\t\t\t\t\t\t<div class=\"elementor-container elementor-column-gap-default\">\n\t\t\t\t\t\t\t<div class=\"elementor-row\">\n\t\t\t\t\t<div class=\"elementor-column elementor-col-100 elementor-top-column elementor-element elementor-element-e455352\" data-id=\"e455352\" data-element_type=\"column\">\n\t\t\t<div class=\"elementor-column-wrap elementor-element-populated\">\n\t\t\t\t\t\t\t<div class=\"elementor-widget-wrap\">\n\t\t\t\t\t\t<div class=\"elementor-element elementor-element-347c4b4 eael-flip-box--3d eael-flipbox-content-align-center elementor-widget elementor-widget-eael-flip-box\" data-id=\"347c4b4\" data-element_type=\"widget\" data-widget_type=\"eael-flip-box.default\">\n\t\t\t\t<div class=\"elementor-widget-container\">\n\t\t\t\n        <div class=\"eael-elements-flip-box-container eael-animate-flip eael-animate-left eael-content\">\n\n            <div class=\"eael-elements-flip-box-flip-card\">\n                <div class=\"eael-elements-flip-box-front-container\">\n\n                    \n                        <div class=\"eael-elements-slider-display-table\">\n                            <div class=\"eael-elements-flip-box-vertical-align\">\n                                <div class=\"eael-elements-flip-box-padding\">\n                                    <div class=\"eael-elements-flip-box-icon-image\">\n                                                                            <\/div>\n                                    <h2 class=\"eael-elements-flip-box-heading\"><\/h2>\n                                    <div class=\"eael-elements-flip-box-content\">\n                                        <p><p>N\u018fZAK\u018fTL\u0130 X\u0130DM\u018fT H\u018fM\u0130\u015e\u018f \u0130\u015eTAHI ARTIRIR.<\/p><\/p>\n                                    <\/div>\n                                <\/div>\n                            <\/div>\n                        <\/div>\n                                    <\/div>\n\n                <div class=\"eael-elements-flip-box-rear-container\">\n\n                                            <div class=\"eael-elements-slider-display-table\">\n                            <div class=\"eael-elements-flip-box-vertical-align\">\n                                <div class=\"eael-elements-flip-box-padding\">\n                                    \n                                    <h2 class=\"eael-elements-flip-box-heading\"><\/h2>\n                                    <div class=\"eael-elements-flip-box-content\">\n                                        <p><p>Delicious Useful Service<\/p><\/p>\n                                    <\/div>\n\n                                                                    <\/div>\n                            <\/div>\n                        <\/div>\n                                    <\/div>\n            <\/div>\n        <\/div>\n\n\t\t<\/div>\n\t\t\t\t<\/div>\n\t\t\t\t\t\t<\/div>\n\t\t\t\t\t<\/div>\n\t\t<\/div>\n\t\t\t\t\t\t\t\t<\/div>\n\t\t\t\t\t<\/div>\n\t\t<\/section>\n\t\t\t\t<section data-particle_enable=\"false\" data-particle-mobile-disabled=\"false\" class=\"elementor-section elementor-top-section elementor-element elementor-element-b897507 elementor-section-boxed elementor-section-height-default elementor-section-height-default\" data-id=\"b897507\" data-element_type=\"section\">\n\t\t\t\t\t\t<div class=\"elementor-container elementor-column-gap-default\">\n\t\t\t\t\t\t\t<div class=\"elementor-row\">\n\t\t\t\t\t<div class=\"elementor-column elementor-col-100 elementor-top-column elementor-element elementor-element-b161d9b\" data-id=\"b161d9b\" data-element_type=\"column\">\n\t\t\t<div class=\"elementor-column-wrap elementor-element-populated\">\n\t\t\t\t\t\t\t<div class=\"elementor-widget-wrap\">\n\t\t\t\t\t\t<div class=\"elementor-element elementor-element-6f1140c elementor-widget elementor-widget-cristiano_article\" data-id=\"6f1140c\" data-element_type=\"widget\" data-widget_type=\"cristiano_article.default\">\n\t\t\t\t<div class=\"elementor-widget-container\">\n\t\t\t\r\n\t\t<div class=\"center\">\r\n\t\t\t<div class=\"article cols-2 no-margin has-post-thumbnail to-left\">\r\n\t\t\t\t<div class=\"image\"><img width=\"675\" height=\"450\" src=\"https:\/\/saglamcatering.az\/wp-content\/uploads\/2021\/01\/shutterstock_1730614765-675x450.jpg\" class=\"attachment-medium size-medium\" alt=\"\" srcset=\"https:\/\/saglamcatering.az\/wp-content\/uploads\/2021\/01\/shutterstock_1730614765-675x450.jpg 675w, https:\/\/saglamcatering.az\/wp-content\/uploads\/2021\/01\/shutterstock_1730614765-830x553.jpg 830w, https:\/\/saglamcatering.az\/wp-content\/uploads\/2021\/01\/shutterstock_1730614765-370x247.jpg 370w, https:\/\/saglamcatering.az\/wp-content\/uploads\/2021\/01\/shutterstock_1730614765-768x512.jpg 768w, https:\/\/saglamcatering.az\/wp-content\/uploads\/2021\/01\/shutterstock_1730614765-16x12.jpg 16w, https:\/\/saglamcatering.az\/wp-content\/uploads\/2021\/01\/shutterstock_1730614765-420x280.jpg 420w, https:\/\/saglamcatering.az\/wp-content\/uploads\/2021\/01\/shutterstock_1730614765.jpg 1040w\" sizes=\"(max-width: 675px) 100vw, 675px\" \/><\/div>\r\n\t\t\t\t<div class=\"details color-content rwd-padding\">\r\n\t\t\t\t\t<h2 class=\"font-title\"><\/h2>\r\n\t\t\t\t\t<p>We value each customer, so we are ready to offer individual and unique terms of cooperation. Our managers will select the menu, staff, as well as the necessary technical and material resources for your event. If you have your own ideas, we will help you bring them to life.\nWe can develop any menu of dishes and snacks of national and European cuisine. At your request, our chefs will create both original recipes and unique delicacies. If you do not like certain ingredients, we will replace them with preferred ones. For vegetarians or people with food allergies we will develop a separate menu. The only limit for the menu is your wish! You will be satisfied with the original presentation and unique taste of food.<br \/>\n<\/p>\n\t\t\t\t<\/div>\r\n\t\t\t<\/div>\r\n\t\t<\/div>\r\n\r\n\t\t\t\t<\/div>\n\t\t\t\t<\/div>\n\t\t\t\t\t\t<\/div>\n\t\t\t\t\t<\/div>\n\t\t<\/div>\n\t\t\t\t\t\t\t\t<\/div>\n\t\t\t\t\t<\/div>\n\t\t<\/section>\n\t\t\t\t<section data-particle_enable=\"false\" data-particle-mobile-disabled=\"false\" class=\"elementor-section elementor-top-section elementor-element elementor-element-adc266f elementor-section-boxed elementor-section-height-default elementor-section-height-default\" data-id=\"adc266f\" data-element_type=\"section\">\n\t\t\t\t\t\t<div class=\"elementor-container elementor-column-gap-default\">\n\t\t\t\t\t\t\t<div class=\"elementor-row\">\n\t\t\t\t\t<div class=\"elementor-column elementor-col-100 elementor-top-column elementor-element elementor-element-fc01b30\" data-id=\"fc01b30\" data-element_type=\"column\">\n\t\t\t<div class=\"elementor-column-wrap elementor-element-populated\">\n\t\t\t\t\t\t\t<div class=\"elementor-widget-wrap\">\n\t\t\t\t\t\t<div class=\"elementor-element elementor-element-366e68c elementor-headline--style-highlight elementor-widget elementor-widget-animated-headline\" data-id=\"366e68c\" data-element_type=\"widget\" data-settings=\"{&quot;highlighted_text&quot;:&quot;m\\u0259qs\\u0259dimizdir!&quot;,&quot;headline_style&quot;:&quot;highlight&quot;,&quot;marker&quot;:&quot;circle&quot;}\" data-widget_type=\"animated-headline.default\">\n\t\t\t\t<div class=\"elementor-widget-container\">\n\t\t\t\t\t<h3 class=\"elementor-headline\">\n\t\t\t\t\t\t\t<span class=\"elementor-headline-plain-text elementor-headline-text-wrapper\">We strive to meet your expectations, gain your trust and enhance <\/span>\n\t\t\t\t\t\t<span class=\"elementor-headline-dynamic-wrapper elementor-headline-text-wrapper\"><\/span>\n\t\t\t\t\t<\/h3>\n\t\t\t\t<\/div>\n\t\t\t\t<\/div>\n\t\t\t\t\t\t<\/div>\n\t\t\t\t\t<\/div>\n\t\t<\/div>\n\t\t\t\t\t\t\t\t<\/div>\n\t\t\t\t\t<\/div>\n\t\t<\/section>\n\t\t\t\t\t\t<\/div>\n\t\t\t\t\t\t<\/div>\n\t\t\t\t\t<\/div>","protected":false},"excerpt":{"rendered":"<p>&#8220;Sa\u011flam Catering&#8221; \u015firk\u0259ti 2017 &#8211; ci ild\u0259 t\u0259sis edilmi\u015fdir, &#8220;Sa\u011flam Catering&#8221; olaraq t\u0259\u015fkilatlara, v\u0259t\u0259nda\u015flara v\u0259 \u00f6lk\u0259nin qonaqlar\u0131na a\u015fa\u011f\u0131dak\u0131 istiqam\u0259tl\u0259r \u00fczr\u0259 y\u00fcks\u0259k keyfiyy\u0259tli xidm\u0259tl\u0259r g\u00f6st\u0259ririk: Korporativ qidalanma (keyterinq). \u0130\u015fg\u00fczar v\u0259 \u0259yl\u0259nc\u0259li&#8230;<\/p>","protected":false},"author":1,"featured_media":2022,"parent":0,"menu_order":0,"comment_status":"closed","ping_status":"closed","template":"","meta":[],"_links":{"self":[{"href":"https:\/\/saglamcatering.az\/en\/wp-json\/wp\/v2\/pages\/1152"}],"collection":[{"href":"https:\/\/saglamcatering.az\/en\/wp-json\/wp\/v2\/pages"}],"about":[{"href":"https:\/\/saglamcatering.az\/en\/wp-json\/wp\/v2\/types\/page"}],"author":[{"embeddable":true,"href":"https:\/\/saglamcatering.az\/en\/wp-json\/wp\/v2\/users\/1"}],"replies":[{"embeddable":true,"href":"https:\/\/saglamcatering.az\/en\/wp-json\/wp\/v2\/comments?post=1152"}],"version-history":[{"count":80,"href":"https:\/\/saglamcatering.az\/en\/wp-json\/wp\/v2\/pages\/1152\/revisions"}],"predecessor-version":[{"id":2023,"href":"https:\/\/saglamcatering.az\/en\/wp-json\/wp\/v2\/pages\/1152\/revisions\/2023"}],"wp:featuredmedia":[{"embeddable":true,"href":"https:\/\/saglamcatering.az\/en\/wp-json\/wp\/v2\/media\/2022"}],"wp:attachment":[{"href":"https:\/\/saglamcatering.az\/en\/wp-json\/wp\/v2\/media?parent=1152"}],"curies":[{"name":"wp","href":"https:\/\/api.w.org\/{rel}","templated":true}]}}