{"id":1142,"date":"2021-01-08T19:44:41","date_gmt":"2021-01-08T19:44:41","guid":{"rendered":"https:\/\/saglamcatering.az\/?page_id=1142"},"modified":"2021-02-16T06:44:25","modified_gmt":"2021-02-16T06:44:25","slug":"s%c9%99yyar-m%c9%99tb%c9%99x","status":"publish","type":"page","link":"https:\/\/saglamcatering.az\/en\/s%c9%99yyar-m%c9%99tb%c9%99x\/","title":{"rendered":"Field kitchen"},"content":{"rendered":"<div data-elementor-type=\"wp-page\" data-elementor-id=\"1142\" class=\"elementor elementor-1142\" data-elementor-settings=\"[]\">\n\t\t\t\t\t\t<div class=\"elementor-inner\">\n\t\t\t\t\t\t\t<div class=\"elementor-section-wrap\">\n\t\t\t\t\t\t\t<section data-particle_enable=\"false\" data-particle-mobile-disabled=\"false\" class=\"elementor-section elementor-top-section elementor-element elementor-element-9f353b9 elementor-section-boxed elementor-section-height-default elementor-section-height-default\" data-id=\"9f353b9\" data-element_type=\"section\">\n\t\t\t\t\t\t<div class=\"elementor-container elementor-column-gap-default\">\n\t\t\t\t\t\t\t<div class=\"elementor-row\">\n\t\t\t\t\t<div class=\"elementor-column elementor-col-100 elementor-top-column elementor-element elementor-element-a2f18de\" data-id=\"a2f18de\" data-element_type=\"column\">\n\t\t\t<div class=\"elementor-column-wrap elementor-element-populated\">\n\t\t\t\t\t\t\t<div class=\"elementor-widget-wrap\">\n\t\t\t\t\t\t<div class=\"elementor-element elementor-element-54a9d6d elementor-widget elementor-widget-text-editor\" data-id=\"54a9d6d\" data-element_type=\"widget\" data-widget_type=\"text-editor.default\">\n\t\t\t\t<div class=\"elementor-widget-container\">\n\t\t\t\t\t<div class=\"elementor-text-editor elementor-clearfix\"><p>Today field kitchens are the most cost-effective catering solution for public events, holidays and wide-area construction projects. Field kitchen require no power supply network, so it can be used anywhere, in any weather. The kitchen runs by solid and liquid fuel and is designed for work at ambient temperatures from -40\u00b0C to +50\u00b0C. The resource of one field kitchen allows to feed up to 2000 people.<\/p><p>In fact, this type of mobile catering is a vehicle or trailer of a special design with the main function to provide hot food in off-site conditions: outside the city, at remote sites, in places with no access to a stationary stove and other amenities. This is a handy way and saving solution in the absence of stationary kitchens and cafes. The mobile kitchen is completely autonomous and is designed not only for cooking, but also for storing food. As standard, it has three thermos-type boilers, where soup, main dish, and compote are usually cooked. Field kitchen trailer is usually delivered to the site by truck.<\/p><\/div>\n\t\t\t\t<\/div>\n\t\t\t\t<\/div>\n\t\t\t\t\t\t<\/div>\n\t\t\t\t\t<\/div>\n\t\t<\/div>\n\t\t\t\t\t\t\t\t<\/div>\n\t\t\t\t\t<\/div>\n\t\t<\/section>\n\t\t\t\t<section data-particle_enable=\"false\" data-particle-mobile-disabled=\"false\" class=\"elementor-section elementor-top-section elementor-element elementor-element-d9f5528 elementor-section-boxed elementor-section-height-default elementor-section-height-default\" data-id=\"d9f5528\" data-element_type=\"section\">\n\t\t\t\t\t\t<div class=\"elementor-container elementor-column-gap-default\">\n\t\t\t\t\t\t\t<div class=\"elementor-row\">\n\t\t\t\t\t<div class=\"elementor-column elementor-col-100 elementor-top-column elementor-element elementor-element-bbace25\" data-id=\"bbace25\" data-element_type=\"column\">\n\t\t\t<div class=\"elementor-column-wrap elementor-element-populated\">\n\t\t\t\t\t\t\t<div class=\"elementor-widget-wrap\">\n\t\t\t\t\t\t<div class=\"elementor-element elementor-element-6c54b01 elementor-arrows-position-inside elementor-pagination-position-outside elementor-widget elementor-widget-image-carousel\" data-id=\"6c54b01\" data-element_type=\"widget\" data-settings=\"{&quot;navigation&quot;:&quot;both&quot;,&quot;autoplay&quot;:&quot;yes&quot;,&quot;pause_on_hover&quot;:&quot;yes&quot;,&quot;pause_on_interaction&quot;:&quot;yes&quot;,&quot;autoplay_speed&quot;:5000,&quot;infinite&quot;:&quot;yes&quot;,&quot;speed&quot;:500}\" data-widget_type=\"image-carousel.default\">\n\t\t\t\t<div class=\"elementor-widget-container\">\n\t\t\t\t\t<div class=\"elementor-image-carousel-wrapper swiper-container\" dir=\"ltr\">\n\t\t\t<div class=\"elementor-image-carousel swiper-wrapper\">\n\t\t\t\t<div class=\"swiper-slide\"><figure class=\"swiper-slide-inner\"><img class=\"swiper-slide-image\" src=\"https:\/\/saglamcatering.az\/wp-content\/uploads\/2021\/01\/d0-370x247.jpg\" alt=\"d0\" \/><\/figure><\/div><div class=\"swiper-slide\"><figure class=\"swiper-slide-inner\"><img class=\"swiper-slide-image\" src=\"https:\/\/saglamcatering.az\/wp-content\/uploads\/2021\/01\/f836011546cff8c5cb39c6ad58b66c17-370x247.jpg\" alt=\"f836011546cff8c5cb39c6ad58b66c17\" \/><\/figure><\/div><div class=\"swiper-slide\"><figure class=\"swiper-slide-inner\"><img class=\"swiper-slide-image\" src=\"https:\/\/saglamcatering.az\/wp-content\/uploads\/2021\/01\/HTB1Ig7QXzzuK1RjSspeq6ziHVXa5-370x247.jpg\" alt=\"HTB1Ig7QXzzuK1RjSspeq6ziHVXa5\" \/><\/figure><\/div>\t\t\t<\/div>\n\t\t\t\t\t\t\t\t\t\t\t\t<div class=\"swiper-pagination\"><\/div>\n\t\t\t\t\t\t\t\t\t\t\t\t\t<div class=\"elementor-swiper-button elementor-swiper-button-prev\">\n\t\t\t\t\t\t<i class=\"eicon-chevron-left\" aria-hidden=\"true\"><\/i>\n\t\t\t\t\t\t<span class=\"elementor-screen-only\">Previous<\/span>\n\t\t\t\t\t<\/div>\n\t\t\t\t\t<div class=\"elementor-swiper-button elementor-swiper-button-next\">\n\t\t\t\t\t\t<i class=\"eicon-chevron-right\" aria-hidden=\"true\"><\/i>\n\t\t\t\t\t\t<span class=\"elementor-screen-only\">Next<\/span>\n\t\t\t\t\t<\/div>\n\t\t\t\t\t\t\t\t\t<\/div>\n\t\t\t\t<\/div>\n\t\t\t\t<\/div>\n\t\t\t\t\t\t<\/div>\n\t\t\t\t\t<\/div>\n\t\t<\/div>\n\t\t\t\t\t\t\t\t<\/div>\n\t\t\t\t\t<\/div>\n\t\t<\/section>\n\t\t\t\t<section data-particle_enable=\"false\" data-particle-mobile-disabled=\"false\" class=\"elementor-section elementor-top-section elementor-element elementor-element-8cb0aa4 elementor-section-boxed elementor-section-height-default elementor-section-height-default\" data-id=\"8cb0aa4\" data-element_type=\"section\">\n\t\t\t\t\t\t<div class=\"elementor-container elementor-column-gap-default\">\n\t\t\t\t\t\t\t<div class=\"elementor-row\">\n\t\t\t\t\t<div class=\"elementor-column elementor-col-100 elementor-top-column elementor-element elementor-element-666e710\" data-id=\"666e710\" data-element_type=\"column\">\n\t\t\t<div class=\"elementor-column-wrap elementor-element-populated\">\n\t\t\t\t\t\t\t<div class=\"elementor-widget-wrap\">\n\t\t\t\t\t\t<div class=\"elementor-element elementor-element-853a60d elementor-widget elementor-widget-text-editor\" data-id=\"853a60d\" data-element_type=\"widget\" data-widget_type=\"text-editor.default\">\n\t\t\t\t<div class=\"elementor-widget-container\">\n\t\t\t\t\t<div class=\"elementor-text-editor elementor-clearfix\"><p>A field kitchen can serve a variety of purposes. One of them can be a research expedition with the base located far from populated areas, hunting with a large group of friends, or any other large-scale event in nature at any time of the year. Low-maintenance while meeting basic safety rules and instructions for storage and use, this kitchen will help you in difficult food delivery conditions.<\/p><p>Specialists of \u201cSa\u011flam Catering\u201d will think through all the details of a complex organizational process and provide you with everything necessary to get high-quality and nutritious hot food.<\/p><\/div>\n\t\t\t\t<\/div>\n\t\t\t\t<\/div>\n\t\t\t\t\t\t<\/div>\n\t\t\t\t\t<\/div>\n\t\t<\/div>\n\t\t\t\t\t\t\t\t<\/div>\n\t\t\t\t\t<\/div>\n\t\t<\/section>\n\t\t\t\t\t\t<\/div>\n\t\t\t\t\t\t<\/div>\n\t\t\t\t\t<\/div>","protected":false},"excerpt":{"rendered":"<p>Haz\u0131rda s\u0259yyar m\u0259tb\u0259xl\u0259ri k\u00fctl\u0259vi t\u0259dbirl\u0259rd\u0259, bayramlarda v\u0259 qlobal tikintil\u0259rd\u0259 qidalanma \u00fc\u00e7\u00fcn iqtisadi c\u0259h\u0259td\u0259n \u0259n s\u0259rf\u0259li h\u0259ll yoludur. S\u0259yyar m\u0259tb\u0259xin k\u00f6m\u0259yil\u0259 yem\u0259k haz\u0131rlamaq \u00fc\u00e7\u00fcn elektrik \u015f\u0259b\u0259k\u0259sin\u0259 ehtiyac yoxdur, buna g\u00f6r\u0259 d\u0259&#8230;<\/p>","protected":false},"author":1,"featured_media":1382,"parent":0,"menu_order":0,"comment_status":"closed","ping_status":"closed","template":"","meta":[],"_links":{"self":[{"href":"https:\/\/saglamcatering.az\/en\/wp-json\/wp\/v2\/pages\/1142"}],"collection":[{"href":"https:\/\/saglamcatering.az\/en\/wp-json\/wp\/v2\/pages"}],"about":[{"href":"https:\/\/saglamcatering.az\/en\/wp-json\/wp\/v2\/types\/page"}],"author":[{"embeddable":true,"href":"https:\/\/saglamcatering.az\/en\/wp-json\/wp\/v2\/users\/1"}],"replies":[{"embeddable":true,"href":"https:\/\/saglamcatering.az\/en\/wp-json\/wp\/v2\/comments?post=1142"}],"version-history":[{"count":14,"href":"https:\/\/saglamcatering.az\/en\/wp-json\/wp\/v2\/pages\/1142\/revisions"}],"predecessor-version":[{"id":2105,"href":"https:\/\/saglamcatering.az\/en\/wp-json\/wp\/v2\/pages\/1142\/revisions\/2105"}],"wp:featuredmedia":[{"embeddable":true,"href":"https:\/\/saglamcatering.az\/en\/wp-json\/wp\/v2\/media\/1382"}],"wp:attachment":[{"href":"https:\/\/saglamcatering.az\/en\/wp-json\/wp\/v2\/media?parent=1142"}],"curies":[{"name":"wp","href":"https:\/\/api.w.org\/{rel}","templated":true}]}}