{"id":1134,"date":"2021-01-08T19:34:06","date_gmt":"2021-01-08T19:34:06","guid":{"rendered":"https:\/\/saglamcatering.az\/?page_id=1134"},"modified":"2021-04-20T09:36:23","modified_gmt":"2021-04-20T09:36:23","slug":"hazir-yem%c9%99k-magazasi","status":"publish","type":"page","link":"https:\/\/saglamcatering.az\/en\/hazir-yem%c9%99k-magazasi\/","title":{"rendered":"Ready-to-eat food and baked goods store"},"content":{"rendered":"<div data-elementor-type=\"wp-page\" data-elementor-id=\"1134\" class=\"elementor elementor-1134\" data-elementor-settings=\"[]\">\n\t\t\t\t\t\t<div class=\"elementor-inner\">\n\t\t\t\t\t\t\t<div class=\"elementor-section-wrap\">\n\t\t\t\t\t\t\t<section data-particle_enable=\"false\" data-particle-mobile-disabled=\"false\" class=\"elementor-section elementor-top-section elementor-element elementor-element-62f5da0 elementor-section-boxed elementor-section-height-default elementor-section-height-default\" data-id=\"62f5da0\" data-element_type=\"section\">\n\t\t\t\t\t\t<div class=\"elementor-container elementor-column-gap-default\">\n\t\t\t\t\t\t\t<div class=\"elementor-row\">\n\t\t\t\t\t<div class=\"elementor-column elementor-col-100 elementor-top-column elementor-element elementor-element-5bd956c\" data-id=\"5bd956c\" data-element_type=\"column\">\n\t\t\t<div class=\"elementor-column-wrap elementor-element-populated\">\n\t\t\t\t\t\t\t<div class=\"elementor-widget-wrap\">\n\t\t\t\t\t\t<div class=\"elementor-element elementor-element-408110f elementor-widget elementor-widget-text-editor\" data-id=\"408110f\" data-element_type=\"widget\" data-widget_type=\"text-editor.default\">\n\t\t\t\t<div class=\"elementor-widget-container\">\n\t\t\t\t\t<div class=\"elementor-text-editor elementor-clearfix\"><p>The favourable location of the \"Sa\u011flam Catering\" ready-to-eat food and baked goods store, at ..., allows a great number of our clients to use regularly the services of our cooks. Nice, stylish, modern design and decoration of the hall, convenient parking, friendly staff create comfort for visitors and allows them to make a choice easily without spending a lot of time.<\/p><p>At the \"Sa\u011flam Catering\" ready-to-eat food and baked goods store you can also have lunch in a cozy express cafe. You can also get selected tea and fragrant grain or ground coffee here. \"Take away\" or delivery formats, being especially relevant during the pandemic, available here as well.\u00a0<\/p><\/div>\n\t\t\t\t<\/div>\n\t\t\t\t<\/div>\n\t\t\t\t\t\t<\/div>\n\t\t\t\t\t<\/div>\n\t\t<\/div>\n\t\t\t\t\t\t\t\t<\/div>\n\t\t\t\t\t<\/div>\n\t\t<\/section>\n\t\t\t\t<section data-particle_enable=\"false\" data-particle-mobile-disabled=\"false\" class=\"elementor-section elementor-top-section elementor-element elementor-element-26f3e65 elementor-section-boxed elementor-section-height-default elementor-section-height-default\" data-id=\"26f3e65\" data-element_type=\"section\">\n\t\t\t\t\t\t<div class=\"elementor-container elementor-column-gap-default\">\n\t\t\t\t\t\t\t<div class=\"elementor-row\">\n\t\t\t\t\t<div class=\"elementor-column elementor-col-100 elementor-top-column elementor-element elementor-element-d45caf0\" data-id=\"d45caf0\" data-element_type=\"column\">\n\t\t\t<div class=\"elementor-column-wrap elementor-element-populated\">\n\t\t\t\t\t\t\t<div class=\"elementor-widget-wrap\">\n\t\t\t\t\t\t<div class=\"elementor-element elementor-element-82b43ee elementor-arrows-position-inside elementor-pagination-position-outside elementor-widget elementor-widget-image-carousel\" data-id=\"82b43ee\" data-element_type=\"widget\" data-settings=\"{&quot;navigation&quot;:&quot;both&quot;,&quot;autoplay&quot;:&quot;yes&quot;,&quot;pause_on_hover&quot;:&quot;yes&quot;,&quot;pause_on_interaction&quot;:&quot;yes&quot;,&quot;autoplay_speed&quot;:5000,&quot;infinite&quot;:&quot;yes&quot;,&quot;speed&quot;:500}\" data-widget_type=\"image-carousel.default\">\n\t\t\t\t<div class=\"elementor-widget-container\">\n\t\t\t\t\t<div class=\"elementor-image-carousel-wrapper swiper-container\" dir=\"ltr\">\n\t\t\t<div class=\"elementor-image-carousel swiper-wrapper\">\n\t\t\t\t<div class=\"swiper-slide\"><figure class=\"swiper-slide-inner\"><img class=\"swiper-slide-image\" src=\"https:\/\/saglamcatering.az\/wp-content\/uploads\/2021\/02\/1-370x247.jpg\" alt=\"1\" \/><\/figure><\/div><div class=\"swiper-slide\"><figure class=\"swiper-slide-inner\"><img class=\"swiper-slide-image\" src=\"https:\/\/saglamcatering.az\/wp-content\/uploads\/2021\/02\/2-370x247.jpg\" alt=\"2\" \/><\/figure><\/div><div class=\"swiper-slide\"><figure class=\"swiper-slide-inner\"><img class=\"swiper-slide-image\" src=\"https:\/\/saglamcatering.az\/wp-content\/uploads\/2021\/02\/3-370x247.jpg\" alt=\"3\" \/><\/figure><\/div>\t\t\t<\/div>\n\t\t\t\t\t\t\t\t\t\t\t\t<div class=\"swiper-pagination\"><\/div>\n\t\t\t\t\t\t\t\t\t\t\t\t\t<div class=\"elementor-swiper-button elementor-swiper-button-prev\">\n\t\t\t\t\t\t<i class=\"eicon-chevron-left\" aria-hidden=\"true\"><\/i>\n\t\t\t\t\t\t<span class=\"elementor-screen-only\">Previous<\/span>\n\t\t\t\t\t<\/div>\n\t\t\t\t\t<div class=\"elementor-swiper-button elementor-swiper-button-next\">\n\t\t\t\t\t\t<i class=\"eicon-chevron-right\" aria-hidden=\"true\"><\/i>\n\t\t\t\t\t\t<span class=\"elementor-screen-only\">Next<\/span>\n\t\t\t\t\t<\/div>\n\t\t\t\t\t\t\t\t\t<\/div>\n\t\t\t\t<\/div>\n\t\t\t\t<\/div>\n\t\t\t\t\t\t<\/div>\n\t\t\t\t\t<\/div>\n\t\t<\/div>\n\t\t\t\t\t\t\t\t<\/div>\n\t\t\t\t\t<\/div>\n\t\t<\/section>\n\t\t\t\t<section data-particle_enable=\"false\" data-particle-mobile-disabled=\"false\" class=\"elementor-section elementor-top-section elementor-element elementor-element-4c9d36a elementor-section-boxed elementor-section-height-default elementor-section-height-default\" data-id=\"4c9d36a\" data-element_type=\"section\">\n\t\t\t\t\t\t<div class=\"elementor-container elementor-column-gap-default\">\n\t\t\t\t\t\t\t<div class=\"elementor-row\">\n\t\t\t\t\t<div class=\"elementor-column elementor-col-100 elementor-top-column elementor-element elementor-element-47b7351\" data-id=\"47b7351\" data-element_type=\"column\">\n\t\t\t<div class=\"elementor-column-wrap elementor-element-populated\">\n\t\t\t\t\t\t\t<div class=\"elementor-widget-wrap\">\n\t\t\t\t\t\t<div class=\"elementor-element elementor-element-cbb3e58 elementor-widget elementor-widget-text-editor\" data-id=\"cbb3e58\" data-element_type=\"widget\" data-widget_type=\"text-editor.default\">\n\t\t\t\t<div class=\"elementor-widget-container\">\n\t\t\t\t\t<div class=\"elementor-text-editor elementor-clearfix\"><p>The food is chosen for you to have full meal at home or in the office. The range includes traditional food you already love and used to, and many new delicious dishes, pastries, and drinks. Our food is prepared only with natural products rich in vitamins and micronutrient elements. We pay great attention to healthy nutrition, so we avoid flavor boosters and GMO. Meat dishes are prepared using natural meat without substitutes. We also offer a variety of vegetarian dishes, fruits and vegetables.<\/p><p>Our team consists of professionals with many years of experience. They are very detail-oriented in cooking, so you will be satisfied far and away. In addition, our Company specializes in the delivery of ready-to-eat food and our analysts have made it as convenient and profitable for you as possible!<\/p><\/div>\n\t\t\t\t<\/div>\n\t\t\t\t<\/div>\n\t\t\t\t\t\t<\/div>\n\t\t\t\t\t<\/div>\n\t\t<\/div>\n\t\t\t\t\t\t\t\t<\/div>\n\t\t\t\t\t<\/div>\n\t\t<\/section>\n\t\t\t\t\t\t<\/div>\n\t\t\t\t\t\t<\/div>\n\t\t\t\t\t<\/div>","protected":false},"excerpt":{"rendered":"<p>&#8220;Sa\u011flam Catering&#8221; \u015firk\u0259tind\u0259n haz\u0131r yem\u0259k ma\u011fazas\u0131n\u0131n u\u011furlu yerl\u0259\u015fm\u0259si \u00e7oxsayl\u0131 istehlak\u00e7\u0131lar\u0131m\u0131za a\u015fpazlar\u0131m\u0131z\u0131n xidm\u0259tl\u0259rind\u0259n m\u00fcnt\u0259z\u0259m istifad\u0259 etm\u0259y\u0259 imkan verir. Zal\u0131n g\u00f6z\u0259l, d\u0259bli, m\u00fcasir dizayn\u0131 v\u0259 t\u0259rtibat\u0131, rahat avtodayanacaq, g\u00fcl\u0259r\u00fcz hey\u0259t \u2013 b\u00fct\u00fcn&#8230;<\/p>","protected":false},"author":1,"featured_media":2081,"parent":0,"menu_order":0,"comment_status":"closed","ping_status":"closed","template":"","meta":[],"_links":{"self":[{"href":"https:\/\/saglamcatering.az\/en\/wp-json\/wp\/v2\/pages\/1134"}],"collection":[{"href":"https:\/\/saglamcatering.az\/en\/wp-json\/wp\/v2\/pages"}],"about":[{"href":"https:\/\/saglamcatering.az\/en\/wp-json\/wp\/v2\/types\/page"}],"author":[{"embeddable":true,"href":"https:\/\/saglamcatering.az\/en\/wp-json\/wp\/v2\/users\/1"}],"replies":[{"embeddable":true,"href":"https:\/\/saglamcatering.az\/en\/wp-json\/wp\/v2\/comments?post=1134"}],"version-history":[{"count":19,"href":"https:\/\/saglamcatering.az\/en\/wp-json\/wp\/v2\/pages\/1134\/revisions"}],"predecessor-version":[{"id":2122,"href":"https:\/\/saglamcatering.az\/en\/wp-json\/wp\/v2\/pages\/1134\/revisions\/2122"}],"wp:featuredmedia":[{"embeddable":true,"href":"https:\/\/saglamcatering.az\/en\/wp-json\/wp\/v2\/media\/2081"}],"wp:attachment":[{"href":"https:\/\/saglamcatering.az\/en\/wp-json\/wp\/v2\/media?parent=1134"}],"curies":[{"name":"wp","href":"https:\/\/api.w.org\/{rel}","templated":true}]}}