{"id":1117,"date":"2021-01-08T19:22:07","date_gmt":"2021-01-08T19:22:07","guid":{"rendered":"https:\/\/saglamcatering.az\/?page_id=1117"},"modified":"2021-04-20T09:29:45","modified_gmt":"2021-04-20T09:29:45","slug":"korporativ-qidalanma","status":"publish","type":"page","link":"https:\/\/saglamcatering.az\/en\/korporativ-qidalanma\/","title":{"rendered":"Corporate catering"},"content":{"rendered":"<div data-elementor-type=\"wp-page\" data-elementor-id=\"1117\" class=\"elementor elementor-1117\" data-elementor-settings=\"[]\">\n\t\t\t\t\t\t<div class=\"elementor-inner\">\n\t\t\t\t\t\t\t<div class=\"elementor-section-wrap\">\n\t\t\t\t\t\t\t<section data-particle_enable=\"false\" data-particle-mobile-disabled=\"false\" class=\"elementor-section elementor-top-section elementor-element elementor-element-0b4947c elementor-section-boxed elementor-section-height-default elementor-section-height-default\" data-id=\"0b4947c\" data-element_type=\"section\">\n\t\t\t\t\t\t<div class=\"elementor-container elementor-column-gap-default\">\n\t\t\t\t\t\t\t<div class=\"elementor-row\">\n\t\t\t\t\t<div class=\"elementor-column elementor-col-100 elementor-top-column elementor-element elementor-element-f6b9ae6\" data-id=\"f6b9ae6\" data-element_type=\"column\">\n\t\t\t<div class=\"elementor-column-wrap elementor-element-populated\">\n\t\t\t\t\t\t\t<div class=\"elementor-widget-wrap\">\n\t\t\t\t\t\t<div class=\"elementor-element elementor-element-d9ef160 elementor-widget elementor-widget-image\" data-id=\"d9ef160\" data-element_type=\"widget\" data-widget_type=\"image.default\">\n\t\t\t\t<div class=\"elementor-widget-container\">\n\t\t\t\t\t<div class=\"elementor-image\">\n\t\t\t\t\t\t\t\t\t\t<img src=\"https:\/\/saglamcatering.az\/wp-content\/uploads\/elementor\/thumbs\/self-p2h6opmbfcpcvrmlo3722dv961vm4h42iuljahfxmk.jpg\" title=\"self\" alt=\"self\" \/>\t\t\t\t\t\t\t\t\t\t\t<\/div>\n\t\t\t\t<\/div>\n\t\t\t\t<\/div>\n\t\t\t\t\t\t<\/div>\n\t\t\t\t\t<\/div>\n\t\t<\/div>\n\t\t\t\t\t\t\t\t<\/div>\n\t\t\t\t\t<\/div>\n\t\t<\/section>\n\t\t\t\t<section data-particle_enable=\"false\" data-particle-mobile-disabled=\"false\" class=\"elementor-section elementor-top-section elementor-element elementor-element-c8fca90 elementor-section-full_width elementor-section-stretched elementor-section-height-default elementor-section-height-default\" data-id=\"c8fca90\" data-element_type=\"section\" data-settings=\"{&quot;stretch_section&quot;:&quot;section-stretched&quot;,&quot;background_background&quot;:&quot;classic&quot;}\">\n\t\t\t\t\t\t\t<div class=\"elementor-background-overlay\"><\/div>\n\t\t\t\t\t\t\t<div class=\"elementor-container elementor-column-gap-default\">\n\t\t\t\t\t\t\t<div class=\"elementor-row\">\n\t\t\t\t\t<div class=\"elementor-column elementor-col-100 elementor-top-column elementor-element elementor-element-9976005\" data-id=\"9976005\" data-element_type=\"column\">\n\t\t\t<div class=\"elementor-column-wrap elementor-element-populated\">\n\t\t\t\t\t\t\t<div class=\"elementor-widget-wrap\">\n\t\t\t\t\t\t<div class=\"elementor-element elementor-element-8cbf5db elementor-widget elementor-widget-text-editor\" data-id=\"8cbf5db\" data-element_type=\"widget\" data-widget_type=\"text-editor.default\">\n\t\t\t\t<div class=\"elementor-widget-container\">\n\t\t\t\t\t<div class=\"elementor-text-editor elementor-clearfix\"><p>The \"Sa\u011flam Catering\" Company provides corporate catering servCompany provides corporate catering services of the highest quality. We provide our services at manufacturing facilities, business centers, companies\u2019 offices, and educational institutions. Depending on the number of employees, available spaces, and finances, \"Sa\u011flam Catering\" will offer you catering of different types:<\/p><ol><li>On-site service: catering on your territory.<\/li><li>Delivery of ready-made food: portioned food in packages.<\/li><\/ol><p><strong><u>Catering at the enterprise <\/u><\/strong><\/p><p>The service includes equipping the canteen with necessary equipment and furniture, as well as further service (food distribution, room cleaning). You can select one of three formats of catering in the canteen:<\/p><ol><li>Full-service canteen. It implies the organization of a full cycle of cooking \u2013 from the preparation of raw materials to service. It is suitable for industrial enterprises, government agencies, as well as for large companies and business centers.<\/li><li>Final processing canteen. Catering in a limited area. In this case, the preparation of raw materials and products is conducted in the kitchens of \"Sa\u011flam Catering\", then the food is heated and dish out on the client's territory.<\/li><\/ol><\/div>\n\t\t\t\t<\/div>\n\t\t\t\t<\/div>\n\t\t\t\t\t\t<\/div>\n\t\t\t\t\t<\/div>\n\t\t<\/div>\n\t\t\t\t\t\t\t\t<\/div>\n\t\t\t\t\t<\/div>\n\t\t<\/section>\n\t\t\t\t<section data-particle_enable=\"false\" data-particle-mobile-disabled=\"false\" class=\"elementor-section elementor-top-section elementor-element elementor-element-934abaf elementor-section-boxed elementor-section-height-default elementor-section-height-default\" data-id=\"934abaf\" data-element_type=\"section\">\n\t\t\t\t\t\t<div class=\"elementor-container elementor-column-gap-default\">\n\t\t\t\t\t\t\t<div class=\"elementor-row\">\n\t\t\t\t\t<div class=\"elementor-column elementor-col-100 elementor-top-column elementor-element elementor-element-938597a\" data-id=\"938597a\" data-element_type=\"column\">\n\t\t\t<div class=\"elementor-column-wrap elementor-element-populated\">\n\t\t\t\t\t\t\t<div class=\"elementor-widget-wrap\">\n\t\t\t\t\t\t<div class=\"elementor-element elementor-element-4b1d5e9 elementor-arrows-position-inside elementor-pagination-position-outside elementor-widget elementor-widget-image-carousel\" data-id=\"4b1d5e9\" data-element_type=\"widget\" data-settings=\"{&quot;navigation&quot;:&quot;both&quot;,&quot;autoplay&quot;:&quot;yes&quot;,&quot;pause_on_hover&quot;:&quot;yes&quot;,&quot;pause_on_interaction&quot;:&quot;yes&quot;,&quot;autoplay_speed&quot;:5000,&quot;infinite&quot;:&quot;yes&quot;,&quot;speed&quot;:500}\" data-widget_type=\"image-carousel.default\">\n\t\t\t\t<div class=\"elementor-widget-container\">\n\t\t\t\t\t<div class=\"elementor-image-carousel-wrapper swiper-container\" dir=\"ltr\">\n\t\t\t<div class=\"elementor-image-carousel swiper-wrapper\">\n\t\t\t\t<div class=\"swiper-slide\"><figure class=\"swiper-slide-inner\"><img class=\"swiper-slide-image\" src=\"https:\/\/saglamcatering.az\/wp-content\/uploads\/2021\/01\/uer-1-370x247.jpg\" alt=\"\u00fcer\" \/><\/figure><\/div><div class=\"swiper-slide\"><figure class=\"swiper-slide-inner\"><img class=\"swiper-slide-image\" src=\"https:\/\/saglamcatering.az\/wp-content\/uploads\/2021\/01\/take-away-food-with-vegetables-meat-boxes_1303-25004-370x247.jpg\" alt=\"take-away-food-with-vegetables-meat-boxes_1303-25004\" \/><\/figure><\/div><div class=\"swiper-slide\"><figure class=\"swiper-slide-inner\"><img class=\"swiper-slide-image\" src=\"https:\/\/saglamcatering.az\/wp-content\/uploads\/2021\/01\/chicken-rice-bento.jpg\" alt=\"Chicken rice bento\" \/><\/figure><\/div>\t\t\t<\/div>\n\t\t\t\t\t\t\t\t\t\t\t\t<div class=\"swiper-pagination\"><\/div>\n\t\t\t\t\t\t\t\t\t\t\t\t\t<div class=\"elementor-swiper-button elementor-swiper-button-prev\">\n\t\t\t\t\t\t<i class=\"eicon-chevron-left\" aria-hidden=\"true\"><\/i>\n\t\t\t\t\t\t<span class=\"elementor-screen-only\">Previous<\/span>\n\t\t\t\t\t<\/div>\n\t\t\t\t\t<div class=\"elementor-swiper-button elementor-swiper-button-next\">\n\t\t\t\t\t\t<i class=\"eicon-chevron-right\" aria-hidden=\"true\"><\/i>\n\t\t\t\t\t\t<span class=\"elementor-screen-only\">Next<\/span>\n\t\t\t\t\t<\/div>\n\t\t\t\t\t\t\t\t\t<\/div>\n\t\t\t\t<\/div>\n\t\t\t\t<\/div>\n\t\t\t\t\t\t<\/div>\n\t\t\t\t\t<\/div>\n\t\t<\/div>\n\t\t\t\t\t\t\t\t<\/div>\n\t\t\t\t\t<\/div>\n\t\t<\/section>\n\t\t\t\t<section data-particle_enable=\"false\" data-particle-mobile-disabled=\"false\" class=\"elementor-section elementor-top-section elementor-element elementor-element-cc70d5a elementor-section-boxed elementor-section-height-default elementor-section-height-default\" data-id=\"cc70d5a\" data-element_type=\"section\">\n\t\t\t\t\t\t<div class=\"elementor-container elementor-column-gap-default\">\n\t\t\t\t\t\t\t<div class=\"elementor-row\">\n\t\t\t\t\t<div class=\"elementor-column elementor-col-100 elementor-top-column elementor-element elementor-element-c5b4cf9\" data-id=\"c5b4cf9\" data-element_type=\"column\">\n\t\t\t<div class=\"elementor-column-wrap elementor-element-populated\">\n\t\t\t\t\t\t\t<div class=\"elementor-widget-wrap\">\n\t\t\t\t\t\t<div class=\"elementor-element elementor-element-98f1732 elementor-widget elementor-widget-cristiano_article\" data-id=\"98f1732\" data-element_type=\"widget\" data-widget_type=\"cristiano_article.default\">\n\t\t\t\t<div class=\"elementor-widget-container\">\n\t\t\t\r\n\t\t<div class=\"center\">\r\n\t\t\t<div class=\"article cols-2 no-margin has-post-thumbnail to-left\">\r\n\t\t\t\t<div class=\"image\"><img width=\"675\" height=\"376\" src=\"https:\/\/saglamcatering.az\/wp-content\/uploads\/2021\/01\/side-view-buffet-675x376.jpg\" class=\"attachment-medium size-medium\" alt=\"\" srcset=\"https:\/\/saglamcatering.az\/wp-content\/uploads\/2021\/01\/side-view-buffet-675x376.jpg 675w, https:\/\/saglamcatering.az\/wp-content\/uploads\/2021\/01\/side-view-buffet-830x463.jpg 830w, https:\/\/saglamcatering.az\/wp-content\/uploads\/2021\/01\/side-view-buffet-768x428.jpg 768w, https:\/\/saglamcatering.az\/wp-content\/uploads\/2021\/01\/side-view-buffet-1536x856.jpg 1536w, https:\/\/saglamcatering.az\/wp-content\/uploads\/2021\/01\/side-view-buffet-2048x1142.jpg 2048w, https:\/\/saglamcatering.az\/wp-content\/uploads\/2021\/01\/side-view-buffet-16x9.jpg 16w\" sizes=\"(max-width: 675px) 100vw, 675px\" \/><\/div>\r\n\t\t\t\t<div class=\"details color-content rwd-padding\">\r\n\t\t\t\t\t<h2 class=\"font-title\"><\/h2>\r\n\t\t\t\t\t<p>Ready-made portions are usually ordered by small companies with irregular catering for employees and organizations with no free space for canteen equipment.<br \/>\nEvery day, \"Sa\u011flam Catering\" delivers hot and tasty food to commercial organizations, office centers, and government agencies. Our lunches are delivered on time, any time of the day, and always hot (delivered in special sealed thermoboxes). Set meals in convenient individual containers (lunch boxes) includes disposable cutlery (spoon, fork, knife) and soft, flavory bread.<\/p>\n\t\t\t\t<\/div>\r\n\t\t\t<\/div>\r\n\t\t<\/div>\r\n\r\n\t\t\t\t<\/div>\n\t\t\t\t<\/div>\n\t\t\t\t\t\t<\/div>\n\t\t\t\t\t<\/div>\n\t\t<\/div>\n\t\t\t\t\t\t\t\t<\/div>\n\t\t\t\t\t<\/div>\n\t\t<\/section>\n\t\t\t\t\t\t<\/div>\n\t\t\t\t\t\t<\/div>\n\t\t\t\t\t<\/div>","protected":false},"excerpt":{"rendered":"<p>&#8220;Sa\u011flam Catering&#8221; \u015firk\u0259ti korporativ qidalanma xidm\u0259tl\u0259rini \u0259n y\u00fcks\u0259k s\u0259viyy\u0259d\u0259 t\u0259qdim edir. Biz xidm\u0259tl\u0259rimizi istehsal m\u00fc\u0259ssis\u0259l\u0259rind\u0259, biznes m\u0259rk\u0259zl\u0259rind\u0259, \u015firk\u0259tl\u0259rin ofisl\u0259rind\u0259, el\u0259c\u0259 d\u0259 t\u0259hsil m\u00fc\u0259ssis\u0259l\u0259rind\u0259 g\u00f6st\u0259ririk. \u018fm\u0259kda\u015flar\u0131n say\u0131ndan, bo\u015f sah\u0259l\u0259rd\u0259n, h\u0259m\u00e7inin maddi&#8230;<\/p>","protected":false},"author":1,"featured_media":2024,"parent":0,"menu_order":0,"comment_status":"closed","ping_status":"closed","template":"","meta":[],"_links":{"self":[{"href":"https:\/\/saglamcatering.az\/en\/wp-json\/wp\/v2\/pages\/1117"}],"collection":[{"href":"https:\/\/saglamcatering.az\/en\/wp-json\/wp\/v2\/pages"}],"about":[{"href":"https:\/\/saglamcatering.az\/en\/wp-json\/wp\/v2\/types\/page"}],"author":[{"embeddable":true,"href":"https:\/\/saglamcatering.az\/en\/wp-json\/wp\/v2\/users\/1"}],"replies":[{"embeddable":true,"href":"https:\/\/saglamcatering.az\/en\/wp-json\/wp\/v2\/comments?post=1117"}],"version-history":[{"count":87,"href":"https:\/\/saglamcatering.az\/en\/wp-json\/wp\/v2\/pages\/1117\/revisions"}],"predecessor-version":[{"id":2116,"href":"https:\/\/saglamcatering.az\/en\/wp-json\/wp\/v2\/pages\/1117\/revisions\/2116"}],"wp:featuredmedia":[{"embeddable":true,"href":"https:\/\/saglamcatering.az\/en\/wp-json\/wp\/v2\/media\/2024"}],"wp:attachment":[{"href":"https:\/\/saglamcatering.az\/en\/wp-json\/wp\/v2\/media?parent=1117"}],"curies":[{"name":"wp","href":"https:\/\/api.w.org\/{rel}","templated":true}]}}